{"id":2168,"date":"2023-11-06T11:47:53","date_gmt":"2023-11-06T16:47:53","guid":{"rendered":"https:\/\/ochu.on.ca\/politique-de-confidentialite\/"},"modified":"2024-01-31T07:04:12","modified_gmt":"2024-01-31T12:04:12","slug":"politique-de-confidentialite","status":"publish","type":"page","link":"https:\/\/ochu.on.ca\/fr\/politique-de-confidentialite\/","title":{"rendered":"POLITIQUE DE CONFIDENTIALIT\u00c9"},"content":{"rendered":"<p>[et_pb_section fb_built=\u00a0\u00bb1&Prime; fullwidth=\u00a0\u00bbon\u00a0\u00bb _builder_version=\u00a0\u00bb4.23&Prime; _module_preset=\u00a0\u00bbdefault\u00a0\u00bb global_colors_info=\u00a0\u00bb{}\u00a0\u00bb][et_pb_fullwidth_header title=\u00a0\u00bbPOLITIQUE DE CONFIDENTIALIT\u00c9\u00a0\u00bb _builder_version=\u00a0\u00bb4.23&Prime; _module_preset=\u00a0\u00bbdefault\u00a0\u00bb title_font_size=\u00a0\u00bb75px\u00a0\u00bb background_color=\u00a0\u00bb#C6006F\u00a0\u00bb title_font_size_tablet=\u00a0\u00bb60px\u00a0\u00bb title_font_size_phone=\u00a0\u00bb60px\u00a0\u00bb title_font_size_last_edited=\u00a0\u00bbon|phone\u00a0\u00bb global_colors_info=\u00a0\u00bb{}\u00a0\u00bb][\/et_pb_fullwidth_header][\/et_pb_section][et_pb_section fb_built=\u00a0\u00bb1&Prime; admin_label=\u00a0\u00bbDetails\u00a0\u00bb _builder_version=\u00a0\u00bb4.18.0&Prime; _module_preset=\u00a0\u00bbdefault\u00a0\u00bb global_colors_info=\u00a0\u00bb{}\u00a0\u00bb][et_pb_row _builder_version=\u00a0\u00bb4.23&Prime; _module_preset=\u00a0\u00bbdefault\u00a0\u00bb background_color=\u00a0\u00bbRGBA(255,255,255,0)\u00a0\u00bb custom_padding=\u00a0\u00bb0px||||false|false\u00a0\u00bb hover_enabled=\u00a0\u00bb0&Prime; global_colors_info=\u00a0\u00bb{}\u00a0\u00bb sticky_enabled=\u00a0\u00bb0&Prime;][et_pb_column type=\u00a0\u00bb4_4&Prime; _builder_version=\u00a0\u00bb4.23&Prime; _module_preset=\u00a0\u00bbdefault\u00a0\u00bb background_color=\u00a0\u00bbRGBA(255,255,255,0)\u00a0\u00bb custom_padding=\u00a0\u00bb40px|0px|40px|0px|true|true\u00a0\u00bb hover_enabled=\u00a0\u00bb0&Prime; global_colors_info=\u00a0\u00bb{}\u00a0\u00bb sticky_enabled=\u00a0\u00bb0&Prime;][et_pb_text _builder_version=\u00a0\u00bb4.23&Prime; _module_preset=\u00a0\u00bb1f09816e-184e-4ce5-a4cf-b39c52c423ca\u00a0\u00bb text_font=\u00a0\u00bbOpen Sans||||||||\u00a0\u00bb text_text_color=\u00a0\u00bb#000000&Prime; text_font_size=\u00a0\u00bb16px\u00a0\u00bb text_line_height=\u00a0\u00bb1.8em\u00a0\u00bb link_font=\u00a0\u00bb||||on||||\u00a0\u00bb width=\u00a0\u00bb100%\u00a0\u00bb width_tablet=\u00a0\u00bb80%\u00a0\u00bb width_phone=\u00a0\u00bb80%\u00a0\u00bb width_last_edited=\u00a0\u00bboff|tablet\u00a0\u00bb custom_margin=\u00a0\u00bb||||false|false\u00a0\u00bb text_font_size_tablet=\u00a0\u00bb15px\u00a0\u00bb text_font_size_phone=\u00a0\u00bb14px\u00a0\u00bb text_font_size_last_edited=\u00a0\u00bbon|phone\u00a0\u00bb header_font_size_tablet=\u00a0\u00bb55px\u00a0\u00bb header_font_size_last_edited=\u00a0\u00bboff|desktop\u00a0\u00bb locked=\u00a0\u00bboff\u00a0\u00bb global_colors_info=\u00a0\u00bb{}\u00a0\u00bb]<\/p>\n<p>Pour g\u00e9rer nos services en ligne, tels que le courrier \u00e9lectronique, l\u2019h\u00e9bergement et les campagnes en ligne, nous devons pouvoir v\u00e9rifier que nos utilisateur(-trice)s sont bien ceux (celles) qu\u2019ils (elles) pr\u00e9tendent \u00eatre. Cela signifie qu\u2019il faut collecter des informations personnelles telles que les noms, les codes postaux et les num\u00e9ros de t\u00e9l\u00e9phone.<\/p>\n<p>Nous savons qu\u2019il s\u2019agit d\u2019informations importantes et personnelles et nous reconnaissons la responsabilit\u00e9 qui en d\u00e9coule. Nous prenons votre vie priv\u00e9e au s\u00e9rieux.<\/p>\n<p>Nous ne vendrons, n\u2019\u00e9changerons, ne louerons, ni ne donnerons jamais les informations que vous nous communiquez.<\/p>\n<p>Nous honorons toutes les demandes de d\u00e9sinscription, qu\u2019elles soient automatiques ou envoy\u00e9es par courriel \u00e0 l\u2019adresse suivante <a href=\"mailto:admin@ochu.on.ca\">admin@ochu.on.ca<\/a>.<\/p>\n<p>Aucun de nos services interactifs n\u2019affiche publiquement votre adresse courriel.<\/p>\n<p>Lorsque vous participez \u00e0 nos actions en ligne, nous recueillons votre adresse courriel et la conservons en toute s\u00e9curit\u00e9.<\/p>\n<p>Nous vous contacterons au sujet des initiatives du SCFP, ainsi que des campagnes de justice sociale et d\u2019action politique.<\/p>\n<p>Pour faire supprimer vos donn\u00e9es, \u00e9crivez \u00e0 l\u2019adresse <a href=\"mailto:admin@ochu.on.ca\">admin@ochu.on.ca<\/a>.<\/p>\n<p>[\/et_pb_text][\/et_pb_column][\/et_pb_row][\/et_pb_section]<\/p>\n","protected":false},"excerpt":{"rendered":"<p>Pour g\u00e9rer nos services en ligne, tels que le courrier \u00e9lectronique, l\u2019h\u00e9bergement et les campagnes en ligne, nous devons pouvoir v\u00e9rifier que nos utilisateur(-trice)s sont bien ceux (celles) qu\u2019ils (elles) [&hellip;]<\/p>\n","protected":false},"author":2,"featured_media":0,"parent":0,"menu_order":0,"comment_status":"closed","ping_status":"closed","template":"","meta":{"_et_pb_use_builder":"on","_et_pb_old_content":"","_et_gb_content_width":"","_monsterinsights_skip_tracking":false,"_monsterinsights_sitenote_active":false,"_monsterinsights_sitenote_note":"","_monsterinsights_sitenote_category":0,"footnotes":""},"class_list":["post-2168","page","type-page","status-publish","hentry"],"_links":{"self":[{"href":"https:\/\/ochu.on.ca\/fr\/wp-json\/wp\/v2\/pages\/2168","targetHints":{"allow":["GET"]}}],"collection":[{"href":"https:\/\/ochu.on.ca\/fr\/wp-json\/wp\/v2\/pages"}],"about":[{"href":"https:\/\/ochu.on.ca\/fr\/wp-json\/wp\/v2\/types\/page"}],"author":[{"embeddable":true,"href":"https:\/\/ochu.on.ca\/fr\/wp-json\/wp\/v2\/users\/2"}],"replies":[{"embeddable":true,"href":"https:\/\/ochu.on.ca\/fr\/wp-json\/wp\/v2\/comments?post=2168"}],"version-history":[{"count":2,"href":"https:\/\/ochu.on.ca\/fr\/wp-json\/wp\/v2\/pages\/2168\/revisions"}],"predecessor-version":[{"id":2170,"href":"https:\/\/ochu.on.ca\/fr\/wp-json\/wp\/v2\/pages\/2168\/revisions\/2170"}],"wp:attachment":[{"href":"https:\/\/ochu.on.ca\/fr\/wp-json\/wp\/v2\/media?parent=2168"}],"curies":[{"name":"wp","href":"https:\/\/api.w.org\/{rel}","templated":true}]}}