{"id":2210,"date":"2023-11-07T13:18:31","date_gmt":"2023-11-07T18:18:31","guid":{"rendered":"https:\/\/ochu.on.ca\/apercu\/"},"modified":"2024-12-10T13:08:11","modified_gmt":"2024-12-10T18:08:11","slug":"apercu","status":"publish","type":"page","link":"https:\/\/ochu.on.ca\/fr\/apercu\/","title":{"rendered":"APER\u00c7U"},"content":{"rendered":"<p>[et_pb_section fb_built=\u00a0\u00bb1&Prime; admin_label=\u00a0\u00bbHeader\u00a0\u00bb _builder_version=\u00a0\u00bb4.23.1&Prime; _module_preset=\u00a0\u00bbdefault\u00a0\u00bb background_color=\u00a0\u00bb#000000&Prime; background_image=\u00a0\u00bbhttps:\/\/ochu.on.ca\/wp-content\/uploads\/2023\/12\/Rally-Banner-Image-3.jpg\u00a0\u00bb background_size=\u00a0\u00bbcustom\u00a0\u00bb background_image_width=\u00a0\u00bb55%\u00a0\u00bb background_position=\u00a0\u00bbcenter_right\u00a0\u00bb background_last_edited=\u00a0\u00bbon|phone\u00a0\u00bb background_size_tablet=\u00a0\u00bbcover\u00a0\u00bb background_image_width_phone=\u00a0\u00bb90%\u00a0\u00bb background_position_tablet=\u00a0\u00bbcenter\u00a0\u00bb overflow-x_tablet=\u00a0\u00bb\u00a0\u00bb overflow-x_phone=\u00a0\u00bbhidden\u00a0\u00bb overflow-x_last_edited=\u00a0\u00bbon|phone\u00a0\u00bb overflow-y_tablet=\u00a0\u00bb\u00a0\u00bb overflow-y_phone=\u00a0\u00bbhidden\u00a0\u00bb overflow-y_last_edited=\u00a0\u00bbon|phone\u00a0\u00bb collapsed=\u00a0\u00bboff\u00a0\u00bb global_colors_info=\u00a0\u00bb{}\u00a0\u00bb][et_pb_row column_structure=\u00a0\u00bb2_3,1_3&Prime; use_custom_gutter=\u00a0\u00bbon\u00a0\u00bb gutter_width=\u00a0\u00bb1&Prime; _builder_version=\u00a0\u00bb4.23&Prime; _module_preset=\u00a0\u00bbdefault\u00a0\u00bb custom_margin=\u00a0\u00bb||||false|false\u00a0\u00bb custom_margin_tablet=\u00a0\u00bb20%||||false|false\u00a0\u00bb custom_margin_phone=\u00a0\u00bb30%||||false|false\u00a0\u00bb custom_margin_last_edited=\u00a0\u00bbon|desktop\u00a0\u00bb global_colors_info=\u00a0\u00bb{}\u00a0\u00bb][et_pb_column type=\u00a0\u00bb2_3&Prime; _builder_version=\u00a0\u00bb4.23&Prime; _module_preset=\u00a0\u00bbdefault\u00a0\u00bb background_color=\u00a0\u00bb#C6006F\u00a0\u00bb custom_padding=\u00a0\u00bb50px|50px|50px|50px|true|true\u00a0\u00bb custom_padding_tablet=\u00a0\u00bb30px|30px|30px|30px|true|true\u00a0\u00bb custom_padding_phone=\u00a0\u00bb20px|20px|20px|20px|true|true\u00a0\u00bb custom_padding_last_edited=\u00a0\u00bbon|desktop\u00a0\u00bb animation_style=\u00a0\u00bbslide\u00a0\u00bb animation_direction=\u00a0\u00bbleft\u00a0\u00bb animation_intensity_slide=\u00a0\u00bb5%\u00a0\u00bb global_colors_info=\u00a0\u00bb{}\u00a0\u00bb][et_pb_text _builder_version=\u00a0\u00bb4.23&Prime; _module_preset=\u00a0\u00bbe6504a1b-67eb-4b3d-b023-bcab277610b6&Prime; header_4_font=\u00a0\u00bbMontserrat|700||on|||||\u00a0\u00bb header_4_text_color=\u00a0\u00bb#FFFFFF\u00a0\u00bb header_4_font_size=\u00a0\u00bb14px\u00a0\u00bb header_4_line_height=\u00a0\u00bb1.5em\u00a0\u00bb custom_margin=\u00a0\u00bb||0px||false|false\u00a0\u00bb global_colors_info=\u00a0\u00bb{}\u00a0\u00bb]<\/p>\n<h4>CE QUE NOUS FAISONS<\/h4>\n<p>[\/et_pb_text][et_pb_text _builder_version=\u00a0\u00bb4.23&Prime; _module_preset=\u00a0\u00bbc16985e1-e0d6-4022-964d-e2bfc04fa633&Prime; text_text_color=\u00a0\u00bb#ffffff\u00a0\u00bb text_font_size=\u00a0\u00bb18px\u00a0\u00bb text_line_height=\u00a0\u00bb1.5em\u00a0\u00bb header_font=\u00a0\u00bbTeko||||||||\u00a0\u00bb header_text_color=\u00a0\u00bb#FFFFFF\u00a0\u00bb header_font_size=\u00a0\u00bb75px\u00a0\u00bb header_line_height=\u00a0\u00bb1.1em\u00a0\u00bb header_font_size_tablet=\u00a0\u00bb60px\u00a0\u00bb header_font_size_phone=\u00a0\u00bb60px\u00a0\u00bb header_font_size_last_edited=\u00a0\u00bbon|desktop\u00a0\u00bb global_colors_info=\u00a0\u00bb{}\u00a0\u00bb]<\/p>\n<h1>APER\u00c7U<\/h1>\n<p>[\/et_pb_text][et_pb_text disabled_on=\u00a0\u00bbon|on|on\u00a0\u00bb _builder_version=\u00a0\u00bb4.23&Prime; _module_preset=\u00a0\u00bb518880c8-46c7-4ffa-b5a6-93ffa99dcc17&Prime; text_font=\u00a0\u00bbOpen Sans||||||||\u00a0\u00bb text_text_color=\u00a0\u00bb#FFFFFF\u00a0\u00bb text_font_size=\u00a0\u00bb18px\u00a0\u00bb text_line_height=\u00a0\u00bb1.6em\u00a0\u00bb link_text_color=\u00a0\u00bb#7090AE\u00a0\u00bb text_font_size_tablet=\u00a0\u00bb16px\u00a0\u00bb text_font_size_phone=\u00a0\u00bb14px\u00a0\u00bb text_font_size_last_edited=\u00a0\u00bbon|phone\u00a0\u00bb disabled=\u00a0\u00bbon\u00a0\u00bb global_colors_info=\u00a0\u00bb{}\u00a0\u00bb]En plus de son r\u00f4le essentiel dans les n\u00e9gociations pour les membres du secteur des soins de sant\u00e9 du SCFP, le CSHO fournit de nombreux autres services importants.[\/et_pb_text][\/et_pb_column][et_pb_column type=\u00a0\u00bb1_3&Prime; _builder_version=\u00a0\u00bb4.23&Prime; _module_preset=\u00a0\u00bbdefault\u00a0\u00bb global_colors_info=\u00a0\u00bb{}\u00a0\u00bb][\/et_pb_column][\/et_pb_row][\/et_pb_section][et_pb_section fb_built=\u00a0\u00bb1&Prime; make_equal=\u00a0\u00bbon\u00a0\u00bb specialty=\u00a0\u00bbon\u00a0\u00bb padding_top_2=\u00a0\u00bb50px\u00a0\u00bb padding_bottom_2=\u00a0\u00bb50px\u00a0\u00bb padding_top_bottom_link_1=\u00a0\u00bbfalse\u00a0\u00bb padding_top_bottom_link_2=\u00a0\u00bbtrue\u00a0\u00bb padding_left_right_link_1=\u00a0\u00bbfalse\u00a0\u00bb padding_left_right_link_2=\u00a0\u00bbfalse\u00a0\u00bb custom_css_main_1=\u00a0\u00bbmargin:auto;||\u00a0\u00bb admin_label=\u00a0\u00bbServices\u00a0\u00bb _builder_version=\u00a0\u00bb4.23&Prime; _module_preset=\u00a0\u00bbdefault\u00a0\u00bb background_color=\u00a0\u00bb#eaeaea\u00a0\u00bb use_background_color_gradient=\u00a0\u00bbon\u00a0\u00bb background_color_gradient_direction=\u00a0\u00bb270deg\u00a0\u00bb background_color_gradient_stops=\u00a0\u00bb#000000 40%|#eaeaea 40%\u00a0\u00bb background_enable_image=\u00a0\u00bboff\u00a0\u00bb custom_margin=\u00a0\u00bb||||false|false\u00a0\u00bb background_last_edited=\u00a0\u00bbon|desktop\u00a0\u00bb background_color_gradient_direction_tablet=\u00a0\u00bb180deg\u00a0\u00bb locked=\u00a0\u00bboff\u00a0\u00bb collapsed=\u00a0\u00bboff\u00a0\u00bb global_colors_info=\u00a0\u00bb{}\u00a0\u00bb][et_pb_column type=\u00a0\u00bb1_3&Prime; _builder_version=\u00a0\u00bb4.16&Prime; custom_padding=\u00a0\u00bb|||\u00a0\u00bb global_colors_info=\u00a0\u00bb{}\u00a0\u00bb custom_padding__hover=\u00a0\u00bb|||\u00a0\u00bb][et_pb_text _builder_version=\u00a0\u00bb4.23.1&Prime; _module_preset=\u00a0\u00bbb327cbe4-b1d5-4b66-ad37-40c8f2f061ba\u00a0\u00bb link_font=\u00a0\u00bb|||on|on||||\u00a0\u00bb header_2_font=\u00a0\u00bbTeko|300|||||||\u00a0\u00bb header_2_text_color=\u00a0\u00bb#C6006F\u00a0\u00bb header_2_font_size=\u00a0\u00bb29px\u00a0\u00bb header_2_line_height=\u00a0\u00bb1.35em\u00a0\u00bb text_text_color_tablet=\u00a0\u00bb#FFFFFF\u00a0\u00bb text_text_color_phone=\u00a0\u00bb#FFFFFF\u00a0\u00bb text_text_color_last_edited=\u00a0\u00bbon|tablet\u00a0\u00bb header_2_text_color_tablet=\u00a0\u00bb#FFFFFF\u00a0\u00bb header_2_text_color_phone=\u00a0\u00bb#FFFFFF\u00a0\u00bb header_2_text_color_last_edited=\u00a0\u00bbon|tablet\u00a0\u00bb header_2_font_size_tablet=\u00a0\u00bb32px\u00a0\u00bb header_2_font_size_phone=\u00a0\u00bb30px\u00a0\u00bb header_2_font_size_last_edited=\u00a0\u00bbon|desktop\u00a0\u00bb global_colors_info=\u00a0\u00bb{}\u00a0\u00bb]<\/p>\n<h2>En plus de son r\u00f4le essentiel dans les <a href=\"#\">n\u00e9gociations<\/a> pour les membres du secteur des soins de sant\u00e9 du SCFP, le CSHO fournit de nombreux autres services importants. Pour en savoir plus, voir ci-dessous.<\/h2>\n<p>[\/et_pb_text][\/et_pb_column][et_pb_column type=\u00a0\u00bb2_3&Prime; specialty_columns=\u00a0\u00bb2&Prime; _builder_version=\u00a0\u00bb4.16&Prime; custom_padding=\u00a0\u00bb|||\u00a0\u00bb global_colors_info=\u00a0\u00bb{}\u00a0\u00bb custom_padding__hover=\u00a0\u00bb|||\u00a0\u00bb][et_pb_row_inner column_structure=\u00a0\u00bb1_2,1_2&Prime; make_equal=\u00a0\u00bbon\u00a0\u00bb custom_padding_last_edited=\u00a0\u00bbon|desktop\u00a0\u00bb _builder_version=\u00a0\u00bb4.23&Prime; _module_preset=\u00a0\u00bbdefault\u00a0\u00bb background_color=\u00a0\u00bb#FFFFFF\u00a0\u00bb custom_margin=\u00a0\u00bb||0px||false|false\u00a0\u00bb custom_padding=\u00a0\u00bb60px|60px|60px|60px|true|true\u00a0\u00bb custom_padding_tablet=\u00a0\u00bb30px|30px||30px|false|true\u00a0\u00bb custom_padding_phone=\u00a0\u00bb20px|20px||20px|false|true\u00a0\u00bb box_shadow_style=\u00a0\u00bbpreset1&Prime; box_shadow_vertical=\u00a0\u00bb22px\u00a0\u00bb box_shadow_color=\u00a0\u00bbrgba(0,0,0,0.1)\u00a0\u00bb global_colors_info=\u00a0\u00bb{}\u00a0\u00bb][et_pb_column_inner type=\u00a0\u00bb1_2&Prime; saved_specialty_column_type=\u00a0\u00bb2_3&Prime; _builder_version=\u00a0\u00bb4.18.0&Prime; _module_preset=\u00a0\u00bbdefault\u00a0\u00bb global_colors_info=\u00a0\u00bb{}\u00a0\u00bb][et_pb_text _builder_version=\u00a0\u00bb4.23&Prime; _module_preset=\u00a0\u00bbdefault\u00a0\u00bb custom_margin=\u00a0\u00bb||3%||false|false\u00a0\u00bb global_colors_info=\u00a0\u00bb{}\u00a0\u00bb]<\/p>\n<p style=\"text-align: left; color: #c6006f; font-size: 50px;\"><i class=\"fa-sharp fa-light fa-burst\"><\/i><\/p>\n<p>[\/et_pb_text][et_pb_text _builder_version=\u00a0\u00bb4.23.1&Prime; _module_preset=\u00a0\u00bbdefault\u00a0\u00bb link_font=\u00a0\u00bb|700|||on||||\u00a0\u00bb link_text_color=\u00a0\u00bb#C6006F\u00a0\u00bb global_colors_info=\u00a0\u00bb{}\u00a0\u00bb]<\/p>\n<p><a href=\"https:\/\/ochu.on.ca\/fr\/violence\/\">La violence<\/a> \u00e0 l\u2019encontre du personnel de sant\u00e9 est importante et continue. D\u00e9couvrez comment le CSHO se bat pour mettre fin \u00e0 cette violence en travaillant avec les chercheur(-euse)s, les d\u00e9cideur(-euse)s politiques, la direction et les membres.<\/p>\n<p>[\/et_pb_text][et_pb_text _builder_version=\u00a0\u00bb4.23&Prime; _module_preset=\u00a0\u00bbdefault\u00a0\u00bb custom_margin=\u00a0\u00bb||3%||false|false\u00a0\u00bb global_colors_info=\u00a0\u00bb{}\u00a0\u00bb]<\/p>\n<p style=\"text-align: left; color: red; font-size: 50px;color: #c6006f\"><i class=\"fa-light fa-user-doctor\"><\/i><\/p>\n<p>[\/et_pb_text][et_pb_text _builder_version=\u00a0\u00bb4.23.1&Prime; _module_preset=\u00a0\u00bbdefault\u00a0\u00bb link_font=\u00a0\u00bb|700|||on||||\u00a0\u00bb link_text_color=\u00a0\u00bb#C6006F\u00a0\u00bb hover_enabled=\u00a0\u00bb0&Prime; global_colors_info=\u00a0\u00bb{}\u00a0\u00bb sticky_enabled=\u00a0\u00bb0&Prime;]<\/p>\n<p><a href=\"https:\/\/ochu.on.ca\/fr\/soins-infirmiers\/\">Les infirmier(-i\u00e8re)s auxiliaires autoris\u00e9(e)s<\/a> peuvent avoir acc\u00e8s \u00e0 l\u2019assurance responsabilit\u00e9 professionnelle et \u00e0 d\u2019autres informations pertinentes.<\/p>\n<p>[\/et_pb_text][et_pb_text _builder_version=\u00a0\u00bb4.23&Prime; _module_preset=\u00a0\u00bbdefault\u00a0\u00bb custom_margin=\u00a0\u00bb||3%||false|false\u00a0\u00bb custom_padding=\u00a0\u00bb||||false|false\u00a0\u00bb global_colors_info=\u00a0\u00bb{}\u00a0\u00bb]<\/p>\n<p style=\"text-align: left; color: red; font-size: 50px;color: #c6006f\"><i class=\"fa-light fa-square-h\"><\/i><\/p>\n<p>[\/et_pb_text][et_pb_text _builder_version=\u00a0\u00bb4.23.1&Prime; _module_preset=\u00a0\u00bbdefault\u00a0\u00bb link_font=\u00a0\u00bb|700|||on||||\u00a0\u00bb link_text_color=\u00a0\u00bb#C6006F\u00a0\u00bb hover_enabled=\u00a0\u00bb0&Prime; global_colors_info=\u00a0\u00bb{}\u00a0\u00bb sticky_enabled=\u00a0\u00bb0&Prime;]<\/p>\n<p>D\u00e9couvrez comment les membres du CSHO du SCFP peuvent s\u2019inscrire au <a href=\"https:\/\/ochu.on.ca\/fr\/hoopp\/\">Healthcare of Ontario Pension Plan<\/a> (HOOPP).<\/p>\n<p>[\/et_pb_text][\/et_pb_column_inner][et_pb_column_inner type=\u00a0\u00bb1_2&Prime; saved_specialty_column_type=\u00a0\u00bb2_3&Prime; _builder_version=\u00a0\u00bb4.18.0&Prime; _module_preset=\u00a0\u00bbdefault\u00a0\u00bb global_colors_info=\u00a0\u00bb{}\u00a0\u00bb][et_pb_text _builder_version=\u00a0\u00bb4.23&Prime; _module_preset=\u00a0\u00bbdefault\u00a0\u00bb custom_margin=\u00a0\u00bb||3%||false|false\u00a0\u00bb global_colors_info=\u00a0\u00bb{}\u00a0\u00bb]<\/p>\n<p style=\"text-align: left; color: red; font-size: 50px;color: #c6006f\"><i class=\"fa-light fa-scale-balanced\"><\/i><\/p>\n<p>[\/et_pb_text][et_pb_text _builder_version=\u00a0\u00bb4.23.1&Prime; _module_preset=\u00a0\u00bbdefault\u00a0\u00bb link_font=\u00a0\u00bb|700|||on||||\u00a0\u00bb link_text_color=\u00a0\u00bb#C6006F\u00a0\u00bb hover_enabled=\u00a0\u00bb0&Prime; global_colors_info=\u00a0\u00bb{}\u00a0\u00bb sticky_enabled=\u00a0\u00bb0&Prime;]<\/p>\n<p>D\u00e9couvrez comment le CSHO peut vous aider dans les questions <a href=\"https:\/\/ochu.on.ca\/fr\/arbitrage-et-griefs\/\">d\u2019arbitrage et de griefs<\/a> ainsi que pour les r\u00e9clamations aupr\u00e8s de la <a href=\"https:\/\/ochu.on.ca\/fr\/wsib\/\">WSIB<\/a>.<\/p>\n<p>[\/et_pb_text][et_pb_text _builder_version=\u00a0\u00bb4.23&Prime; _module_preset=\u00a0\u00bbdefault\u00a0\u00bb custom_margin=\u00a0\u00bb||3%||false|false\u00a0\u00bb global_colors_info=\u00a0\u00bb{}\u00a0\u00bb]<\/p>\n<p style=\"text-align: left; color: red; font-size: 50px;color: #c6006f\"><i class=\"fa-light fa-trophy\"><\/i><\/p>\n<p>[\/et_pb_text][et_pb_text _builder_version=\u00a0\u00bb4.23.1&Prime; _module_preset=\u00a0\u00bbdefault\u00a0\u00bb link_font=\u00a0\u00bb|700|||on||||\u00a0\u00bb link_text_color=\u00a0\u00bb#C6006F\u00a0\u00bb hover_enabled=\u00a0\u00bb0&Prime; global_colors_info=\u00a0\u00bb{}\u00a0\u00bb sticky_enabled=\u00a0\u00bb0&Prime;]<\/p>\n<p>Le CSHO reconna\u00eet les membres exceptionnel(le)s par le biais des <a href=\"https:\/\/ochu.on.ca\/fr\/prix-decernes-aux-membres\/\">prix annuels<\/a>. Vous pouvez proposer la candidature de vos coll\u00e8gues pour leur donner la chance de gagner l\u2019un de ces prix.<\/p>\n<p>[\/et_pb_text][et_pb_text _builder_version=\u00a0\u00bb4.23&Prime; _module_preset=\u00a0\u00bbdefault\u00a0\u00bb custom_margin=\u00a0\u00bb||3%||false|false\u00a0\u00bb custom_padding=\u00a0\u00bb||||false|false\u00a0\u00bb global_colors_info=\u00a0\u00bb{}\u00a0\u00bb]<\/p>\n<p style=\"text-align: left; color: #c6006f; font-size: 50px;\"><i class=\"fa-light fa-file-spreadsheet\"><\/i><\/p>\n<p>[\/et_pb_text][et_pb_text _builder_version=\u00a0\u00bb4.23.1&Prime; _module_preset=\u00a0\u00bbdefault\u00a0\u00bb link_font=\u00a0\u00bb|700|||on||||\u00a0\u00bb link_text_color=\u00a0\u00bb#C6006F\u00a0\u00bb hover_enabled=\u00a0\u00bb0&Prime; global_colors_info=\u00a0\u00bb{}\u00a0\u00bb sticky_enabled=\u00a0\u00bb0&Prime;]<\/p>\n<p>Les sections locales peuvent remplir et soumettre <a href=\"#\">les formulaires pour capitations<\/a> ici.<\/p>\n<p>[\/et_pb_text][\/et_pb_column_inner][\/et_pb_row_inner][\/et_pb_column][\/et_pb_section][et_pb_section fb_built=\u00a0\u00bb1&Prime; disabled_on=\u00a0\u00bbon|off|off\u00a0\u00bb admin_label=\u00a0\u00bbJob Types\u00a0\u00bb _builder_version=\u00a0\u00bb4.23&Prime; _module_preset=\u00a0\u00bbdefault\u00a0\u00bb custom_padding=\u00a0\u00bb0px||0px||true|\u00a0\u00bb global_module=\u00a0\u00bb2025&Prime; saved_tabs=\u00a0\u00bball\u00a0\u00bb locked=\u00a0\u00bboff\u00a0\u00bb global_colors_info=\u00a0\u00bb{}\u00a0\u00bb][et_pb_row column_structure=\u00a0\u00bb1_5,1_5,1_5,1_5,1_5&Prime; use_custom_gutter=\u00a0\u00bbon\u00a0\u00bb gutter_width=\u00a0\u00bb1&Prime; make_equal=\u00a0\u00bbon\u00a0\u00bb _builder_version=\u00a0\u00bb4.23.1&Prime; _module_preset=\u00a0\u00bbdefault\u00a0\u00bb width=\u00a0\u00bb100%\u00a0\u00bb max_width=\u00a0\u00bbnone\u00a0\u00bb height=\u00a0\u00bb16.66vw\u00a0\u00bb height_tablet=\u00a0\u00bb\u00a0\u00bb height_phone=\u00a0\u00bb\u00a0\u00bb height_last_edited=\u00a0\u00bbon|phone\u00a0\u00bb custom_padding=\u00a0\u00bb0px||0px||true|false\u00a0\u00bb global_colors_info=\u00a0\u00bb{}\u00a0\u00bb][et_pb_column type=\u00a0\u00bb1_5&Prime; _builder_version=\u00a0\u00bb4.23.1&Prime; _module_preset=\u00a0\u00bbdefault\u00a0\u00bb use_background_color_gradient=\u00a0\u00bbon\u00a0\u00bb background_color_gradient_stops=\u00a0\u00bbrgba(0,0,0,0.3) 0%|rgba(0,0,0,0.3) 100%\u00a0\u00bb background_color_gradient_overlays_image=\u00a0\u00bbon\u00a0\u00bb background_image=\u00a0\u00bbhttps:\/\/ochu.on.ca\/wp-content\/uploads\/2024\/01\/RPN.jpg\u00a0\u00bb background_position=\u00a0\u00bbcenter_right\u00a0\u00bb custom_padding=\u00a0\u00bb7vw|2%|7vw|2%|true|true\u00a0\u00bb link_option_url=\u00a0\u00bb#\u00a0\u00bb custom_css_main_element=\u00a0\u00bbmargin:auto;||height:16.66vw\u00a0\u00bb global_colors_info=\u00a0\u00bb{}\u00a0\u00bb background__hover_enabled=\u00a0\u00bbon|hover\u00a0\u00bb background_color_gradient_stops__hover=\u00a0\u00bbrgba(0,0,0,0.3) 0%|rgba(0,0,0,0.8) 100%\u00a0\u00bb use_background_color_gradient__hover=\u00a0\u00bbon\u00a0\u00bb custom_css_main_element_last_edited=\u00a0\u00bboff|desktop\u00a0\u00bb custom_css_main_element_phone=\u00a0\u00bbheight:250px;||padding-top:100px\u00a0\u00bb][et_pb_text _builder_version=\u00a0\u00bb4.23.1&Prime; _module_preset=\u00a0\u00bbaaa7c440-590a-4078-ae0c-0f3c699ac51c\u00a0\u00bb header_font=\u00a0\u00bb||||||||\u00a0\u00bb header_3_font=\u00a0\u00bbTeko|500||on|||||\u00a0\u00bb header_3_text_color=\u00a0\u00bb#FFFFFF\u00a0\u00bb header_3_font_size=\u00a0\u00bb32px\u00a0\u00bb header_3_line_height=\u00a0\u00bb25px\u00a0\u00bb text_orientation=\u00a0\u00bbcenter\u00a0\u00bb custom_padding=\u00a0\u00bb||||false|false\u00a0\u00bb header_3_font_size_tablet=\u00a0\u00bb20px\u00a0\u00bb header_3_font_size_phone=\u00a0\u00bb16px\u00a0\u00bb header_3_font_size_last_edited=\u00a0\u00bbon|phone\u00a0\u00bb global_colors_info=\u00a0\u00bb{}\u00a0\u00bb]<\/p>\n<h3>Infirmier(-i\u00e8re)s auxiliaires autoris\u00e9(e)s.<\/h3>\n<p>[\/et_pb_text][\/et_pb_column][et_pb_column type=\u00a0\u00bb1_5&Prime; _builder_version=\u00a0\u00bb4.23.1&Prime; _module_preset=\u00a0\u00bbdefault\u00a0\u00bb use_background_color_gradient=\u00a0\u00bbon\u00a0\u00bb background_color_gradient_stops=\u00a0\u00bbrgba(0,0,0,0.3) 0%|rgba(0,0,0,0.3) 100%\u00a0\u00bb background_color_gradient_overlays_image=\u00a0\u00bbon\u00a0\u00bb background_image=\u00a0\u00bbhttps:\/\/ochu.on.ca\/wp-content\/uploads\/2024\/02\/ambulance-HR.jpg\u00a0\u00bb custom_padding=\u00a0\u00bb7vw||7vw||true|true\u00a0\u00bb link_option_url=\u00a0\u00bb#\u00a0\u00bb custom_css_main_element=\u00a0\u00bbmargin:auto;||height:16.66vw\u00a0\u00bb global_colors_info=\u00a0\u00bb{}\u00a0\u00bb background__hover_enabled=\u00a0\u00bbon|hover\u00a0\u00bb background_color_gradient_stops__hover=\u00a0\u00bbrgba(0,0,0,0.3) 0%|rgba(0,0,0,0.8) 100%\u00a0\u00bb use_background_color_gradient__hover=\u00a0\u00bbon\u00a0\u00bb custom_css_main_element_last_edited=\u00a0\u00bboff|desktop\u00a0\u00bb custom_css_main_element_phone=\u00a0\u00bbheight:250px;||padding-top:100px\u00a0\u00bb][et_pb_text _builder_version=\u00a0\u00bb4.23.1&Prime; _module_preset=\u00a0\u00bbaaa7c440-590a-4078-ae0c-0f3c699ac51c\u00a0\u00bb header_font=\u00a0\u00bb||||||||\u00a0\u00bb header_3_font=\u00a0\u00bbTeko|500||on|||||\u00a0\u00bb header_3_text_color=\u00a0\u00bb#FFFFFF\u00a0\u00bb header_3_font_size=\u00a0\u00bb32px\u00a0\u00bb header_3_line_height=\u00a0\u00bb25px\u00a0\u00bb text_orientation=\u00a0\u00bbcenter\u00a0\u00bb custom_margin=\u00a0\u00bb||||false|false\u00a0\u00bb custom_padding=\u00a0\u00bb|10%||10%|false|true\u00a0\u00bb header_3_font_size_tablet=\u00a0\u00bb20px\u00a0\u00bb header_3_font_size_phone=\u00a0\u00bb16px\u00a0\u00bb header_3_font_size_last_edited=\u00a0\u00bbon|phone\u00a0\u00bb locked=\u00a0\u00bboff\u00a0\u00bb global_colors_info=\u00a0\u00bb{}\u00a0\u00bb]<\/p>\n<h3>Ambulancier(-i\u00e8re)s et personnel param\u00e9dical.<\/h3>\n<p>[\/et_pb_text][\/et_pb_column][et_pb_column type=\u00a0\u00bb1_5&Prime; _builder_version=\u00a0\u00bb4.23.1&Prime; _module_preset=\u00a0\u00bbdefault\u00a0\u00bb use_background_color_gradient=\u00a0\u00bbon\u00a0\u00bb background_color_gradient_stops=\u00a0\u00bbrgba(0,0,0,0.3) 0%|rgba(0,0,0,0.3) 100%\u00a0\u00bb background_color_gradient_overlays_image=\u00a0\u00bbon\u00a0\u00bb background_image=\u00a0\u00bbhttps:\/\/ochu.on.ca\/wp-content\/uploads\/2024\/02\/Clerical-HR.jpg\u00a0\u00bb custom_padding=\u00a0\u00bb7vw|2%|7vw|2%|true|true\u00a0\u00bb link_option_url=\u00a0\u00bb#\u00a0\u00bb custom_css_main_element=\u00a0\u00bbmargin:auto;||height:16.66vw\u00a0\u00bb global_colors_info=\u00a0\u00bb{}\u00a0\u00bb background__hover_enabled=\u00a0\u00bbon|hover\u00a0\u00bb background_color_gradient_stops__hover=\u00a0\u00bbrgba(0,0,0,0.3) 0%|rgba(0,0,0,0.8) 100%\u00a0\u00bb use_background_color_gradient__hover=\u00a0\u00bbon\u00a0\u00bb custom_css_main_element_last_edited=\u00a0\u00bboff|desktop\u00a0\u00bb custom_css_main_element_phone=\u00a0\u00bbheight:250px;||padding-top:100px\u00a0\u00bb][et_pb_text _builder_version=\u00a0\u00bb4.23.1&Prime; _module_preset=\u00a0\u00bbaaa7c440-590a-4078-ae0c-0f3c699ac51c\u00a0\u00bb header_font=\u00a0\u00bb||||||||\u00a0\u00bb header_3_font=\u00a0\u00bbTeko|500||on|||||\u00a0\u00bb header_3_text_color=\u00a0\u00bb#FFFFFF\u00a0\u00bb header_3_font_size=\u00a0\u00bb32px\u00a0\u00bb header_3_line_height=\u00a0\u00bb25px\u00a0\u00bb text_orientation=\u00a0\u00bbcenter\u00a0\u00bb header_3_font_size_tablet=\u00a0\u00bb20px\u00a0\u00bb header_3_font_size_phone=\u00a0\u00bb16px\u00a0\u00bb header_3_font_size_last_edited=\u00a0\u00bbon|phone\u00a0\u00bb locked=\u00a0\u00bboff\u00a0\u00bb global_colors_info=\u00a0\u00bb{}\u00a0\u00bb]<\/p>\n<h3>Personnel de bureau.<\/h3>\n<p>[\/et_pb_text][\/et_pb_column][et_pb_column type=\u00a0\u00bb1_5&Prime; _builder_version=\u00a0\u00bb4.23.1&Prime; _module_preset=\u00a0\u00bbdefault\u00a0\u00bb use_background_color_gradient=\u00a0\u00bbon\u00a0\u00bb background_color_gradient_stops=\u00a0\u00bbrgba(0,0,0,0.3) 0%|rgba(0,0,0,0.3) 100%\u00a0\u00bb background_color_gradient_overlays_image=\u00a0\u00bbon\u00a0\u00bb background_image=\u00a0\u00bbhttps:\/\/ochu.on.ca\/wp-content\/uploads\/2024\/02\/maintenance-2-HR-scaled.jpg\u00a0\u00bb custom_padding=\u00a0\u00bb7vw|2%|7vw|2%|true|true\u00a0\u00bb link_option_url=\u00a0\u00bb#\u00a0\u00bb custom_css_main_element=\u00a0\u00bbmargin:auto;||height:16.66vw\u00a0\u00bb global_colors_info=\u00a0\u00bb{}\u00a0\u00bb background__hover_enabled=\u00a0\u00bbon|hover\u00a0\u00bb background_color_gradient_stops__hover=\u00a0\u00bbrgba(0,0,0,0.3) 0%|rgba(0,0,0,0.8) 100%\u00a0\u00bb use_background_color_gradient__hover=\u00a0\u00bbon\u00a0\u00bb custom_css_main_element_last_edited=\u00a0\u00bboff|desktop\u00a0\u00bb custom_css_main_element_phone=\u00a0\u00bbheight:250px;||padding-top:100px\u00a0\u00bb][et_pb_text _builder_version=\u00a0\u00bb4.23.1&Prime; _module_preset=\u00a0\u00bbaaa7c440-590a-4078-ae0c-0f3c699ac51c\u00a0\u00bb header_font=\u00a0\u00bb||||||||\u00a0\u00bb header_3_font=\u00a0\u00bbTeko|500||on|||||\u00a0\u00bb header_3_text_color=\u00a0\u00bb#FFFFFF\u00a0\u00bb header_3_font_size=\u00a0\u00bb32px\u00a0\u00bb header_3_line_height=\u00a0\u00bb25px\u00a0\u00bb text_orientation=\u00a0\u00bbcenter\u00a0\u00bb header_3_font_size_tablet=\u00a0\u00bb20px\u00a0\u00bb header_3_font_size_phone=\u00a0\u00bb16px\u00a0\u00bb header_3_font_size_last_edited=\u00a0\u00bbon|phone\u00a0\u00bb locked=\u00a0\u00bboff\u00a0\u00bb global_colors_info=\u00a0\u00bb{}\u00a0\u00bb]<\/p>\n<h3>Personnel de soutien.<\/h3>\n<p>[\/et_pb_text][\/et_pb_column][et_pb_column type=\u00a0\u00bb1_5&Prime; _builder_version=\u00a0\u00bb4.23.1&Prime; _module_preset=\u00a0\u00bbdefault\u00a0\u00bb use_background_color_gradient=\u00a0\u00bbon\u00a0\u00bb background_color_gradient_stops=\u00a0\u00bbrgba(0,0,0,0.3) 0%|rgba(0,0,0,0.3) 100%\u00a0\u00bb background_color_gradient_overlays_image=\u00a0\u00bbon\u00a0\u00bb background_image=\u00a0\u00bbhttps:\/\/ochu.on.ca\/wp-content\/uploads\/2024\/02\/engineer-HR.jpg\u00a0\u00bb custom_padding=\u00a0\u00bb7vw|2%|7vw|2%|true|true\u00a0\u00bb link_option_url=\u00a0\u00bb#\u00a0\u00bb custom_css_main_element=\u00a0\u00bbmargin:auto;||height:16.66vw\u00a0\u00bb global_colors_info=\u00a0\u00bb{}\u00a0\u00bb background__hover_enabled=\u00a0\u00bbon|hover\u00a0\u00bb background_color_gradient_stops__hover=\u00a0\u00bbrgba(0,0,0,0.3) 0%|rgba(0,0,0,0.8) 100%\u00a0\u00bb use_background_color_gradient__hover=\u00a0\u00bbon\u00a0\u00bb custom_css_main_element_last_edited=\u00a0\u00bboff|desktop\u00a0\u00bb custom_css_main_element_phone=\u00a0\u00bbheight:250px;||padding-top:100px\u00a0\u00bb][et_pb_text _builder_version=\u00a0\u00bb4.23.1&Prime; _module_preset=\u00a0\u00bbaaa7c440-590a-4078-ae0c-0f3c699ac51c\u00a0\u00bb header_font=\u00a0\u00bb||||||||\u00a0\u00bb header_3_font=\u00a0\u00bbTeko|500||on|||||\u00a0\u00bb header_3_text_color=\u00a0\u00bb#FFFFFF\u00a0\u00bb header_3_font_size=\u00a0\u00bb32px\u00a0\u00bb header_3_line_height=\u00a0\u00bb25px\u00a0\u00bb text_orientation=\u00a0\u00bbcenter\u00a0\u00bb header_3_font_size_tablet=\u00a0\u00bb20px\u00a0\u00bb header_3_font_size_phone=\u00a0\u00bb16px\u00a0\u00bb header_3_font_size_last_edited=\u00a0\u00bbon|phone\u00a0\u00bb locked=\u00a0\u00bboff\u00a0\u00bb global_colors_info=\u00a0\u00bb{}\u00a0\u00bb]<\/p>\n<h3>Personnel de m\u00e9tiers.<\/h3>\n<p>[\/et_pb_text][\/et_pb_column][\/et_pb_row][\/et_pb_section]<\/p>\n","protected":false},"excerpt":{"rendered":"<p>CE QUE NOUS FAISONSAPER\u00c7UEn plus de son r\u00f4le essentiel dans les n\u00e9gociations pour les membres du secteur des soins de sant\u00e9 du SCFP, le CSHO fournit de nombreux autres services [&hellip;]<\/p>\n","protected":false},"author":2,"featured_media":0,"parent":0,"menu_order":0,"comment_status":"closed","ping_status":"closed","template":"","meta":{"_et_pb_use_builder":"on","_et_pb_old_content":"","_et_gb_content_width":"","_monsterinsights_skip_tracking":false,"_monsterinsights_sitenote_active":false,"_monsterinsights_sitenote_note":"","_monsterinsights_sitenote_category":0,"footnotes":""},"class_list":["post-2210","page","type-page","status-publish","hentry"],"_links":{"self":[{"href":"https:\/\/ochu.on.ca\/fr\/wp-json\/wp\/v2\/pages\/2210","targetHints":{"allow":["GET"]}}],"collection":[{"href":"https:\/\/ochu.on.ca\/fr\/wp-json\/wp\/v2\/pages"}],"about":[{"href":"https:\/\/ochu.on.ca\/fr\/wp-json\/wp\/v2\/types\/page"}],"author":[{"embeddable":true,"href":"https:\/\/ochu.on.ca\/fr\/wp-json\/wp\/v2\/users\/2"}],"replies":[{"embeddable":true,"href":"https:\/\/ochu.on.ca\/fr\/wp-json\/wp\/v2\/comments?post=2210"}],"version-history":[{"count":10,"href":"https:\/\/ochu.on.ca\/fr\/wp-json\/wp\/v2\/pages\/2210\/revisions"}],"predecessor-version":[{"id":5750,"href":"https:\/\/ochu.on.ca\/fr\/wp-json\/wp\/v2\/pages\/2210\/revisions\/5750"}],"wp:attachment":[{"href":"https:\/\/ochu.on.ca\/fr\/wp-json\/wp\/v2\/media?parent=2210"}],"curies":[{"name":"wp","href":"https:\/\/api.w.org\/{rel}","templated":true}]}}