{"id":2216,"date":"2023-11-21T21:01:40","date_gmt":"2023-11-22T02:01:40","guid":{"rendered":"https:\/\/ochu.on.ca\/violence\/"},"modified":"2024-04-15T09:12:08","modified_gmt":"2024-04-15T13:12:08","slug":"violence","status":"publish","type":"page","link":"https:\/\/ochu.on.ca\/fr\/violence\/","title":{"rendered":"Violence"},"content":{"rendered":"<p>[et_pb_section fb_built=\u00a0\u00bb1&Prime; admin_label=\u00a0\u00bbHeader\u00a0\u00bb _builder_version=\u00a0\u00bb4.23.1&Prime; _module_preset=\u00a0\u00bbdefault\u00a0\u00bb background_color=\u00a0\u00bb#000000&Prime; background_image=\u00a0\u00bbhttps:\/\/ochu.on.ca\/wp-content\/uploads\/2024\/02\/Violence-Banner-Image-2-HR.jpg\u00a0\u00bb background_size=\u00a0\u00bbcustom\u00a0\u00bb background_image_width=\u00a0\u00bb55%\u00a0\u00bb background_position=\u00a0\u00bbcenter_right\u00a0\u00bb custom_padding=\u00a0\u00bb100px||100px||true|false\u00a0\u00bb background_last_edited=\u00a0\u00bbon|phone\u00a0\u00bb background_size_tablet=\u00a0\u00bbcover\u00a0\u00bb background_image_width_phone=\u00a0\u00bb90%\u00a0\u00bb background_position_tablet=\u00a0\u00bbcenter\u00a0\u00bb overflow-x_tablet=\u00a0\u00bb\u00a0\u00bb overflow-x_phone=\u00a0\u00bbhidden\u00a0\u00bb overflow-x_last_edited=\u00a0\u00bbon|phone\u00a0\u00bb overflow-y_tablet=\u00a0\u00bb\u00a0\u00bb overflow-y_phone=\u00a0\u00bbhidden\u00a0\u00bb overflow-y_last_edited=\u00a0\u00bbon|phone\u00a0\u00bb collapsed=\u00a0\u00bboff\u00a0\u00bb global_colors_info=\u00a0\u00bb{}\u00a0\u00bb][et_pb_row column_structure=\u00a0\u00bb3_5,2_5&Prime; use_custom_gutter=\u00a0\u00bbon\u00a0\u00bb gutter_width=\u00a0\u00bb1&Prime; _builder_version=\u00a0\u00bb4.23&Prime; _module_preset=\u00a0\u00bbdefault\u00a0\u00bb custom_margin=\u00a0\u00bb||||false|false\u00a0\u00bb custom_margin_tablet=\u00a0\u00bb20%||||false|false\u00a0\u00bb custom_margin_phone=\u00a0\u00bb30%||||false|false\u00a0\u00bb custom_margin_last_edited=\u00a0\u00bbon|desktop\u00a0\u00bb global_colors_info=\u00a0\u00bb{}\u00a0\u00bb header_font_size_last_edited=\u00a0\u00bbon|phone\u00a0\u00bb header_font_size_tablet=\u00a0\u00bb60px\u00a0\u00bb header_font_size_phone=\u00a0\u00bb60px\u00a0\u00bb][et_pb_column type=\u00a0\u00bb3_5&Prime; _builder_version=\u00a0\u00bb4.23&Prime; _module_preset=\u00a0\u00bbdefault\u00a0\u00bb background_color=\u00a0\u00bb#C6006F\u00a0\u00bb custom_padding=\u00a0\u00bb50px|50px|50px|50px|true|true\u00a0\u00bb custom_padding_tablet=\u00a0\u00bb30px|30px|30px|30px|true|true\u00a0\u00bb custom_padding_phone=\u00a0\u00bb20px|20px|20px|20px|true|true\u00a0\u00bb custom_padding_last_edited=\u00a0\u00bbon|desktop\u00a0\u00bb animation_style=\u00a0\u00bbslide\u00a0\u00bb animation_direction=\u00a0\u00bbleft\u00a0\u00bb animation_intensity_slide=\u00a0\u00bb5%\u00a0\u00bb global_colors_info=\u00a0\u00bb{}\u00a0\u00bb][et_pb_text _builder_version=\u00a0\u00bb4.23&Prime; _module_preset=\u00a0\u00bbe6504a1b-67eb-4b3d-b023-bcab277610b6&Prime; header_4_font=\u00a0\u00bbMontserrat|700||on|||||\u00a0\u00bb header_4_text_color=\u00a0\u00bb#FFFFFF\u00a0\u00bb header_4_font_size=\u00a0\u00bb14px\u00a0\u00bb header_4_line_height=\u00a0\u00bb1.5em\u00a0\u00bb custom_margin=\u00a0\u00bb||0px||false|false\u00a0\u00bb global_colors_info=\u00a0\u00bb{}\u00a0\u00bb]<\/p>\n<h4>CE QUE NOUS FAISONS<\/h4>\n<p>[\/et_pb_text][et_pb_text _builder_version=\u00a0\u00bb4.23&Prime; _module_preset=\u00a0\u00bbc16985e1-e0d6-4022-964d-e2bfc04fa633&Prime; text_text_color=\u00a0\u00bb#ffffff\u00a0\u00bb text_font_size=\u00a0\u00bb18px\u00a0\u00bb text_line_height=\u00a0\u00bb1.5em\u00a0\u00bb header_font=\u00a0\u00bbTeko||||||||\u00a0\u00bb header_text_color=\u00a0\u00bb#FFFFFF\u00a0\u00bb header_font_size=\u00a0\u00bb75px\u00a0\u00bb header_line_height=\u00a0\u00bb1.1em\u00a0\u00bb header_font_size_tablet=\u00a0\u00bb60px\u00a0\u00bb header_font_size_phone=\u00a0\u00bb60px\u00a0\u00bb header_font_size_last_edited=\u00a0\u00bbon|desktop\u00a0\u00bb global_colors_info=\u00a0\u00bb{}\u00a0\u00bb]<\/p>\n<h1>Violence<\/h1>\n<p>[\/et_pb_text][\/et_pb_column][et_pb_column type=\u00a0\u00bb2_5&Prime; _builder_version=\u00a0\u00bb4.23&Prime; _module_preset=\u00a0\u00bbdefault\u00a0\u00bb global_colors_info=\u00a0\u00bb{}\u00a0\u00bb][\/et_pb_column][\/et_pb_row][\/et_pb_section][et_pb_section fb_built=\u00a0\u00bb1&Prime; _builder_version=\u00a0\u00bb4.23&Prime; _module_preset=\u00a0\u00bbdefault\u00a0\u00bb global_colors_info=\u00a0\u00bb{}\u00a0\u00bb][et_pb_row module_id=\u00a0\u00bbochu-trustees\u00a0\u00bb _builder_version=\u00a0\u00bb4.23&Prime; _module_preset=\u00a0\u00bbdefault\u00a0\u00bb global_colors_info=\u00a0\u00bb{}\u00a0\u00bb][et_pb_column type=\u00a0\u00bb4_4&Prime; _builder_version=\u00a0\u00bb4.23&Prime; _module_preset=\u00a0\u00bbdefault\u00a0\u00bb global_colors_info=\u00a0\u00bb{}\u00a0\u00bb][et_pb_text _builder_version=\u00a0\u00bb4.23&Prime; _module_preset=\u00a0\u00bbc16985e1-e0d6-4022-964d-e2bfc04fa633&Prime; text_font_size=\u00a0\u00bb20px\u00a0\u00bb text_line_height=\u00a0\u00bb1.5em\u00a0\u00bb link_font=\u00a0\u00bb||||on||||\u00a0\u00bb header_font=\u00a0\u00bbTeko||||||||\u00a0\u00bb header_text_color=\u00a0\u00bb#FFFFFF\u00a0\u00bb header_font_size=\u00a0\u00bb75px\u00a0\u00bb header_line_height=\u00a0\u00bb1.1em\u00a0\u00bb header_2_font=\u00a0\u00bbTeko||||||||\u00a0\u00bb header_2_font_size=\u00a0\u00bb50px\u00a0\u00bb header_font_size_tablet=\u00a0\u00bb40px\u00a0\u00bb header_font_size_phone=\u00a0\u00bb24px\u00a0\u00bb header_font_size_last_edited=\u00a0\u00bbon|desktop\u00a0\u00bb global_colors_info=\u00a0\u00bb{}\u00a0\u00bb]La violence \u00e0 l\u2019encontre du personnel de sant\u00e9 est importante et continue. Le CSHO se bat pour mettre fin \u00e0 cette violence en travaillant avec les chercheur(-euse)s, les d\u00e9cideur(-euse)s politiques, la direction et les membres.[\/et_pb_text][et_pb_text _builder_version=\u00a0\u00bb4.23&Prime; _module_preset=\u00a0\u00bbc16985e1-e0d6-4022-964d-e2bfc04fa633&Prime; link_font=\u00a0\u00bb||||on||||\u00a0\u00bb header_font=\u00a0\u00bbTeko||||||||\u00a0\u00bb header_text_color=\u00a0\u00bb#FFFFFF\u00a0\u00bb header_font_size=\u00a0\u00bb75px\u00a0\u00bb header_line_height=\u00a0\u00bb1.1em\u00a0\u00bb header_2_font=\u00a0\u00bbTeko||||||||\u00a0\u00bb header_2_font_size=\u00a0\u00bb50px\u00a0\u00bb header_font_size_tablet=\u00a0\u00bb40px\u00a0\u00bb header_font_size_phone=\u00a0\u00bb24px\u00a0\u00bb header_font_size_last_edited=\u00a0\u00bbon|desktop\u00a0\u00bb global_colors_info=\u00a0\u00bb{}\u00a0\u00bb]<\/p>\n<h2>Recherche et documents<\/h2>\n<p>Veuillez envoyer un courriel \u00e0 <a href=\"mailto:admin@ochu.on.ca\">admin@ochu.on.ca<\/a> pour obtenir les fichiers Word.<\/p>\n<p>[\/et_pb_text][et_pb_code _builder_version=\u00a0\u00bb4.23&Prime; _module_preset=\u00a0\u00bbdefault\u00a0\u00bb global_colors_info=\u00a0\u00bb{}\u00a0\u00bb]\n<table id=\"tablepress-2\" class=\"tablepress tablepress-id-2\">\n<thead>\n<tr class=\"row-1\">\n\t<th class=\"column-1\">DATE<\/th><th class=\"column-2\">TITLE<\/th><th class=\"column-3\"><\/th>\n<\/tr>\n<\/thead>\n<tbody>\n<tr class=\"row-2\">\n\t<td class=\"column-1\">date<\/td><td class=\"column-2\">topic<\/td><td class=\"column-3\"><a style=\"font-weight:700;\" href=\"https:\/\/ochu.on.ca\/wp-content\/uploads\/2024\/02\/OCHU-Education-Intro-Workshop-Nov-8-9-2023-registration-form-FR-fillable.pdf\" rel=\"noopener\" target=\"_blank\"> DOWNLOAD FR<\/a><\/td>\n<\/tr>\n<tr class=\"row-3\">\n\t<td class=\"column-1\">June 18, 2019<\/td><td class=\"column-2\">Violence Facing Health Care Workers in Canada<\/td><td class=\"column-3\"><a style=\"font-weight:700;\" href=\"https:\/\/ochu.on.ca\/wp-content\/uploads\/2023\/11\/hesarp29-e.pdf\" rel=\"noopener\" target=\"_blank\"> DOWNLOAD<\/a><\/td>\n<\/tr>\n<tr class=\"row-4\">\n\t<td class=\"column-1\">June 6, 2019<\/td><td class=\"column-2\">Testimony to Parliamentary Health Committee \u2013 Meeting #151<\/td><td class=\"column-3\"><a style=\"font-weight:700;\" href=\"https:\/\/openparliament.ca\/committees\/health\/42-1\/151\/prof-james-brophy-1\/\" rel=\"noopener\" target=\"_blank\"> VIEW<\/a><\/td>\n<\/tr>\n<tr class=\"row-5\">\n\t<td class=\"column-1\">May 8, 2019<\/td><td class=\"column-2\">Speaking Out About Workplace Violence and Workplace Harassment Act, 2019<\/td><td class=\"column-3\"><a style=\"font-weight:700;\" href=\"https:\/\/ochu.on.ca\/wp-content\/uploads\/2023\/11\/speaking_out_about_workplace_violence_and_workplace_harassment_act_2019_.pdf\" rel=\"noopener\" target=\"_blank\"> DOWNLOAD<\/a><\/td>\n<\/tr>\n<tr class=\"row-6\">\n\t<td class=\"column-1\">May 8, 2019<\/td><td class=\"column-2\">Bill 111<\/td><td class=\"column-3\"><a style=\"font-weight:700;\" href=\"https:\/\/ochu.on.ca\/wp-content\/uploads\/2023\/11\/bill_111-_protecting_workers_who_speak_out_about_workplace_violance_and_harassment.pdf\" rel=\"noopener\" target=\"_blank\"> DOWNLOAD<\/a><\/td>\n<\/tr>\n<tr class=\"row-7\">\n\t<td class=\"column-1\">March 26, 2019<\/td><td class=\"column-2\">Breaking Point: Violence Against Long-Term Care Staff<\/td><td class=\"column-3\"><a style=\"font-weight:700;\" href=\"https:\/\/ochu.on.ca\/wp-content\/uploads\/2023\/11\/2019-03-26-Breaking-Point-Violence-Against-Long-term-Care-Staff.pdf\" rel=\"noopener\" target=\"_blank\"> DOWNLOAD EN<\/a><\/td>\n<\/tr>\n<tr class=\"row-8\">\n\t<td class=\"column-1\">March 26, 2019<\/td><td class=\"column-2\">Breaking Point: Violence Against Long-Term Care Staff<\/td><td class=\"column-3\"><a style=\"font-weight:700;\" href=\"https:\/\/ochu.on.ca\/wp-content\/uploads\/2023\/11\/2019-03-26-Breaking-Point-French.pdf\" rel=\"noopener\" target=\"_blank\"> DOWNLOAD FR<\/a><\/td>\n<\/tr>\n<tr class=\"row-9\">\n\t<td class=\"column-1\">November 27, 2017<\/td><td class=\"column-2\">Assaulted and Unheard \u2013 Violence Against Healthcare Staff<\/td><td class=\"column-3\"><a style=\"font-weight:700;\" href=\"https:\/\/ochu.on.ca\/wp-content\/uploads\/2023\/11\/2017-11-27-Assaulted-and-Unheard-Violence-Against-Healthcare-Staff-New-Solutions-Article.pdf\" rel=\"noopener\" target=\"_blank\"> DOWNLOAD<\/a><\/td>\n<\/tr>\n<tr class=\"row-10\">\n\t<td class=\"column-1\">October 9, 2017<\/td><td class=\"column-2\">Voices: Hospital Workers talk about violence in the workplace<\/td><td class=\"column-3\"><a style=\"font-weight:700;\" href=\"https:\/\/ochu.on.ca\/wp-content\/uploads\/2023\/11\/OCHU-Voices-Booklet_Digital-sm.pdf\" rel=\"noopener\" target=\"_blank\"> DOWNLOAD EN<\/a><\/td>\n<\/tr>\n<tr class=\"row-11\">\n\t<td class=\"column-1\">October 9, 2017<\/td><td class=\"column-2\">Voices: Hospital Workers talk about violence in the workplace<\/td><td class=\"column-3\"><a style=\"font-weight:700;\" href=\"https:\/\/ochu.on.ca\/wp-content\/uploads\/2023\/11\/OCHU-Voices-Booklet_FR-Digital.pdf\" rel=\"noopener\" target=\"_blank\"> DOWNLOAD FR<\/a><\/td>\n<\/tr>\n<\/tbody>\n<\/table>\n<!-- #tablepress-2 from cache -->[\/et_pb_code][\/et_pb_column][\/et_pb_row][\/et_pb_section][et_pb_section fb_built=\u00a0\u00bb1&Prime; _builder_version=\u00a0\u00bb4.23&Prime; _module_preset=\u00a0\u00bbdefault\u00a0\u00bb background_color=\u00a0\u00bb#f2f2f2&Prime; global_colors_info=\u00a0\u00bb{}\u00a0\u00bb disabled_on=\u00a0\u00bbon|on|on\u00a0\u00bb disabled=\u00a0\u00bbon\u00a0\u00bb][et_pb_row module_id=\u00a0\u00bbochu-trustees\u00a0\u00bb _builder_version=\u00a0\u00bb4.23&Prime; _module_preset=\u00a0\u00bbdefault\u00a0\u00bb custom_padding=\u00a0\u00bb||0px||false|false\u00a0\u00bb global_colors_info=\u00a0\u00bb{}\u00a0\u00bb][et_pb_column type=\u00a0\u00bb4_4&Prime; _builder_version=\u00a0\u00bb4.23&Prime; _module_preset=\u00a0\u00bbdefault\u00a0\u00bb global_colors_info=\u00a0\u00bb{}\u00a0\u00bb][et_pb_text _builder_version=\u00a0\u00bb4.23&Prime; _module_preset=\u00a0\u00bbc16985e1-e0d6-4022-964d-e2bfc04fa633&Prime; link_font=\u00a0\u00bb||||on||||\u00a0\u00bb header_font=\u00a0\u00bbTeko||||||||\u00a0\u00bb header_text_color=\u00a0\u00bb#FFFFFF\u00a0\u00bb header_font_size=\u00a0\u00bb75px\u00a0\u00bb header_line_height=\u00a0\u00bb1.1em\u00a0\u00bb header_2_font=\u00a0\u00bbTeko||||||||\u00a0\u00bb header_2_font_size=\u00a0\u00bb50px\u00a0\u00bb header_font_size_tablet=\u00a0\u00bb40px\u00a0\u00bb header_font_size_phone=\u00a0\u00bb24px\u00a0\u00bb header_font_size_last_edited=\u00a0\u00bbon|desktop\u00a0\u00bb global_colors_info=\u00a0\u00bb{}\u00a0\u00bb]<\/p>\n<h2>Nouvelles<\/h2>\n<p>[\/et_pb_text][\/et_pb_column][\/et_pb_row][et_pb_row _builder_version=\u00a0\u00bb4.23&Prime; _module_preset=\u00a0\u00bbdefault\u00a0\u00bb custom_padding=\u00a0\u00bb25px||||false|false\u00a0\u00bb global_colors_info=\u00a0\u00bb{}\u00a0\u00bb][et_pb_column type=\u00a0\u00bb4_4&Prime; _builder_version=\u00a0\u00bb4.23&Prime; _module_preset=\u00a0\u00bbdefault\u00a0\u00bb global_colors_info=\u00a0\u00bb{}\u00a0\u00bb][et_pb_blog fullwidth=\u00a0\u00bboff\u00a0\u00bb posts_number=\u00a0\u00bb6&Prime; include_categories=\u00a0\u00bb9&Prime; excerpt_length=\u00a0\u00bb150&Prime; show_more=\u00a0\u00bbon\u00a0\u00bb show_author=\u00a0\u00bboff\u00a0\u00bb module_id=\u00a0\u00bbpa-blog-equal-height\u00a0\u00bb module_class=\u00a0\u00bbpa-blog-equal-height\u00a0\u00bb _builder_version=\u00a0\u00bb4.23&Prime; _module_preset=\u00a0\u00bbdefault\u00a0\u00bb header_font=\u00a0\u00bbOswald|300|||||||\u00a0\u00bb header_text_color=\u00a0\u00bb#000000&Prime; header_font_size=\u00a0\u00bb18px\u00a0\u00bb header_line_height=\u00a0\u00bb1.2em\u00a0\u00bb body_font=\u00a0\u00bbNanum Gothic||||||||\u00a0\u00bb body_line_height=\u00a0\u00bb1.6em\u00a0\u00bb meta_font=\u00a0\u00bbUbuntu|700|||||||\u00a0\u00bb meta_text_color=\u00a0\u00bb#000000&Prime; meta_font_size=\u00a0\u00bb12px\u00a0\u00bb read_more_font=\u00a0\u00bbUbuntu|700||on|||||\u00a0\u00bb read_more_text_color=\u00a0\u00bb#000000&Prime; pagination_font=\u00a0\u00bbUbuntu|700||on|||||\u00a0\u00bb pagination_text_color=\u00a0\u00bb#000000&Prime; custom_css_main_element=\u00a0\u00bbborder-top:none!important\u00a0\u00bb custom_css_title=\u00a0\u00bbborder-top:0px\u00a0\u00bb border_width_all=\u00a0\u00bb0px\u00a0\u00bb box_shadow_style=\u00a0\u00bbpreset1&Prime; box_shadow_vertical=\u00a0\u00bb25px\u00a0\u00bb box_shadow_blur=\u00a0\u00bb30px\u00a0\u00bb box_shadow_spread=\u00a0\u00bb-20px\u00a0\u00bb box_shadow_color=\u00a0\u00bbrgba(182,182,182,0.2)\u00a0\u00bb global_colors_info=\u00a0\u00bb{}\u00a0\u00bb][\/et_pb_blog][\/et_pb_column][\/et_pb_row][\/et_pb_section]<\/p>\n","protected":false},"excerpt":{"rendered":"<p>CE QUE NOUS FAISONSViolenceLa violence \u00e0 l\u2019encontre du personnel de sant\u00e9 est importante et continue. Le CSHO se bat pour mettre fin \u00e0 cette violence en travaillant avec les chercheur(-euse)s, [&hellip;]<\/p>\n","protected":false},"author":2,"featured_media":0,"parent":0,"menu_order":0,"comment_status":"closed","ping_status":"closed","template":"","meta":{"_et_pb_use_builder":"on","_et_pb_old_content":"","_et_gb_content_width":"","_monsterinsights_skip_tracking":false,"_monsterinsights_sitenote_active":false,"_monsterinsights_sitenote_note":"","_monsterinsights_sitenote_category":0,"footnotes":""},"class_list":["post-2216","page","type-page","status-publish","hentry"],"_links":{"self":[{"href":"https:\/\/ochu.on.ca\/fr\/wp-json\/wp\/v2\/pages\/2216","targetHints":{"allow":["GET"]}}],"collection":[{"href":"https:\/\/ochu.on.ca\/fr\/wp-json\/wp\/v2\/pages"}],"about":[{"href":"https:\/\/ochu.on.ca\/fr\/wp-json\/wp\/v2\/types\/page"}],"author":[{"embeddable":true,"href":"https:\/\/ochu.on.ca\/fr\/wp-json\/wp\/v2\/users\/2"}],"replies":[{"embeddable":true,"href":"https:\/\/ochu.on.ca\/fr\/wp-json\/wp\/v2\/comments?post=2216"}],"version-history":[{"count":4,"href":"https:\/\/ochu.on.ca\/fr\/wp-json\/wp\/v2\/pages\/2216\/revisions"}],"predecessor-version":[{"id":3238,"href":"https:\/\/ochu.on.ca\/fr\/wp-json\/wp\/v2\/pages\/2216\/revisions\/3238"}],"wp:attachment":[{"href":"https:\/\/ochu.on.ca\/fr\/wp-json\/wp\/v2\/media?parent=2216"}],"curies":[{"name":"wp","href":"https:\/\/api.w.org\/{rel}","templated":true}]}}