{"id":2239,"date":"2023-11-22T15:52:21","date_gmt":"2023-11-22T20:52:21","guid":{"rendered":"https:\/\/ochu.on.ca\/arbitrage-et-griefs\/"},"modified":"2024-02-19T16:16:45","modified_gmt":"2024-02-19T21:16:45","slug":"arbitrage-et-griefs","status":"publish","type":"page","link":"https:\/\/ochu.on.ca\/fr\/arbitrage-et-griefs\/","title":{"rendered":"ARBITRAGE ET GRIEFS"},"content":{"rendered":"<p>[et_pb_section fb_built=\u00a0\u00bb1&Prime; admin_label=\u00a0\u00bbHeader\u00a0\u00bb _builder_version=\u00a0\u00bb4.23.1&Prime; _module_preset=\u00a0\u00bbdefault\u00a0\u00bb background_color=\u00a0\u00bb#000000&Prime; background_image=\u00a0\u00bbhttps:\/\/ochu.on.ca\/wp-content\/uploads\/2024\/02\/Arbitration-Banner-Image-3-HR.jpg\u00a0\u00bb background_size=\u00a0\u00bbcustom\u00a0\u00bb background_image_width=\u00a0\u00bb55%\u00a0\u00bb background_position=\u00a0\u00bbcenter_right\u00a0\u00bb custom_padding=\u00a0\u00bb75px||75px||true|false\u00a0\u00bb hover_enabled=\u00a0\u00bb0&Prime; background_last_edited=\u00a0\u00bbon|phone\u00a0\u00bb background_size_tablet=\u00a0\u00bbcover\u00a0\u00bb background_image_width_phone=\u00a0\u00bb90%\u00a0\u00bb background_position_tablet=\u00a0\u00bbcenter\u00a0\u00bb overflow-x_tablet=\u00a0\u00bb\u00a0\u00bb overflow-x_phone=\u00a0\u00bbhidden\u00a0\u00bb overflow-x_last_edited=\u00a0\u00bbon|phone\u00a0\u00bb overflow-y_tablet=\u00a0\u00bb\u00a0\u00bb overflow-y_phone=\u00a0\u00bbhidden\u00a0\u00bb overflow-y_last_edited=\u00a0\u00bbon|phone\u00a0\u00bb collapsed=\u00a0\u00bboff\u00a0\u00bb global_colors_info=\u00a0\u00bb{}\u00a0\u00bb title_text=\u00a0\u00bbArbitration-Banner-Image-3-HR\u00a0\u00bb sticky_enabled=\u00a0\u00bb0&Prime;][et_pb_row column_structure=\u00a0\u00bb3_5,2_5&Prime; use_custom_gutter=\u00a0\u00bbon\u00a0\u00bb gutter_width=\u00a0\u00bb1&Prime; _builder_version=\u00a0\u00bb4.23&Prime; _module_preset=\u00a0\u00bbdefault\u00a0\u00bb custom_margin=\u00a0\u00bb||||false|false\u00a0\u00bb custom_margin_tablet=\u00a0\u00bb20%||||false|false\u00a0\u00bb custom_margin_phone=\u00a0\u00bb30%||||false|false\u00a0\u00bb custom_margin_last_edited=\u00a0\u00bbon|desktop\u00a0\u00bb global_colors_info=\u00a0\u00bb{}\u00a0\u00bb][et_pb_column type=\u00a0\u00bb3_5&Prime; _builder_version=\u00a0\u00bb4.23&Prime; _module_preset=\u00a0\u00bbdefault\u00a0\u00bb background_color=\u00a0\u00bb#C6006F\u00a0\u00bb custom_padding=\u00a0\u00bb50px|50px|50px|50px|true|true\u00a0\u00bb custom_padding_tablet=\u00a0\u00bb30px|30px|30px|30px|true|true\u00a0\u00bb custom_padding_phone=\u00a0\u00bb20px|20px|20px|20px|true|true\u00a0\u00bb custom_padding_last_edited=\u00a0\u00bbon|desktop\u00a0\u00bb global_colors_info=\u00a0\u00bb{}\u00a0\u00bb][et_pb_text _builder_version=\u00a0\u00bb4.23&Prime; _module_preset=\u00a0\u00bbe6504a1b-67eb-4b3d-b023-bcab277610b6&Prime; header_4_font=\u00a0\u00bbMontserrat|700||on|||||\u00a0\u00bb header_4_text_color=\u00a0\u00bb#FFFFFF\u00a0\u00bb header_4_font_size=\u00a0\u00bb14px\u00a0\u00bb header_4_line_height=\u00a0\u00bb1.5em\u00a0\u00bb custom_margin=\u00a0\u00bb||0px||false|false\u00a0\u00bb global_colors_info=\u00a0\u00bb{}\u00a0\u00bb]<\/p>\n<h4>CE QUE NOUS FAISONS<\/h4>\n<p>[\/et_pb_text][et_pb_text _builder_version=\u00a0\u00bb4.23&Prime; _module_preset=\u00a0\u00bbc16985e1-e0d6-4022-964d-e2bfc04fa633&Prime; text_text_color=\u00a0\u00bb#ffffff\u00a0\u00bb text_font_size=\u00a0\u00bb18px\u00a0\u00bb text_line_height=\u00a0\u00bb1.5em\u00a0\u00bb header_font=\u00a0\u00bbTeko||||||||\u00a0\u00bb header_text_color=\u00a0\u00bb#FFFFFF\u00a0\u00bb header_font_size=\u00a0\u00bb75px\u00a0\u00bb header_line_height=\u00a0\u00bb1.1em\u00a0\u00bb header_font_size_tablet=\u00a0\u00bb60px\u00a0\u00bb header_font_size_phone=\u00a0\u00bb60px\u00a0\u00bb header_font_size_last_edited=\u00a0\u00bbon|desktop\u00a0\u00bb global_colors_info=\u00a0\u00bb{}\u00a0\u00bb]<\/p>\n<h1>ARBITRAGE ET GRIEFS<\/h1>\n<p>[\/et_pb_text][\/et_pb_column][et_pb_column type=\u00a0\u00bb2_5&Prime; _builder_version=\u00a0\u00bb4.23&Prime; _module_preset=\u00a0\u00bbdefault\u00a0\u00bb global_colors_info=\u00a0\u00bb{}\u00a0\u00bb][\/et_pb_column][\/et_pb_row][\/et_pb_section][et_pb_section fb_built=\u00a0\u00bb1&Prime; _builder_version=\u00a0\u00bb4.23&Prime; _module_preset=\u00a0\u00bbdefault\u00a0\u00bb global_colors_info=\u00a0\u00bb{}\u00a0\u00bb][et_pb_row module_id=\u00a0\u00bbochu-trustees\u00a0\u00bb _builder_version=\u00a0\u00bb4.23&Prime; _module_preset=\u00a0\u00bbdefault\u00a0\u00bb global_colors_info=\u00a0\u00bb{}\u00a0\u00bb][et_pb_column type=\u00a0\u00bb4_4&Prime; _builder_version=\u00a0\u00bb4.23&Prime; _module_preset=\u00a0\u00bbdefault\u00a0\u00bb global_colors_info=\u00a0\u00bb{}\u00a0\u00bb][et_pb_text _builder_version=\u00a0\u00bb4.23&Prime; _module_preset=\u00a0\u00bbc16985e1-e0d6-4022-964d-e2bfc04fa633&Prime; text_font_size=\u00a0\u00bb18px\u00a0\u00bb text_line_height=\u00a0\u00bb1.5em\u00a0\u00bb link_font=\u00a0\u00bb||||on||||\u00a0\u00bb header_font=\u00a0\u00bbTeko||||||||\u00a0\u00bb header_text_color=\u00a0\u00bb#FFFFFF\u00a0\u00bb header_font_size=\u00a0\u00bb75px\u00a0\u00bb header_line_height=\u00a0\u00bb1.1em\u00a0\u00bb header_2_font=\u00a0\u00bbTeko||||||||\u00a0\u00bb header_2_font_size=\u00a0\u00bb50px\u00a0\u00bb header_font_size_tablet=\u00a0\u00bb40px\u00a0\u00bb header_font_size_phone=\u00a0\u00bb24px\u00a0\u00bb header_font_size_last_edited=\u00a0\u00bbon|desktop\u00a0\u00bb global_colors_info=\u00a0\u00bb{}\u00a0\u00bb]<\/p>\n<p>Le premier vice-pr\u00e9sident du CSHO est \u00e0 la disposition des membres pour les aider tout au long de la proc\u00e9dure d\u2019arbitrage ou de r\u00e8glement des griefs. Communiquez avec Dave Verch \u00e0 l\u2019adresse <a href=\"mailto:daveverch@ochu.on.ca\">daveverch@ochu.on.ca<\/a> si vous avez besoin d\u2019aide.<\/p>\n<p>Consultez et t\u00e9l\u00e9chargez les r\u00e9sum\u00e9s juridiques et les d\u00e9cisions prises par le CSHO et ses affili\u00e9(e)s ci-dessous (en anglais seulement).<\/p>\n<p>Vous ne trouvez pas l\u2019affaire que vous recherchez? Essayez l\u2019outil de recherche \u00e0 droite, ou visitez <a href=\"https:\/\/www.canlii.org\/fr\/ca\/\">CanLII<\/a> pour consulter d\u2019autres affaires.<\/p>\n<p>[\/et_pb_text][et_pb_code _builder_version=\u00a0\u00bb4.23&Prime; _module_preset=\u00a0\u00bbdefault\u00a0\u00bb custom_margin=\u00a0\u00bb3%||||false|false\u00a0\u00bb global_colors_info=\u00a0\u00bb{}\u00a0\u00bb]\n<table id=\"tablepress-1\" class=\"tablepress tablepress-id-1\">\n<thead>\n<tr class=\"row-1\">\n\t<th class=\"column-1\">DATE<\/th><th class=\"column-2\">TITLE<\/th><th class=\"column-3\">CATEGORY<\/th><th class=\"column-4\">CA #<\/th><th class=\"column-5\"><\/th>\n<\/tr>\n<\/thead>\n<tbody>\n<tr class=\"row-2\">\n\t<td class=\"column-1\">December 3, 2025<\/td><td class=\"column-2\">CUPE Local 4540 and Bruyere Continuing Care (Refusal of vaccination under creed\/duty to accommodate)<\/td><td class=\"column-3\">Arbitration<\/td><td class=\"column-4\">CA# 3.01<\/td><td class=\"column-5\"><a href=https:\/\/ochu.on.ca\/wp-content\/uploads\/2025\/12\/BCC-and-CUPE-4540-Award-on-the-Merits-Dec-3-2025.pdf>DOWNLOAD<\/a><\/td>\n<\/tr>\n<tr class=\"row-3\">\n\t<td class=\"column-1\">November 18, 2025<\/td><td class=\"column-2\">CUPE 942 and Royal Ottawa Health Care Group (Notice of Layoffs)<\/td><td class=\"column-3\">Arbitration<\/td><td class=\"column-4\">CA# 9.08<\/td><td class=\"column-5\"><a href=https:\/\/ochu.on.ca\/wp-content\/uploads\/2025\/11\/ROHCG-and-CUPE-942-Final-Award-Nov-21.pdf>DOWNLOAD<\/a><\/td>\n<\/tr>\n<tr class=\"row-4\">\n\t<td class=\"column-1\"> Jan 23, 2025\u00a0<\/td><td class=\"column-2\">CUPE 7811 and Cornwall Community Hospital (Clinical Externs)<\/td><td class=\"column-3\">Arbitration<\/td><td class=\"column-4\">Recognition <br \/>\n<\/td><td class=\"column-5\"><a href=\"https:\/\/ochu-my.sharepoint.com\/:b:\/g\/personal\/admin_ochu_on_ca\/EQCXi8oxWctOgp9Ry1YVzlMBb1Qckf-Vp35YBmGLP4U28w?e=wdbYJs\" target=\"_blank\" rel=\"noopener\">DOWNLOAD<\/a><\/td>\n<\/tr>\n<tr class=\"row-5\">\n\t<td class=\"column-1\">November 25, 2024\u00a0<\/td><td class=\"column-2\">CUPE 5180 and Trillium Health Partners (Vaccination Policy)<\/td><td class=\"column-3\">Arbitration<\/td><td class=\"column-4\">CA# Article 7<\/td><td class=\"column-5\"><a href=\"https:\/\/ochu.on.ca\/wp-content\/uploads\/2025\/03\/CUPE-5180-COVID-19-Vaccination-Policy.pdf\">DOWNLOAD<\/a><\/td>\n<\/tr>\n<tr class=\"row-6\">\n\t<td class=\"column-1\">May 10, 2024<\/td><td class=\"column-2\">CUPE Local 2119 and the Perth and Smiths Falls District Hospital (Agency nurses )<\/td><td class=\"column-3\">Arbitration<\/td><td class=\"column-4\">11.1<\/td><td class=\"column-5\"><a href=\"https:\/\/ochu-my.sharepoint.com\/:b:\/g\/personal\/admin_ochu_on_ca\/EYB4Ze6xv6xJhNW8rR6pOBIBgwjQmOsysxqGFXpmKks1mA?e=IVDU3b\" target=\"_blank\" rel=\"noopener\">DOWNLOAD<\/a><\/td>\n<\/tr>\n<tr class=\"row-7\">\n\t<td class=\"column-1\">April 26, 2023<\/td><td class=\"column-2\">CUPE 6364 and Lakeridge Health  (Mandatory Vaccination)<\/td><td class=\"column-3\">Arbitration<\/td><td class=\"column-4\">CA# Article 7<br \/>\n<\/td><td class=\"column-5\"><a href=\"https:\/\/ochu.on.ca\/wp-content\/uploads\/2025\/03\/Local-6364-Mandatory-Vaccination.pdf\">DOWNLOAD<\/a><\/td>\n<\/tr>\n<tr class=\"row-8\">\n\t<td class=\"column-1\">July 29, 2022<\/td><td class=\"column-2\">Ross Memorial Hospital and CUPE Local 1909 \u2013 Bereavement Leave<\/td><td class=\"column-3\">Arbitration<\/td><td class=\"column-4\">12.04<\/td><td class=\"column-5\"><a style=\"font-weight:700;\" href=\"https:\/\/ochu.on.ca\/wp-content\/uploads\/2023\/11\/Ross-Memorial-Hospital-and-CUPE-1909-Bereavement-Leave-Grievances.pdf\" rel=\"noopener\" target=\"_blank\"> DOWNLOAD<\/a><\/td>\n<\/tr>\n<tr class=\"row-9\">\n\t<td class=\"column-1\">November 26, 2021<\/td><td class=\"column-2\">Hamilton Health Sciences and CUPE Local 7800 \u2013 Point of Entrance Screeners<\/td><td class=\"column-3\">Arbitration<\/td><td class=\"column-4\">2.01<\/td><td class=\"column-5\"><a style=\"font-weight:700;\" href=\"https:\/\/ochu.on.ca\/wp-content\/uploads\/2023\/11\/2021-11-25-HamiltonHealthCUPEAWARDNovember262021.pdf\" rel=\"noopener\" target=\"_blank\"> DOWNLOAD<\/a><\/td>\n<\/tr>\n<tr class=\"row-10\">\n\t<td class=\"column-1\">December 9, 2020<\/td><td class=\"column-2\">CUPE 3000 vs Winchester District Hospital \u2013 Notice<\/td><td class=\"column-3\">Arbitration<\/td><td class=\"column-4\">9.05<\/td><td class=\"column-5\"><a style=\"font-weight:700;\" href=\"https:\/\/ochu.on.ca\/wp-content\/uploads\/2023\/11\/2020-12-09-CUPE-3000-vs-Winchester-District-Hospital-Notice.pdf\" rel=\"noopener\" target=\"_blank\"> DOWNLOAD<\/a><\/td>\n<\/tr>\n<tr class=\"row-11\">\n\t<td class=\"column-1\">December 7, 2020<\/td><td class=\"column-2\">CUPE 786 v St. Joseph\u2019s Health Care Hamilton \u2013 Sick Pay<\/td><td class=\"column-3\">Arbitration<\/td><td class=\"column-4\">13.01<\/td><td class=\"column-5\"><a style=\"font-weight:700;\" href=\"https:\/\/ochu.on.ca\/wp-content\/uploads\/2023\/11\/2020-12-07-CUPE-L786-v-St.-Josephs-HC-Hamilton-L-Tucker-DECISION.pdf\" rel=\"noopener\" target=\"_blank\"> DOWNLOAD<\/a><\/td>\n<\/tr>\n<tr class=\"row-12\">\n\t<td class=\"column-1\">September 25, 2020<\/td><td class=\"column-2\">Northumberland Hills Hospital and CUPE 2628 \u2013 Seniority<\/td><td class=\"column-3\">Arbitration<\/td><td class=\"column-4\">9.07<\/td><td class=\"column-5\"><a style=\"font-weight:700;\" href=\"https:\/\/ochu.on.ca\/wp-content\/uploads\/2023\/11\/2020-09-25-Northumberland-Hills-Hospital-and-CUPE-re-Tripp-Grievance.pdf\" rel=\"noopener\" target=\"_blank\"> DOWNLOAD<\/a><\/td>\n<\/tr>\n<tr class=\"row-13\">\n\t<td class=\"column-1\">May 6, 2020<\/td><td class=\"column-2\">CUPE Local 2119 and the Perth and Smiths Falls District Hospital \u2013 Contracting out<\/td><td class=\"column-3\">Arbitration<\/td><td class=\"column-4\">9.08<\/td><td class=\"column-5\"><a style=\"font-weight:700;\" href=\"https:\/\/ochu.on.ca\/wp-content\/uploads\/2023\/11\/2020-05-06-CUPE-Local-2119-and-the-Perth-and-Smiths-Falls-District-Hospital-May-6-2020-AWARD-Final.pdf\" rel=\"noopener\" target=\"_blank\"> DOWNLOAD<\/a><\/td>\n<\/tr>\n<tr class=\"row-14\">\n\t<td class=\"column-1\">March 24, 2020<\/td><td class=\"column-2\">Hamilton Health Sciences and CUPE Local 7800 \u2013 Retirement and Voluntary Exit Packages<\/td><td class=\"column-3\">Arbitration<\/td><td class=\"column-4\">9.08<\/td><td class=\"column-5\"><a style=\"font-weight:700;\" href=\"https:\/\/ochu.on.ca\/wp-content\/uploads\/2023\/11\/2020-03-24-Hamilton-Health-Sciences-and-CUPE-7800-Award-March-24-.pdf\" rel=\"noopener\" target=\"_blank\"> DOWNLOAD<\/a><\/td>\n<\/tr>\n<tr class=\"row-15\">\n\t<td class=\"column-1\">January 9, 2020<\/td><td class=\"column-2\">Royal Ottawa Health Care and CUPE Local 942 \u2013 Vacation for Part-Time<\/td><td class=\"column-3\">Arbitration<\/td><td class=\"column-4\">17.01<\/td><td class=\"column-5\"><a style=\"font-weight:700;\" href=\"https:\/\/ochu.on.ca\/wp-content\/uploads\/2023\/11\/2020-01-09-1877-ROHCG-CUPE-942-Part-time-vacation-time-award-1.pdf\" rel=\"noopener\" target=\"_blank\"> DOWNLOAD<\/a><\/td>\n<\/tr>\n<tr class=\"row-16\">\n\t<td class=\"column-1\">November 20, 2019<\/td><td class=\"column-2\">EllisDon and CUPE Local 942 \u2013 Seniority<\/td><td class=\"column-3\">Arbitration<\/td><td class=\"column-4\">9.05<\/td><td class=\"column-5\"><a style=\"font-weight:700;\" href=\"https:\/\/ochu.on.ca\/wp-content\/uploads\/2023\/11\/2019-11-20-EllisDon-and-CUPE-Local-942-re-Grievance-2018-ED4.pdf\" rel=\"noopener\" target=\"_blank\"> DOWNLOAD<\/a><\/td>\n<\/tr>\n<tr class=\"row-17\">\n\t<td class=\"column-1\">March 26, 2019<\/td><td class=\"column-2\">CUPE 1909 and Ross Memorial Hospital (reductions in hours for of part-time employees constitutes a layoff)<\/td><td class=\"column-3\">Arbitration<\/td><td class=\"column-4\">9.08<\/td><td class=\"column-5\"><a style=\"font-weight:700;\" href=\"https:\/\/ochu.on.ca\/wp-content\/uploads\/2023\/11\/2019-03-26-Ross-Memorial-and-CUPE-Local-1909-March-26-2019-Award-Final.pdf\" rel=\"noopener\" target=\"_blank\"> DOWNLOAD<\/a><\/td>\n<\/tr>\n<tr class=\"row-18\">\n\t<td class=\"column-1\">March 15, 2019<\/td><td class=\"column-2\">CUPE Local 7800 and Hamilton Health Sciences \u2013 Point of Purchase Restriction on Benefits (Compression Stockings)<\/td><td class=\"column-3\">Arbitration<\/td><td class=\"column-4\">18.01<\/td><td class=\"column-5\"><a style=\"font-weight:700;\" href=\"https:\/\/ochu.on.ca\/wp-content\/uploads\/2023\/11\/2019-01-22-CUPE-Local-7800-and-HHS-compression-stockings-March-15-2019-Award-Final.pdf\" rel=\"noopener\" target=\"_blank\"> DOWNLOAD<\/a><\/td>\n<\/tr>\n<tr class=\"row-19\">\n\t<td class=\"column-1\">March 5, 2019<\/td><td class=\"column-2\">CUPE 7811 and Cornwall Community Hospital (changes in master schedule amount to layoffs)<\/td><td class=\"column-3\">Arbitration<\/td><td class=\"column-4\">9.08<\/td><td class=\"column-5\"><a style=\"font-weight:700;\" href=\"https:\/\/ochu.on.ca\/wp-content\/uploads\/2023\/11\/2019-03-29-1741-Cornwall-Community-Hospital-CUPE-7811-shift-elimination-award.pdf\" rel=\"noopener\" target=\"_blank\"> DOWNLOAD<\/a><\/td>\n<\/tr>\n<tr class=\"row-20\">\n\t<td class=\"column-1\">November 27, 2018<\/td><td class=\"column-2\">Canadian National Federation of Independent Unions and Providence St. Joseph\u2019s and St. Michael\u2019s Healthcare \u2013 Effect of PSLRTA on Centrally Negotiated Agreement<\/td><td class=\"column-3\">Arbitration<\/td><td class=\"column-4\">0.00<\/td><td class=\"column-5\"><a style=\"font-weight:700;\" href=\"https:\/\/ochu.on.ca\/wp-content\/uploads\/2023\/11\/2018-11-27-Providence-St-Joes-St-Mikes-Effect-of-PSLRTA-on-Centrally-Negotiated-Agreement.pdf\" rel=\"noopener\" target=\"_blank\"> DOWNLOAD<\/a><\/td>\n<\/tr>\n<tr class=\"row-21\">\n\t<td class=\"column-1\">November 19, 2018<\/td><td class=\"column-2\">CUPE 1999 (6364) and Markham Stouffville Hospital (LTD Benefits after age 65)<\/td><td class=\"column-3\">Arbitration<\/td><td class=\"column-4\">13.01<\/td><td class=\"column-5\"><a style=\"font-weight:700;\" href=\"https:\/\/ochu.on.ca\/wp-content\/uploads\/2023\/11\/2018-11-19-Markham-Stouffville-Hospital-and-CUPE-1999.pdf\" rel=\"noopener\" target=\"_blank\"> DOWNLOAD<\/a><\/td>\n<\/tr>\n<tr class=\"row-22\">\n\t<td class=\"column-1\">October 23, 2018<\/td><td class=\"column-2\">Cornwall Community Hospital and CUPE Local 7811 \u2013 Indeterminate Notice of Elimination<\/td><td class=\"column-3\">Arbitration<\/td><td class=\"column-4\">9.08<\/td><td class=\"column-5\"><a style=\"font-weight:700;\" href=\"https:\/\/ochu.on.ca\/wp-content\/uploads\/2023\/11\/2018-10-23-Cornwall-Community-Hospital-and-CUPE-Local-7811-Indeterminate-Notice-of-Elimination.pdf\" rel=\"noopener\" target=\"_blank\"> DOWNLOAD<\/a><\/td>\n<\/tr>\n<tr class=\"row-23\">\n\t<td class=\"column-1\">October 9, 2018<\/td><td class=\"column-2\">CUPE 1623 and Health Sciences North (Work of the Bargaining Unit)<\/td><td class=\"column-3\">Arbitration<\/td><td class=\"column-4\">11.01<\/td><td class=\"column-5\"><a style=\"font-weight:700;\" href=\"https:\/\/ochu.on.ca\/wp-content\/uploads\/2023\/11\/2018-10-09-Award-HSN-and-CUPE-1623-Oct-9-2018-Final.pdf\" rel=\"noopener\" target=\"_blank\"> DOWNLOAD<\/a><\/td>\n<\/tr>\n<tr class=\"row-24\">\n\t<td class=\"column-1\">February 7, 2018<\/td><td class=\"column-2\">CUPE 1909 and Ross Memorial Hospital (Voluntary Exit Grievances)<\/td><td class=\"column-3\">Arbitration<\/td><td class=\"column-4\">9.08<\/td><td class=\"column-5\"><a style=\"font-weight:700;\" href=\"https:\/\/ochu.on.ca\/wp-content\/uploads\/2023\/11\/2018-02-07-Ross-Memorial-and-CUPE-1909-Voluntary-Exit.pdf\" rel=\"noopener\" target=\"_blank\"> DOWNLOAD<\/a><\/td>\n<\/tr>\n<tr class=\"row-25\">\n\t<td class=\"column-1\">May 30, 2017<\/td><td class=\"column-2\">CUPE 5180.1 and SteriPro (Notice of Layoff)<\/td><td class=\"column-3\">Arbitration<\/td><td class=\"column-4\">9.08<\/td><td class=\"column-5\"><a style=\"font-weight:700;\" href=\"https:\/\/ochu.on.ca\/wp-content\/uploads\/2023\/11\/2017-05-30-Steripro-and-Local-5180.pdf\" rel=\"noopener\" target=\"_blank\"> DOWNLOAD<\/a><\/td>\n<\/tr>\n<tr class=\"row-26\">\n\t<td class=\"column-1\">April 18, 2017<\/td><td class=\"column-2\">CUPE 139 v. North Bay Regional Health Centre (Pharmacy Assistants)<\/td><td class=\"column-3\">Arbitration<\/td><td class=\"column-4\">9.08<\/td><td class=\"column-5\"><a style=\"font-weight:700;\" href=\"https:\/\/ochu.on.ca\/wp-content\/uploads\/2023\/11\/2017-04-18-North-Bay-Regional-Health-and-Local-139.pdf\" rel=\"noopener\" target=\"_blank\"> DOWNLOAD<\/a><\/td>\n<\/tr>\n<tr class=\"row-27\">\n\t<td class=\"column-1\">April 12, 2017<\/td><td class=\"column-2\">CUPE 1909 v. Ross Memorial Hospital (Displacement Through Bumping)<\/td><td class=\"column-3\">Arbitration<\/td><td class=\"column-4\">9.08<\/td><td class=\"column-5\"><a style=\"font-weight:700;\" href=\"https:\/\/ochu.on.ca\/wp-content\/uploads\/2023\/11\/2017-04-12-Ross-Memorial-Hospital-and-Local-1909.pdf\" rel=\"noopener\" target=\"_blank\"> DOWNLOAD<\/a><\/td>\n<\/tr>\n<tr class=\"row-28\">\n\t<td class=\"column-1\">April 11, 2017<\/td><td class=\"column-2\">CUPE Local 786 v. St. Joseph\u2019s Healthcare Hamilton (Displacement Through Bumping)<\/td><td class=\"column-3\">Arbitration<\/td><td class=\"column-4\">9.08<\/td><td class=\"column-5\"><a style=\"font-weight:700;\" href=\"https:\/\/ochu.on.ca\/wp-content\/uploads\/2023\/11\/2017-04-11-St-Josephs-Healthcare-Hamilton-and-Local-786.pdf\" rel=\"noopener\" target=\"_blank\"> DOWNLOAD<\/a><\/td>\n<\/tr>\n<tr class=\"row-29\">\n\t<td class=\"column-1\">February 9, 2017<\/td><td class=\"column-2\">CUPE Local 2119 v. Perth and Smith Falls District Hospital (Job Posting)<\/td><td class=\"column-3\">Arbitration<\/td><td class=\"column-4\">9.05<\/td><td class=\"column-5\"><a style=\"font-weight:700;\" href=\"https:\/\/ochu.on.ca\/wp-content\/uploads\/2023\/11\/2017-02-09-Perth-and-Smiths-Falls-Hospital-and-Local-2119.pdf\" rel=\"noopener\" target=\"_blank\"> DOWNLOAD<\/a><\/td>\n<\/tr>\n<tr class=\"row-30\">\n\t<td class=\"column-1\">February 6, 2017<\/td><td class=\"column-2\">CUPE Local 2119 v. Perth and Smith Falls District Hospital (HOODIP)<\/td><td class=\"column-3\">Arbitration<\/td><td class=\"column-4\">3.01<\/td><td class=\"column-5\"><a style=\"font-weight:700;\" href=\"https:\/\/ochu.on.ca\/wp-content\/uploads\/2023\/11\/2017-02-06-Perth-and-Smith-Falls-Hospital-and-local-2119.pdf\" rel=\"noopener\" target=\"_blank\"> DOWNLOAD<\/a><\/td>\n<\/tr>\n<tr class=\"row-31\">\n\t<td class=\"column-1\">January 16, 2017<\/td><td class=\"column-2\">CUPE Local 942 v. Royal Ottawa Health Care Group (Reassignment)<\/td><td class=\"column-3\">Arbitration<\/td><td class=\"column-4\">9.08<\/td><td class=\"column-5\"><a style=\"font-weight:700;\" href=\"https:\/\/ochu.on.ca\/wp-content\/uploads\/2023\/11\/2017-01-16-Local-942-and-Royal-Ottawa-Health.pdf\" rel=\"noopener\" target=\"_blank\"> DOWNLOAD<\/a><\/td>\n<\/tr>\n<tr class=\"row-32\">\n\t<td class=\"column-1\">December 19, 2016<\/td><td class=\"column-2\">CUPE Local 4540 v. Bruyere Continuing Care (Calculation of Vacation Pay)<\/td><td class=\"column-3\">Arbitration<\/td><td class=\"column-4\">11.01<\/td><td class=\"column-5\"><a style=\"font-weight:700;\" href=\"https:\/\/ochu.on.ca\/wp-content\/uploads\/2023\/11\/2016-12-19-Bruyere-Continuing-Care-and-Local-4540.pdf\" rel=\"noopener\" target=\"_blank\"> DOWNLOAD<\/a><\/td>\n<\/tr>\n<tr class=\"row-33\">\n\t<td class=\"column-1\">December 7, 2016<\/td><td class=\"column-2\">CUPE Local 5180 v. Trillium Health Partners (estoppel)<\/td><td class=\"column-3\">Arbitration<\/td><td class=\"column-4\">9.07<\/td><td class=\"column-5\"><a style=\"font-weight:700;\" href=\"https:\/\/ochu.on.ca\/wp-content\/uploads\/2023\/11\/2016-12-07-Trillium-Health-and-Local-5180.pdf\" rel=\"noopener\" target=\"_blank\"> DOWNLOAD<\/a><\/td>\n<\/tr>\n<tr class=\"row-34\">\n\t<td class=\"column-1\">September 30, 2016<\/td><td class=\"column-2\">CUPE Local 2198 v. Arnprior Regional Health (Fiscal Advisory Committee)<\/td><td class=\"column-3\">Arbitration<\/td><td class=\"column-4\">21.00<\/td><td class=\"column-5\"><a style=\"font-weight:700;\" href=\"https:\/\/ochu.on.ca\/wp-content\/uploads\/2023\/11\/2016-09-30-Arnprior-Regional-Health-and-Local-2198.pdf\" rel=\"noopener\" target=\"_blank\"> DOWNLOAD<\/a><\/td>\n<\/tr>\n<tr class=\"row-35\">\n\t<td class=\"column-1\">September 2, 2016<\/td><td class=\"column-2\">CUPE Local 2875 v. Queensway Carlton Hospital (Attendance Management)<\/td><td class=\"column-3\">Arbitration<\/td><td class=\"column-4\">3.02<\/td><td class=\"column-5\"><a style=\"font-weight:700;\" href=\"https:\/\/ochu.on.ca\/wp-content\/uploads\/2023\/11\/2016-09-02-Local-2875-and-Queensway-Carleton-Hospital-Attendance-management.pdf\" rel=\"noopener\" target=\"_blank\"> DOWNLOAD<\/a><\/td>\n<\/tr>\n<tr class=\"row-36\">\n\t<td class=\"column-1\">October 15, 2012<\/td><td class=\"column-2\">Case is CUPE Local 1592 and Providence Healthcare  (All vacancies posted as temporary)<\/td><td class=\"column-3\">Arbitration<\/td><td class=\"column-4\">9.05<\/td><td class=\"column-5\"><\/td>\n<\/tr>\n<\/tbody>\n<\/table>\n<!-- #tablepress-1 from cache -->[\/et_pb_code][\/et_pb_column][\/et_pb_row][\/et_pb_section]<\/p>\n","protected":false},"excerpt":{"rendered":"<p>CE QUE NOUS FAISONSARBITRAGE ET GRIEFSLe premier vice-pr\u00e9sident du CSHO est \u00e0 la disposition des membres pour les aider tout au long de la proc\u00e9dure d\u2019arbitrage ou de r\u00e8glement des [&hellip;]<\/p>\n","protected":false},"author":2,"featured_media":0,"parent":0,"menu_order":0,"comment_status":"closed","ping_status":"closed","template":"","meta":{"_et_pb_use_builder":"on","_et_pb_old_content":"","_et_gb_content_width":"","_monsterinsights_skip_tracking":false,"_monsterinsights_sitenote_active":false,"_monsterinsights_sitenote_note":"","_monsterinsights_sitenote_category":0,"footnotes":""},"class_list":["post-2239","page","type-page","status-publish","hentry"],"_links":{"self":[{"href":"https:\/\/ochu.on.ca\/fr\/wp-json\/wp\/v2\/pages\/2239","targetHints":{"allow":["GET"]}}],"collection":[{"href":"https:\/\/ochu.on.ca\/fr\/wp-json\/wp\/v2\/pages"}],"about":[{"href":"https:\/\/ochu.on.ca\/fr\/wp-json\/wp\/v2\/types\/page"}],"author":[{"embeddable":true,"href":"https:\/\/ochu.on.ca\/fr\/wp-json\/wp\/v2\/users\/2"}],"replies":[{"embeddable":true,"href":"https:\/\/ochu.on.ca\/fr\/wp-json\/wp\/v2\/comments?post=2239"}],"version-history":[{"count":4,"href":"https:\/\/ochu.on.ca\/fr\/wp-json\/wp\/v2\/pages\/2239\/revisions"}],"predecessor-version":[{"id":2854,"href":"https:\/\/ochu.on.ca\/fr\/wp-json\/wp\/v2\/pages\/2239\/revisions\/2854"}],"wp:attachment":[{"href":"https:\/\/ochu.on.ca\/fr\/wp-json\/wp\/v2\/media?parent=2239"}],"curies":[{"name":"wp","href":"https:\/\/api.w.org\/{rel}","templated":true}]}}