{"id":2261,"date":"2023-11-24T13:42:30","date_gmt":"2023-11-24T18:42:30","guid":{"rendered":"https:\/\/ochu.on.ca\/nous-joindre\/"},"modified":"2025-11-27T11:17:53","modified_gmt":"2025-11-27T16:17:53","slug":"nous-joindre","status":"publish","type":"page","link":"https:\/\/ochu.on.ca\/fr\/nous-joindre\/","title":{"rendered":"Nous joindre"},"content":{"rendered":"<p>[et_pb_section fb_built=\u00a0\u00bb1&Prime; admin_label=\u00a0\u00bbHeader\u00a0\u00bb _builder_version=\u00a0\u00bb4.23.1&Prime; _module_preset=\u00a0\u00bbdefault\u00a0\u00bb background_color=\u00a0\u00bb#000000&Prime; background_image=\u00a0\u00bbhttps:\/\/ochu.on.ca\/wp-content\/uploads\/2023\/12\/Rally-Banner-Image-7.jpg\u00a0\u00bb background_size=\u00a0\u00bbcustom\u00a0\u00bb background_image_width=\u00a0\u00bb55%\u00a0\u00bb background_position=\u00a0\u00bbcenter_right\u00a0\u00bb custom_margin=\u00a0\u00bb||||false|false\u00a0\u00bb custom_padding=\u00a0\u00bb100px||100px||true|false\u00a0\u00bb background_last_edited=\u00a0\u00bbon|phone\u00a0\u00bb background_size_tablet=\u00a0\u00bbcover\u00a0\u00bb background_image_width_phone=\u00a0\u00bb90%\u00a0\u00bb background_position_tablet=\u00a0\u00bbcenter\u00a0\u00bb overflow-x_tablet=\u00a0\u00bb\u00a0\u00bb overflow-x_phone=\u00a0\u00bbhidden\u00a0\u00bb overflow-x_last_edited=\u00a0\u00bbon|phone\u00a0\u00bb overflow-y_tablet=\u00a0\u00bb\u00a0\u00bb overflow-y_phone=\u00a0\u00bbhidden\u00a0\u00bb overflow-y_last_edited=\u00a0\u00bbon|phone\u00a0\u00bb collapsed=\u00a0\u00bboff\u00a0\u00bb global_colors_info=\u00a0\u00bb{}\u00a0\u00bb][et_pb_row column_structure=\u00a0\u00bb3_5,2_5&Prime; use_custom_gutter=\u00a0\u00bbon\u00a0\u00bb gutter_width=\u00a0\u00bb1&Prime; _builder_version=\u00a0\u00bb4.23&Prime; _module_preset=\u00a0\u00bbdefault\u00a0\u00bb custom_margin=\u00a0\u00bb||||false|false\u00a0\u00bb custom_margin_tablet=\u00a0\u00bb20%||||false|false\u00a0\u00bb custom_margin_phone=\u00a0\u00bb30%||||false|false\u00a0\u00bb custom_margin_last_edited=\u00a0\u00bbon|desktop\u00a0\u00bb global_colors_info=\u00a0\u00bb{}\u00a0\u00bb header_font_size_last_edited=\u00a0\u00bbon|phone\u00a0\u00bb header_font_size_tablet=\u00a0\u00bb60px\u00a0\u00bb header_font_size_phone=\u00a0\u00bb60px\u00a0\u00bb][et_pb_column type=\u00a0\u00bb3_5&Prime; _builder_version=\u00a0\u00bb4.23&Prime; _module_preset=\u00a0\u00bbdefault\u00a0\u00bb background_color=\u00a0\u00bb#C6006F\u00a0\u00bb custom_padding=\u00a0\u00bb50px|50px|50px|50px|true|true\u00a0\u00bb custom_padding_tablet=\u00a0\u00bb30px|30px|30px|30px|true|true\u00a0\u00bb custom_padding_phone=\u00a0\u00bb20px|20px|20px|20px|true|true\u00a0\u00bb custom_padding_last_edited=\u00a0\u00bbon|desktop\u00a0\u00bb animation_style=\u00a0\u00bbslide\u00a0\u00bb animation_direction=\u00a0\u00bbleft\u00a0\u00bb animation_intensity_slide=\u00a0\u00bb5%\u00a0\u00bb global_colors_info=\u00a0\u00bb{}\u00a0\u00bb][et_pb_text _builder_version=\u00a0\u00bb4.23&Prime; _module_preset=\u00a0\u00bbc16985e1-e0d6-4022-964d-e2bfc04fa633&Prime; text_text_color=\u00a0\u00bb#ffffff\u00a0\u00bb text_font_size=\u00a0\u00bb18px\u00a0\u00bb text_line_height=\u00a0\u00bb1.5em\u00a0\u00bb header_font=\u00a0\u00bbTeko||||||||\u00a0\u00bb header_text_color=\u00a0\u00bb#FFFFFF\u00a0\u00bb header_font_size=\u00a0\u00bb75px\u00a0\u00bb header_line_height=\u00a0\u00bb1.1em\u00a0\u00bb header_font_size_tablet=\u00a0\u00bb60px\u00a0\u00bb header_font_size_phone=\u00a0\u00bb60px\u00a0\u00bb header_font_size_last_edited=\u00a0\u00bbon|desktop\u00a0\u00bb global_colors_info=\u00a0\u00bb{}\u00a0\u00bb]<\/p>\n<h1>Nous joindre<\/h1>\n<p>[\/et_pb_text][\/et_pb_column][et_pb_column type=\u00a0\u00bb2_5&Prime; _builder_version=\u00a0\u00bb4.23&Prime; _module_preset=\u00a0\u00bbdefault\u00a0\u00bb global_colors_info=\u00a0\u00bb{}\u00a0\u00bb][\/et_pb_column][\/et_pb_row][\/et_pb_section][et_pb_section fb_built=\u00a0\u00bb1&Prime; specialty=\u00a0\u00bbon\u00a0\u00bb padding_top_1=\u00a0\u00bb0px\u00a0\u00bb padding_top_bottom_link_1=\u00a0\u00bbfalse\u00a0\u00bb padding_left_right_link_1=\u00a0\u00bbfalse\u00a0\u00bb _builder_version=\u00a0\u00bb4.23&Prime; _module_preset=\u00a0\u00bbdefault\u00a0\u00bb background_color=\u00a0\u00bb#f4f4f4&Prime; locked=\u00a0\u00bboff\u00a0\u00bb global_colors_info=\u00a0\u00bb{}\u00a0\u00bb][et_pb_column type=\u00a0\u00bb1_3&Prime; _builder_version=\u00a0\u00bb4.16&Prime; custom_padding=\u00a0\u00bb|||\u00a0\u00bb global_colors_info=\u00a0\u00bb{}\u00a0\u00bb custom_padding__hover=\u00a0\u00bb|||\u00a0\u00bb][et_pb_text _builder_version=\u00a0\u00bb4.23&Prime; _module_preset=\u00a0\u00bbdefault\u00a0\u00bb header_3_text_color=\u00a0\u00bb#C6006F\u00a0\u00bb header_3_font_size=\u00a0\u00bb30px\u00a0\u00bb global_colors_info=\u00a0\u00bb{}\u00a0\u00bb]<\/p>\n<h3>Nous joindre<\/h3>\n<p>[\/et_pb_text][et_pb_text _builder_version=\u00a0\u00bb4.23&Prime; _module_preset=\u00a0\u00bbdefault\u00a0\u00bb text_text_color=\u00a0\u00bb#000000&Prime; header_3_font=\u00a0\u00bbTeko||||||||\u00a0\u00bb header_3_text_color=\u00a0\u00bb#FFFFFF\u00a0\u00bb header_3_font_size=\u00a0\u00bb30px\u00a0\u00bb custom_margin=\u00a0\u00bb||||false|false\u00a0\u00bb global_colors_info=\u00a0\u00bb{}\u00a0\u00bb]<\/p>\n<p>Le Conseil des syndicats d\u2019h\u00f4pitaux de l\u2019Ontario du SCFP<br \/>261 Gerrard Street East<br \/>Toronto, ON M5A 2G1<br \/>T\u00e9l\u00e9phone : 416-599-0770<\/p>\n<p>[\/et_pb_text][et_pb_image src=\u00a0\u00bbhttps:\/\/ochu.on.ca\/wp-content\/uploads\/2024\/02\/OCHU-SCFP-Horizontal-logo-FR-1.png\u00a0\u00bb alt=\u00a0\u00bbOCHU CUPE logo\u00a0\u00bb title_text=\u00a0\u00bbOCHU-SCFP-Horizontal-logo-FR\u00a0\u00bb _builder_version=\u00a0\u00bb4.23.1&Prime; _module_preset=\u00a0\u00bbdefault\u00a0\u00bb width=\u00a0\u00bb70%\u00a0\u00bb custom_margin=\u00a0\u00bb-10px|||-15px|false|false\u00a0\u00bb global_colors_info=\u00a0\u00bb{}\u00a0\u00bb][\/et_pb_image][et_pb_text disabled_on=\u00a0\u00bboff|on|on\u00a0\u00bb _builder_version=\u00a0\u00bb4.23&Prime; _module_preset=\u00a0\u00bbdefault\u00a0\u00bb text_text_color=\u00a0\u00bb#FFFFFF\u00a0\u00bb link_font=\u00a0\u00bb||||on|||#FFFFFF|\u00a0\u00bb link_text_color=\u00a0\u00bb#FFFFFF\u00a0\u00bb header_3_text_color=\u00a0\u00bb#C6006F\u00a0\u00bb header_3_font_size=\u00a0\u00bb30px\u00a0\u00bb global_colors_info=\u00a0\u00bb{}\u00a0\u00bb]<\/p>\n<h3>Adresses courriel<\/h3>\n<p>[\/et_pb_text][et_pb_text disabled_on=\u00a0\u00bboff|off|on\u00a0\u00bb _builder_version=\u00a0\u00bb4.23&Prime; _module_preset=\u00a0\u00bbdefault\u00a0\u00bb global_colors_info=\u00a0\u00bb{}\u00a0\u00bb]<\/p>\n<p><strong>Pr\u00e9sident<\/strong><br \/>Michael Hurley<br \/><a href=\"mailto:michaelhurley@ochu.on.ca\">michaelhurley@ochu.on.ca<\/a><\/p>\n<p><strong>Secr\u00e9taire-tr\u00e9sori\u00e8re<\/strong><br \/>Sharon Richer<br \/><a href=\"mailto:sharonricher@ochu.on.ca\">sharonricher@ochu.on.ca<\/a><\/p>\n<p><strong>Premier vice-pr\u00e9sident<\/strong><br \/>Dave Verch<br \/><a href=\"mailto:daveverch@ochu.on.ca\">daveverch@ochu.on.ca<\/a><\/p>\n<p><strong>Vice-pr\u00e9sidente francophone<\/strong><br \/>M\u00e9lanie Viau<br \/><a href=\"mailto:melanie.vps1.scfp4721@gmail.com\">melanie.vps1.scfp4721@gmail.com<\/a><\/p>\n<p><strong>Vice-pr\u00e9sidente de la r\u00e9gion 1<\/strong><br \/>Treena Hollingworth<br \/><a href=\"mailto:treenaexec@gmail.com\">treenaexec@gmail.com<\/a><\/p>\n<p><strong>Vice-pr\u00e9sidente de la r\u00e9gion 2<\/strong><br \/>Kevin Cook<br \/><a href=\"mailto:kevinscook@rogers.com\">kevinscook@rogers.com<\/a><\/p>\n<p><strong>Vice-pr\u00e9sidente de la r\u00e9gion 3<\/strong><br \/>Calvin Campbell<br \/><a href=\"mailto:calvin.campbell@uhn.ca\">calvin.campbell@uhn.ca<\/a><\/p>\n<p><strong>Vice-pr\u00e9sidente de la r\u00e9gion 4<\/strong><br \/>Melissa Lotton<br \/><a href=\"mailto:susanlkeeling@hotmail.com\">cupetreasurer1909@gmail.com<\/a><\/p>\n<p>\u200b<strong>Vice-pr\u00e9sidente de la r\u00e9gion 5<\/strong><br \/>John Jackson<br \/><a href=\"mailto:cupelocal2119@gmail.com\">cupelocal2119@gmail.com<\/a><\/p>\n<p><strong>Vice-pr\u00e9sidente de la r\u00e9gion 6<\/strong><br \/>David Tremblay<br \/><a href=\"mailto:treasurer@local1623.ca\">treasurer@local1623.ca<\/a><\/p>\n<p>\u200b<strong>Vice-pr\u00e9sidente de la r\u00e9gion 7<\/strong><br \/>Judy Bain<br \/><a href=\"mailto:JBain@lwdh.on.ca\">JBain@lwdh.on.ca<\/a><\/p>\n<p><strong>Coordinatrice<\/strong><br \/>Maddy Fast<br \/><a href=\"mailto:admin@ochu.on.ca\">admin@ochu.on.ca<\/a><\/p>\n<p>[\/et_pb_text][\/et_pb_column][et_pb_column type=\u00a0\u00bb2_3&Prime; specialty_columns=\u00a0\u00bb2&Prime; _builder_version=\u00a0\u00bb4.16&Prime; custom_padding=\u00a0\u00bb|||\u00a0\u00bb global_colors_info=\u00a0\u00bb{}\u00a0\u00bb custom_padding__hover=\u00a0\u00bb|||\u00a0\u00bb][et_pb_row_inner disabled_on=\u00a0\u00bbon|on|off\u00a0\u00bb _builder_version=\u00a0\u00bb4.23&Prime; _module_preset=\u00a0\u00bbdefault\u00a0\u00bb custom_padding=\u00a0\u00bb0px||0px||true|false\u00a0\u00bb global_colors_info=\u00a0\u00bb{}\u00a0\u00bb][et_pb_column_inner saved_specialty_column_type=\u00a0\u00bb2_3&Prime; _builder_version=\u00a0\u00bb4.23&Prime; _module_preset=\u00a0\u00bbdefault\u00a0\u00bb global_colors_info=\u00a0\u00bb{}\u00a0\u00bb][et_pb_text _builder_version=\u00a0\u00bb4.23&Prime; _module_preset=\u00a0\u00bbdefault\u00a0\u00bb header_3_text_color=\u00a0\u00bb#C6006F\u00a0\u00bb header_3_font_size=\u00a0\u00bb30px\u00a0\u00bb global_colors_info=\u00a0\u00bb{}\u00a0\u00bb]<\/p>\n<h3>Adresses courriel<\/h3>\n<p>[\/et_pb_text][\/et_pb_column_inner][\/et_pb_row_inner][et_pb_row_inner column_structure=\u00a0\u00bb1_3,1_3,1_3&Prime; disabled_on=\u00a0\u00bbon|on|off\u00a0\u00bb _builder_version=\u00a0\u00bb4.23&Prime; _module_preset=\u00a0\u00bbdefault\u00a0\u00bb global_colors_info=\u00a0\u00bb{}\u00a0\u00bb][et_pb_column_inner type=\u00a0\u00bb1_3&Prime; saved_specialty_column_type=\u00a0\u00bb2_3&Prime; _builder_version=\u00a0\u00bb4.23&Prime; _module_preset=\u00a0\u00bbdefault\u00a0\u00bb global_colors_info=\u00a0\u00bb{}\u00a0\u00bb][et_pb_text _builder_version=\u00a0\u00bb4.23&Prime; _module_preset=\u00a0\u00bbdefault\u00a0\u00bb text_text_color=\u00a0\u00bb#000000&Prime; text_font_size=\u00a0\u00bb14px\u00a0\u00bb text_line_height=\u00a0\u00bb1.5em\u00a0\u00bb link_text_color=\u00a0\u00bb#FFFFFF\u00a0\u00bb custom_margin=\u00a0\u00bb|||-20px|false|false\u00a0\u00bb global_colors_info=\u00a0\u00bb{}\u00a0\u00bb]Pr\u00e9sident<\/p>\n<p>Secr\u00e9taire-tr\u00e9sori\u00e8re<\/p>\n<p>Premier vice-pr\u00e9sident<\/p>\n<p>Vice-pr\u00e9sidente francophone<\/p>\n<p>Vice-pr\u00e9sidente de la r\u00e9gion 1<\/p>\n<p>Vice-pr\u00e9sidente de la r\u00e9gion 2<\/p>\n<p>Vice-pr\u00e9sidente de la r\u00e9gion 3<\/p>\n<p>Vice-pr\u00e9sidente de la r\u00e9gion 4<\/p>\n<p>Vice-pr\u00e9sidente de la r\u00e9gion 5<\/p>\n<p>Vice-pr\u00e9sidente de la r\u00e9gion 6<\/p>\n<p>Vice-pr\u00e9sidente de la r\u00e9gion 7<\/p>\n<p>Coordinatrice<br \/>\n[\/et_pb_text][\/et_pb_column_inner][et_pb_column_inner type=\u00a0\u00bb1_3&Prime; saved_specialty_column_type=\u00a0\u00bb2_3&Prime; _builder_version=\u00a0\u00bb4.23&Prime; _module_preset=\u00a0\u00bbdefault\u00a0\u00bb global_colors_info=\u00a0\u00bb{}\u00a0\u00bb][et_pb_text _builder_version=\u00a0\u00bb4.23&Prime; _module_preset=\u00a0\u00bbdefault\u00a0\u00bb text_text_color=\u00a0\u00bb#000000&Prime; text_font_size=\u00a0\u00bb14px\u00a0\u00bb text_line_height=\u00a0\u00bb1.5em\u00a0\u00bb link_text_color=\u00a0\u00bb#FFFFFF\u00a0\u00bb custom_margin=\u00a0\u00bb|||-30px|false|false\u00a0\u00bb global_colors_info=\u00a0\u00bb{}\u00a0\u00bb]<\/p>\n<p>Michael Hurley<\/p>\n<p>Sharon Richer<\/p>\n<p>Dave Verch<\/p>\n<p>M\u00e9lanie Viau<\/p>\n<p>Treena Hollingworth<\/p>\n<p>Kevin Cook<\/p>\n<p>Calvin Campbell<\/p>\n<p>Melissa Lotton<\/p>\n<p>John Jackson<\/p>\n<p>David Tremblay<\/p>\n<p>Judy Bain<\/p>\n<p>Maddy Fast<\/p>\n<p>[\/et_pb_text][\/et_pb_column_inner][et_pb_column_inner type=\u00a0\u00bb1_3&Prime; saved_specialty_column_type=\u00a0\u00bb2_3&Prime; _builder_version=\u00a0\u00bb4.23&Prime; _module_preset=\u00a0\u00bbdefault\u00a0\u00bb global_colors_info=\u00a0\u00bb{}\u00a0\u00bb][et_pb_text _builder_version=\u00a0\u00bb4.23&Prime; _module_preset=\u00a0\u00bbdefault\u00a0\u00bb text_font_size=\u00a0\u00bb14px\u00a0\u00bb text_line_height=\u00a0\u00bb1.5em\u00a0\u00bb link_text_color=\u00a0\u00bb#C6006F\u00a0\u00bb link_font_size=\u00a0\u00bb14px\u00a0\u00bb custom_margin=\u00a0\u00bb|||-80px|false|false\u00a0\u00bb global_colors_info=\u00a0\u00bb{}\u00a0\u00bb]<\/p>\n<p><a href=\"mailto:michaelhurley@ochu.on.ca\">michaelhurley@ochu.on.ca<\/a><\/p>\n<p><a href=\"mailto:sharonricher@ochu.on.ca\">sharonricher@ochu.on.ca<\/a><\/p>\n<p><a href=\"mailto:daveverch@ochu.on.ca\">daveverch@ochu.on.ca<\/a><\/p>\n<p><a href=\"mailto:melanie.vps1.scfp4721@gmail.com\">melanie.vps1.scfp4721@gmail.com<\/a><\/p>\n<p><a href=\"mailto:treenaexec@gmail.com\">treenaexec@gmail.com<\/a><\/p>\n<p><a href=\"mailto:treenaexec@gmail.comkevinscook@rogers.com\">kevinscook@rogers.com<\/a><\/p>\n<p><a href=\"mailto:calvin.campbell@uhn.ca\">calvin.campbell@uhn.ca<\/a><\/p>\n<p><a href=\"cupetreasurer1909@gmail.com\">cupetreasurer1909@gmail.com<\/a><\/p>\n<p><a href=\"mailto:cupelocal2119@gmail.com\">cupelocal2119@gmail.com<\/a><\/p>\n<p><a href=\"mailto:treasurer@local1623.ca\">treasurer@local1623.ca<\/a><\/p>\n<p><a href=\"mailto:JBain@lwdh.on.ca\">JBain@lwdh.on.ca<\/a><\/p>\n<p><a href=\"mailto:admin@ochu.on.ca\">admin@ochu.on.ca<\/a><\/p>\n<p>[\/et_pb_text][\/et_pb_column_inner][\/et_pb_row_inner][\/et_pb_column][\/et_pb_section][et_pb_section fb_built=\u00a0\u00bb1&Prime; _builder_version=\u00a0\u00bb4.23&Prime; _module_preset=\u00a0\u00bbdefault\u00a0\u00bb background_color=\u00a0\u00bb#424242&Prime; custom_padding=\u00a0\u00bb0px||25px||false|false\u00a0\u00bb locked=\u00a0\u00bboff\u00a0\u00bb global_colors_info=\u00a0\u00bb{}\u00a0\u00bb][et_pb_row column_structure=\u00a0\u00bb3_5,2_5&Prime; _builder_version=\u00a0\u00bb4.23&Prime; _module_preset=\u00a0\u00bbdefault\u00a0\u00bb custom_padding=\u00a0\u00bb||0px||false|false\u00a0\u00bb global_colors_info=\u00a0\u00bb{}\u00a0\u00bb][et_pb_column type=\u00a0\u00bb3_5&Prime; _builder_version=\u00a0\u00bb4.22.2&Prime; _module_preset=\u00a0\u00bbdefault\u00a0\u00bb global_colors_info=\u00a0\u00bb{}\u00a0\u00bb][et_pb_text _builder_version=\u00a0\u00bb4.23&Prime; _module_preset=\u00a0\u00bbdefault\u00a0\u00bb link_font=\u00a0\u00bb||||on||||\u00a0\u00bb link_text_color=\u00a0\u00bb#FFFFFF\u00a0\u00bb background_layout=\u00a0\u00bbdark\u00a0\u00bb global_colors_info=\u00a0\u00bb{}\u00a0\u00bb]<a href=\"https:\/\/ochu.on.ca\/fr\/politique-de-confidentialite\/\">PRIVACY POLICY<\/a><br \/>\n[\/et_pb_text][\/et_pb_column][et_pb_column type=\u00a0\u00bb2_5&Prime; _builder_version=\u00a0\u00bb4.22.2&Prime; _module_preset=\u00a0\u00bbdefault\u00a0\u00bb global_colors_info=\u00a0\u00bb{}\u00a0\u00bb][\/et_pb_column][\/et_pb_row][\/et_pb_section]<\/p>\n","protected":false},"excerpt":{"rendered":"<p>Nous joindre Nous joindre Le Conseil des syndicats d\u2019h\u00f4pitaux de l\u2019Ontario du SCFP261 Gerrard Street EastToronto, ON M5A 2G1T\u00e9l\u00e9phone : 416-599-0770Adresses courriel Pr\u00e9sidentMichael Hurleymichaelhurley@ochu.on.ca Secr\u00e9taire-tr\u00e9sori\u00e8reSharon Richersharonricher@ochu.on.ca Premier vice-pr\u00e9sidentDave Verchdaveverch@ochu.on.ca Vice-pr\u00e9sidente [&hellip;]<\/p>\n","protected":false},"author":2,"featured_media":0,"parent":0,"menu_order":0,"comment_status":"closed","ping_status":"closed","template":"","meta":{"_et_pb_use_builder":"on","_et_pb_old_content":"","_et_gb_content_width":"","_monsterinsights_skip_tracking":false,"_monsterinsights_sitenote_active":false,"_monsterinsights_sitenote_note":"","_monsterinsights_sitenote_category":0,"footnotes":""},"class_list":["post-2261","page","type-page","status-publish","hentry"],"_links":{"self":[{"href":"https:\/\/ochu.on.ca\/fr\/wp-json\/wp\/v2\/pages\/2261","targetHints":{"allow":["GET"]}}],"collection":[{"href":"https:\/\/ochu.on.ca\/fr\/wp-json\/wp\/v2\/pages"}],"about":[{"href":"https:\/\/ochu.on.ca\/fr\/wp-json\/wp\/v2\/types\/page"}],"author":[{"embeddable":true,"href":"https:\/\/ochu.on.ca\/fr\/wp-json\/wp\/v2\/users\/2"}],"replies":[{"embeddable":true,"href":"https:\/\/ochu.on.ca\/fr\/wp-json\/wp\/v2\/comments?post=2261"}],"version-history":[{"count":10,"href":"https:\/\/ochu.on.ca\/fr\/wp-json\/wp\/v2\/pages\/2261\/revisions"}],"predecessor-version":[{"id":8869,"href":"https:\/\/ochu.on.ca\/fr\/wp-json\/wp\/v2\/pages\/2261\/revisions\/8869"}],"wp:attachment":[{"href":"https:\/\/ochu.on.ca\/fr\/wp-json\/wp\/v2\/media?parent=2261"}],"curies":[{"name":"wp","href":"https:\/\/api.w.org\/{rel}","templated":true}]}}