{"id":7225,"date":"2025-03-31T09:28:49","date_gmt":"2025-03-31T13:28:49","guid":{"rendered":"https:\/\/ochu.on.ca\/campagne-electorale\/"},"modified":"2025-04-07T18:19:59","modified_gmt":"2025-04-07T22:19:59","slug":"campagne-electorale","status":"publish","type":"page","link":"https:\/\/ochu.on.ca\/fr\/campagne-electorale\/","title":{"rendered":"Campagne \u00e9lectorale"},"content":{"rendered":"<p>[et_pb_section fb_built=\u00a0\u00bb1&Prime; admin_label=\u00a0\u00bbHeader\u00a0\u00bb _builder_version=\u00a0\u00bb4.23.1&Prime; _module_preset=\u00a0\u00bbdefault\u00a0\u00bb background_color=\u00a0\u00bb#000000&Prime; background_image=\u00a0\u00bbhttps:\/\/ochu.on.ca\/wp-content\/uploads\/2025\/02\/DSC06177.jpg\u00a0\u00bb background_size=\u00a0\u00bbcustom\u00a0\u00bb background_image_width=\u00a0\u00bb55%\u00a0\u00bb background_position=\u00a0\u00bbcenter_right\u00a0\u00bb custom_padding=\u00a0\u00bb99px||99px||true|false\u00a0\u00bb background_last_edited=\u00a0\u00bbon|desktop\u00a0\u00bb background_size_tablet=\u00a0\u00bbcover\u00a0\u00bb background_image_width_phone=\u00a0\u00bb90%\u00a0\u00bb background_position_tablet=\u00a0\u00bbcenter\u00a0\u00bb overflow-x_tablet=\u00a0\u00bb\u00a0\u00bb overflow-x_phone=\u00a0\u00bbhidden\u00a0\u00bb overflow-x_last_edited=\u00a0\u00bbon|phone\u00a0\u00bb overflow-y_tablet=\u00a0\u00bb\u00a0\u00bb overflow-y_phone=\u00a0\u00bbhidden\u00a0\u00bb overflow-y_last_edited=\u00a0\u00bbon|phone\u00a0\u00bb collapsed=\u00a0\u00bboff\u00a0\u00bb global_colors_info=\u00a0\u00bb{}\u00a0\u00bb][et_pb_row column_structure=\u00a0\u00bb3_5,2_5&Prime; use_custom_gutter=\u00a0\u00bbon\u00a0\u00bb gutter_width=\u00a0\u00bb1&Prime; _builder_version=\u00a0\u00bb4.23.1&Prime; _module_preset=\u00a0\u00bbdefault\u00a0\u00bb custom_margin=\u00a0\u00bb||||false|false\u00a0\u00bb custom_margin_tablet=\u00a0\u00bb20%||||false|false\u00a0\u00bb custom_margin_phone=\u00a0\u00bb30%||||false|false\u00a0\u00bb custom_margin_last_edited=\u00a0\u00bbon|desktop\u00a0\u00bb custom_padding=\u00a0\u00bb||27px|||\u00a0\u00bb global_colors_info=\u00a0\u00bb{}\u00a0\u00bb header_font_size_last_edited=\u00a0\u00bbon|phone\u00a0\u00bb header_font_size_tablet=\u00a0\u00bb60px\u00a0\u00bb header_font_size_phone=\u00a0\u00bb60px\u00a0\u00bb][et_pb_column type=\u00a0\u00bb3_5&Prime; _builder_version=\u00a0\u00bb4.23.1&Prime; _module_preset=\u00a0\u00bbdefault\u00a0\u00bb background_color=\u00a0\u00bb#C6006F\u00a0\u00bb custom_padding=\u00a0\u00bb50px|50px|50px|50px|true|true\u00a0\u00bb custom_padding_tablet=\u00a0\u00bb30px|30px|30px|30px|true|true\u00a0\u00bb custom_padding_phone=\u00a0\u00bb20px|20px|20px|20px|true|true\u00a0\u00bb custom_padding_last_edited=\u00a0\u00bbon|desktop\u00a0\u00bb animation_style=\u00a0\u00bbslide\u00a0\u00bb animation_direction=\u00a0\u00bbleft\u00a0\u00bb animation_intensity_slide=\u00a0\u00bb5%\u00a0\u00bb global_colors_info=\u00a0\u00bb{}\u00a0\u00bb][et_pb_text _builder_version=\u00a0\u00bb4.23.1&Prime; _module_preset=\u00a0\u00bbc16985e1-e0d6-4022-964d-e2bfc04fa633&Prime; text_text_color=\u00a0\u00bb#ffffff\u00a0\u00bb text_font_size=\u00a0\u00bb18px\u00a0\u00bb text_line_height=\u00a0\u00bb1.5em\u00a0\u00bb header_font=\u00a0\u00bbTeko||||||||\u00a0\u00bb header_text_color=\u00a0\u00bb#FFFFFF\u00a0\u00bb header_font_size=\u00a0\u00bb75px\u00a0\u00bb header_line_height=\u00a0\u00bb1.1em\u00a0\u00bb header_2_text_color=\u00a0\u00bb#FFFFFF\u00a0\u00bb header_2_font_size=\u00a0\u00bb70px\u00a0\u00bb custom_padding=\u00a0\u00bb|0px||||\u00a0\u00bb header_font_size_tablet=\u00a0\u00bb60px\u00a0\u00bb header_font_size_phone=\u00a0\u00bb60px\u00a0\u00bb header_font_size_last_edited=\u00a0\u00bbon|desktop\u00a0\u00bb global_colors_info=\u00a0\u00bb{}\u00a0\u00bb]<\/p>\n<h2><span class=\"TextRun Highlight SCXW164404570 BCX4\" lang=\"FR-CA\" xml:lang=\"FR-CA\" data-contrast=\"none\"><span class=\"NormalTextRun SCXW164404570 BCX4\">Campagne \u00e9lectorale<\/span><\/span><span class=\"EOP SCXW164404570 BCX4\" data-ccp-props=\"{&quot;201341983&quot;:0,&quot;335559739&quot;:0,&quot;335559740&quot;:240}\">\u00a0<\/span><\/h2>\n<p><span class=\"TextRun Highlight SCXW2612001 BCX4\" lang=\"FR-CA\" xml:lang=\"FR-CA\" data-contrast=\"none\"><span class=\"NormalTextRun SCXW2612001 BCX4\">ON NE PEUT PAS IGNORER LA CRISE DANS LES SOINS DE SANT\u00c9!<\/span><\/span><span class=\"EOP SCXW2612001 BCX4\" data-ccp-props=\"{&quot;201341983&quot;:0,&quot;335559739&quot;:0,&quot;335559740&quot;:240}\">\u00a0<\/span><\/p>\n<p>[\/et_pb_text][\/et_pb_column][et_pb_column type=\u00a0\u00bb2_5&Prime; _builder_version=\u00a0\u00bb4.23.1&Prime; _module_preset=\u00a0\u00bbdefault\u00a0\u00bb global_colors_info=\u00a0\u00bb{}\u00a0\u00bb][\/et_pb_column][\/et_pb_row][\/et_pb_section][et_pb_section fb_built=\u00a0\u00bb1&Prime; _builder_version=\u00a0\u00bb4.23.1&Prime; _module_preset=\u00a0\u00bbdefault\u00a0\u00bb custom_margin=\u00a0\u00bb||||false|false\u00a0\u00bb custom_padding=\u00a0\u00bb||||false|false\u00a0\u00bb global_colors_info=\u00a0\u00bb{}\u00a0\u00bb][et_pb_row module_id=\u00a0\u00bbochu-trustees\u00a0\u00bb _builder_version=\u00a0\u00bb4.23.1&Prime; _module_preset=\u00a0\u00bbdefault\u00a0\u00bb background_color=\u00a0\u00bbRGBA(255,255,255,0)\u00a0\u00bb border_width_all=\u00a0\u00bb1px\u00a0\u00bb border_color_all=\u00a0\u00bbRGBA(255,255,255,0)\u00a0\u00bb global_colors_info=\u00a0\u00bb{}\u00a0\u00bb][et_pb_column type=\u00a0\u00bb4_4&Prime; _builder_version=\u00a0\u00bb4.23&Prime; _module_preset=\u00a0\u00bbdefault\u00a0\u00bb global_colors_info=\u00a0\u00bb{}\u00a0\u00bb][et_pb_text _builder_version=\u00a0\u00bb4.23.1&Prime; _module_preset=\u00a0\u00bbc16985e1-e0d6-4022-964d-e2bfc04fa633&Prime; link_font=\u00a0\u00bb||||on||||\u00a0\u00bb header_font=\u00a0\u00bbTeko||||||||\u00a0\u00bb header_text_color=\u00a0\u00bb#FFFFFF\u00a0\u00bb header_font_size=\u00a0\u00bb75px\u00a0\u00bb header_line_height=\u00a0\u00bb1.1em\u00a0\u00bb header_2_font=\u00a0\u00bbTeko||||||||\u00a0\u00bb header_2_font_size=\u00a0\u00bb50px\u00a0\u00bb width=\u00a0\u00bb100%\u00a0\u00bb custom_margin=\u00a0\u00bb||||false|false\u00a0\u00bb custom_padding=\u00a0\u00bb||0px||false|false\u00a0\u00bb header_font_size_tablet=\u00a0\u00bb40px\u00a0\u00bb header_font_size_phone=\u00a0\u00bb24px\u00a0\u00bb header_font_size_last_edited=\u00a0\u00bbon|desktop\u00a0\u00bb global_colors_info=\u00a0\u00bb{}\u00a0\u00bb]<\/p>\n<h2><span class=\"TextRun SCXW77202149 BCX4\" lang=\"FR-CA\" xml:lang=\"FR-CA\" data-contrast=\"auto\"><span class=\"NormalTextRun SCXW77202149 BCX4\">Tour<\/span><span class=\"NormalTextRun SCXW77202149 BCX4\">n\u00e9e des civi\u00e8res pour mettre en lumi\u00e8re <\/span><span class=\"NormalTextRun SCXW77202149 BCX4\">la m\u00e9decine de couloir<\/span><\/span><span class=\"EOP SCXW77202149 BCX4\" data-ccp-props=\"{&quot;201341983&quot;:0,&quot;335559739&quot;:0,&quot;335559740&quot;:240}\">\u00a0<\/span><\/h2>\n<div data-olk-copy-source=\"MessageBody\"><span class=\"TextRun SCXW173388150 BCX4\" lang=\"FR-CA\" xml:lang=\"FR-CA\" data-contrast=\"auto\"><span class=\"NormalTextRun SCXW173388150 BCX4\">E<\/span><span class=\"NormalTextRun SCXW173388150 BCX4\">n 2024, <\/span><span class=\"NormalTextRun SCXW173388150 BCX4\">la crise dans les soins de sant\u00e9 de l\u2019<\/span><span class=\"NormalTextRun SCXW173388150 BCX4\">Ontario<\/span><span class=\"NormalTextRun SCXW173388150 BCX4\"> a att<\/span><span class=\"NormalTextRun SCXW173388150 BCX4\">e<\/span><span class=\"NormalTextRun SCXW173388150 BCX4\">int <\/span><span class=\"NormalTextRun SCXW173388150 BCX4\">de nouveaux planchers<\/span><span class=\"NormalTextRun SCXW173388150 BCX4\">\u202f:<\/span><span class=\"NormalTextRun SCXW173388150 BCX4\"> le nombre de patientes et <\/span><span class=\"NormalTextRun SCXW173388150 BCX4\">patients<\/span><span class=\"NormalTextRun SCXW173388150 BCX4\"> dans les corridors des h\u00f4pitaux <\/span><\/span><a class=\"Hyperlink SCXW173388150 BCX4\" href=\"https:\/\/www.thetrillium.ca\/news\/health\/hospital-data-shows-ontarios-hallway-health-care-problem-is-worse-than-ever-9370235\" target=\"_blank\" rel=\"noreferrer noopener\"><span class=\"TextRun Underlined SCXW173388150 BCX4\" lang=\"FR-CA\" xml:lang=\"FR-CA\" data-contrast=\"none\"><span class=\"NormalTextRun SCXW173388150 BCX4\" data-ccp-charstyle=\"Hyperlink\">a atteint un niveau <\/span><span class=\"NormalTextRun SCXW173388150 BCX4\" data-ccp-charstyle=\"Hyperlink\">record<\/span><\/span><\/a><span class=\"TextRun SCXW173388150 BCX4\" lang=\"FR-CA\" xml:lang=\"FR-CA\" data-contrast=\"auto\"><span class=\"NormalTextRun SCXW173388150 BCX4\">; <\/span><span class=\"NormalTextRun SCXW173388150 BCX4\">les fermetures d\u2019urgences ont <\/span><span class=\"NormalTextRun SCXW173388150 BCX4\">atteint un<\/span><span class=\"NormalTextRun SCXW173388150 BCX4\">\u202f<\/span><\/span><a class=\"Hyperlink SCXW173388150 BCX4\" href=\"https:\/\/www.cbc.ca\/news\/canada\/ottawa\/data-analysis-er-closures-three-years-2024-worst-year-for-scheduled-closures-1.7396789\" target=\"_blank\" rel=\"noreferrer noopener\"><span class=\"TextRun Underlined SCXW173388150 BCX4\" lang=\"FR-CA\" xml:lang=\"FR-CA\" data-contrast=\"none\"><span class=\"NormalTextRun SCXW173388150 BCX4\" data-ccp-charstyle=\"Hyperlink\">n<\/span><span class=\"NormalTextRun SCXW173388150 BCX4\" data-ccp-charstyle=\"Hyperlink\">ouveau seuil<\/span><\/span><\/a><span class=\"TextRun SCXW173388150 BCX4\" lang=\"FR-CA\" xml:lang=\"FR-CA\" data-contrast=\"auto\"><span class=\"NormalTextRun SCXW173388150 BCX4\">; <\/span><span class=\"NormalTextRun SCXW173388150 BCX4\">le <\/span><span class=\"NormalTextRun CommentStart CommentHighlightPipeRestRefresh CommentHighlightRest SCXW173388150 BCX4\">temps <\/span><span class=\"NormalTextRun ContextualSpellingAndGrammarErrorV2Themed CommentHighlightRest SCXW173388150 BCX4\">d\u2019attente<\/span> <span class=\"NormalTextRun ContextualSpellingAndGrammarErrorV2Themed SCXW173388150 BCX4\">p<\/span><span class=\"NormalTextRun ContextualSpellingAndGrammarErrorV2Themed SCXW173388150 BCX4\">o<\/span><span class=\"NormalTextRun ContextualSpellingAndGrammarErrorV2Themed SCXW173388150 BCX4\">u<\/span><span class=\"NormalTextRun ContextualSpellingAndGrammarErrorV2Themed SCXW173388150 BCX4\">r<\/span> <span class=\"NormalTextRun SCXW173388150 BCX4\">des lits <\/span><span class=\"NormalTextRun SCXW173388150 BCX4\">de<\/span><span class=\"NormalTextRun SCXW173388150 BCX4\"> soins de longue dur\u00e9e <\/span><\/span><a class=\"Hyperlink SCXW173388150 BCX4\" href=\"https:\/\/www.oltca.com\/about-long-term-care\/the-data\/\" target=\"_blank\" rel=\"noreferrer noopener\"><span class=\"TextRun Underlined SCXW173388150 BCX4\" lang=\"FR-CA\" xml:lang=\"FR-CA\" data-contrast=\"none\"><span class=\"NormalTextRun SCXW173388150 BCX4\" data-ccp-charstyle=\"Hyperlink\">a<\/span><span class=\"NormalTextRun SCXW173388150 BCX4\" data-ccp-charstyle=\"Hyperlink\"> culmin\u00e9 \u00e0 <\/span><span class=\"NormalTextRun SCXW173388150 BCX4\" data-ccp-charstyle=\"Hyperlink\">48<\/span><span class=\"NormalTextRun SCXW173388150 BCX4\" data-ccp-charstyle=\"Hyperlink\">\u202f<\/span><span class=\"NormalTextRun SCXW173388150 BCX4\" data-ccp-charstyle=\"Hyperlink\">000<\/span><\/span><\/a><span class=\"TextRun SCXW173388150 BCX4\" lang=\"FR-CA\" xml:lang=\"FR-CA\" data-contrast=\"auto\"><span class=\"NormalTextRun SCXW173388150 BCX4\">, 250<\/span><span class=\"NormalTextRun SCXW173388150 BCX4\">\u202f<\/span><span class=\"NormalTextRun SCXW173388150 BCX4\">000<\/span><span class=\"NormalTextRun SCXW173388150 BCX4\">\u202fpersonnes<\/span><span class=\"NormalTextRun SCXW173388150 BCX4\"> ont croupi sur la liste d\u2019attente pour une chirurgie <\/span><span class=\"NormalTextRun CommentStart CommentHighlightPipeRestRefresh CommentHighlightRest SCXW173388150 BCX4\">et<\/span><span class=\"NormalTextRun CommentHighlightRest SCXW173388150 BCX4\">\u202f<\/span><\/span><a class=\"Hyperlink SCXW173388150 BCX4\" href=\"https:\/\/www.cbc.ca\/player\/play\/video\/9.6446008\" target=\"_blank\" rel=\"noreferrer noopener\"><span class=\"TextRun Underlined SCXW173388150 BCX4\" lang=\"FR-CA\" xml:lang=\"FR-CA\" data-contrast=\"none\"><span class=\"NormalTextRun CommentHighlightPipeRestRefresh SCXW173388150 BCX4\" data-ccp-charstyle=\"Hyperlink\">2<\/span><span class=\"NormalTextRun SCXW173388150 BCX4\" data-ccp-charstyle=\"Hyperlink\">,<\/span><span class=\"NormalTextRun SCXW173388150 BCX4\" data-ccp-charstyle=\"Hyperlink\">5<\/span><span class=\"NormalTextRun SCXW173388150 BCX4\" data-ccp-charstyle=\"Hyperlink\">\u202f<\/span><span class=\"NormalTextRun SCXW173388150 BCX4\" data-ccp-charstyle=\"Hyperlink\">million<\/span><span class=\"NormalTextRun SCXW173388150 BCX4\" data-ccp-charstyle=\"Hyperlink\">s<\/span> <span class=\"NormalTextRun SCXW173388150 BCX4\" data-ccp-charstyle=\"Hyperlink\">de <\/span><span class=\"NormalTextRun SCXW173388150 BCX4\" data-ccp-charstyle=\"Hyperlink\">pe<\/span><span class=\"NormalTextRun SCXW173388150 BCX4\" data-ccp-charstyle=\"Hyperlink\">rsonnes<\/span><\/span><\/a><span class=\"TextRun SCXW173388150 BCX4\" lang=\"FR-CA\" xml:lang=\"FR-CA\" data-contrast=\"auto\"><span class=\"NormalTextRun SCXW173388150 BCX4\">\u202f<\/span><span class=\"NormalTextRun SCXW173388150 BCX4\">n\u2019avaient pas de m\u00e9decin de famille<\/span><span class=\"NormalTextRun SCXW173388150 BCX4\">. <\/span><span class=\"NormalTextRun SCXW173388150 BCX4\">\u00c0<\/span><span class=\"NormalTextRun SCXW173388150 BCX4\"> Hamilton, <\/span><span class=\"NormalTextRun SCXW173388150 BCX4\">le plus gros h\u00f4pital de la ville <\/span><span class=\"NormalTextRun SCXW173388150 BCX4\">a mis une pause sur les embauches <\/span><span class=\"NormalTextRun SCXW173388150 BCX4\">en raison d\u2019<\/span><span class=\"NormalTextRun SCXW173388150 BCX4\">un<\/span><span class=\"NormalTextRun SCXW173388150 BCX4\">\u202f<\/span><\/span><a class=\"Hyperlink SCXW173388150 BCX4\" href=\"https:\/\/www.thespec.com\/news\/hamilton-region\/enormous-deficit-of-112-million-at-hhs-prompts-union-to-raise-alarm-about-cuts\/article_e2d80859-414c-5abf-b029-3b030547c1e3.html\" target=\"_blank\" rel=\"noreferrer noopener\"><span class=\"FieldRange SCXW173388150 BCX4\"><span class=\"TextRun Underlined SCXW173388150 BCX4\" lang=\"FR-CA\" xml:lang=\"FR-CA\" data-contrast=\"none\"><span class=\"NormalTextRun CommentStart CommentHighlightPipeRestRefresh CommentHighlightRest SCXW173388150 BCX4\" data-ccp-charstyle=\"Hyperlink\">d\u00e9ficit budg\u00e9taire <\/span><span class=\"NormalTextRun CommentHighlightRest SCXW173388150 BCX4\" data-ccp-charstyle=\"Hyperlink\">pr\u00e9vu de <\/span><span class=\"NormalTextRun CommentHighlightRest SCXW173388150 BCX4\" data-ccp-charstyle=\"Hyperlink\">112<\/span><span class=\"NormalTextRun CommentHighlightRest SCXW173388150 BCX4\" data-ccp-charstyle=\"Hyperlink\">\u202fmillions de dollars<\/span><\/span><\/span><\/a><span class=\"TextRun SCXW173388150 BCX4\" lang=\"FR-CA\" xml:lang=\"FR-CA\" data-contrast=\"auto\"><span class=\"NormalTextRun CommentHighlightPipeRestRefresh SCXW173388150 BCX4\">. <\/span><span class=\"NormalTextRun SCXW173388150 BCX4\">Et pourtant<\/span><span class=\"NormalTextRun SCXW173388150 BCX4\">, <\/span><span class=\"NormalTextRun SCXW173388150 BCX4\">les d\u00e9fenseurs <\/span><span class=\"NormalTextRun CommentStart CommentHighlightPipeRestRefresh CommentHighlightRest SCXW173388150 BCX4\">affirment <\/span><span class=\"NormalTextRun CommentHighlightPipeRestRefresh SCXW173388150 BCX4\">qu\u2019au lieu de r\u00e9gler cette crise, le<\/span><span class=\"NormalTextRun SCXW173388150 BCX4\"> go<\/span><span class=\"NormalTextRun SCXW173388150 BCX4\">u<\/span><span class=\"NormalTextRun SCXW173388150 BCX4\">vern<\/span><span class=\"NormalTextRun SCXW173388150 BCX4\">e<\/span><span class=\"NormalTextRun SCXW173388150 BCX4\">ment <\/span><span class=\"NormalTextRun SCXW173388150 BCX4\">se concentre inutilement sur une campagne \u00e9lectorale anticip\u00e9e<\/span><span class=\"NormalTextRun SCXW173388150 BCX4\">.<\/span> <span class=\"TextRun SCXW135356359 BCX4\" lang=\"FR-CA\" xml:lang=\"FR-CA\" data-contrast=\"auto\"><span class=\"NormalTextRun SCXW135356359 BCX4\">[Tous les liens de ce paragraphe sont vers des articles en anglais seulement]<\/span><\/span><span class=\"EOP SCXW135356359 BCX4\" data-ccp-props=\"{&quot;201341983&quot;:0,&quot;335559739&quot;:0,&quot;335559740&quot;:240}\">\u00a0<\/span><\/span><\/div>\n<div data-olk-copy-source=\"MessageBody\">\u00a0<\/div>\n<div data-olk-copy-source=\"MessageBody\"><span class=\"TextRun SCXW12591836 BCX4\" lang=\"FR-CA\" xml:lang=\"FR-CA\" data-contrast=\"auto\"><span class=\"NormalTextRun CommentStart CommentHighlightPipeRestRefresh CommentHighlightRest SCXW12591836 BCX4\">Dans un effort pour publiciser la n\u00e9cessit\u00e9 d\u2019avoir des lits, du personnel et du financement additionnels pour nos<\/span><span class=\"NormalTextRun CommentHighlightPipeRestRefresh SCXW12591836 BCX4\"> h\u00f4pitaux et \u00e9tablissements de soins de longue dur\u00e9e<\/span><span class=\"NormalTextRun SCXW12591836 BCX4\">, <\/span><span class=\"NormalTextRun SCXW12591836 BCX4\">le CSHO se rend dans<\/span><span class=\"NormalTextRun SCXW12591836 BCX4\"> 30<\/span><span class=\"NormalTextRun SCXW12591836 BCX4\">\u202fcollectivit\u00e9s de la province<\/span><span class=\"NormalTextRun SCXW12591836 BCX4\">, <\/span><span class=\"NormalTextRun SCXW12591836 BCX4\">avec quelques civi\u00e8res<\/span><span class=\"NormalTextRun SCXW12591836 BCX4\">, <\/span><span class=\"NormalTextRun SCXW12591836 BCX4\">ainsi que des <\/span><span class=\"NormalTextRun SCXW12591836 BCX4\">banderoles contenant des<\/span><span class=\"NormalTextRun SCXW12591836 BCX4\"> stat<\/span><span class=\"NormalTextRun SCXW12591836 BCX4\">is<\/span><span class=\"NormalTextRun SCXW12591836 BCX4\">ti<\/span><span class=\"NormalTextRun SCXW12591836 BCX4\">que<\/span><span class=\"NormalTextRun SCXW12591836 BCX4\">s, <\/span><span class=\"NormalTextRun SCXW12591836 BCX4\">que nous utilisons comme <\/span><span class=\"NormalTextRun SCXW12591836 BCX4\">toile de fond pour les conf\u00e9rences de presse<\/span> <span class=\"NormalTextRun SCXW12591836 BCX4\">dans le cadre desquelles nous demandons \u00e0 tous les <\/span><span class=\"NormalTextRun SCXW12591836 BCX4\">partis <\/span><span class=\"NormalTextRun SCXW12591836 BCX4\">de r\u00e9gler la crise dans les soins de sant\u00e9<\/span><span class=\"NormalTextRun SCXW12591836 BCX4\">.<\/span><\/span><span class=\"EOP SCXW12591836 BCX4\" data-ccp-props=\"{&quot;201341983&quot;:0,&quot;335559739&quot;:0,&quot;335559740&quot;:240}\">\u00a0<\/span><\/div>\n<div data-olk-copy-source=\"MessageBody\"><span class=\"EOP SCXW12591836 BCX4\" data-ccp-props=\"{&quot;201341983&quot;:0,&quot;335559739&quot;:0,&quot;335559740&quot;:240}\"><\/span><\/div>\n<div data-olk-copy-source=\"MessageBody\"><span class=\"EOP SCXW12591836 BCX4\" data-ccp-props=\"{&quot;201341983&quot;:0,&quot;335559739&quot;:0,&quot;335559740&quot;:240}\"><\/span><\/div>\n<div data-olk-copy-source=\"MessageBody\"><span class=\"EOP SCXW12591836 BCX4\" data-ccp-props=\"{&quot;201341983&quot;:0,&quot;335559739&quot;:0,&quot;335559740&quot;:240}\"><\/span><\/div>\n<div data-olk-copy-source=\"MessageBody\"><span class=\"EOP SCXW12591836 BCX4\" data-ccp-props=\"{&quot;201341983&quot;:0,&quot;335559739&quot;:0,&quot;335559740&quot;:240}\"><\/span><\/div>\n<p>[\/et_pb_text][\/et_pb_column][\/et_pb_row][et_pb_row column_structure=\u00a0\u00bb2_5,3_5&Prime; _builder_version=\u00a0\u00bb4.23.1&Prime; _module_preset=\u00a0\u00bbdefault\u00a0\u00bb min_height=\u00a0\u00bb942.5px\u00a0\u00bb custom_padding=\u00a0\u00bb||43px|||\u00a0\u00bb global_colors_info=\u00a0\u00bb{}\u00a0\u00bb][et_pb_column type=\u00a0\u00bb2_5&Prime; _builder_version=\u00a0\u00bb4.23.1&Prime; _module_preset=\u00a0\u00bbdefault\u00a0\u00bb global_colors_info=\u00a0\u00bb{}\u00a0\u00bb][et_pb_image src=\u00a0\u00bbhttps:\/\/ochu.on.ca\/wp-content\/uploads\/2025\/02\/Stretcher-Campaign-Banner-33.5-x-78.75-in-4.png\u00a0\u00bb title_text=\u00a0\u00bbStretcher Campaign Banner (33.5 x 78.75 in) (4)\u00a0\u00bb _builder_version=\u00a0\u00bb4.23.1&Prime; _module_preset=\u00a0\u00bbdefault\u00a0\u00bb custom_margin=\u00a0\u00bb|38px||||\u00a0\u00bb global_colors_info=\u00a0\u00bb{}\u00a0\u00bb][\/et_pb_image][et_pb_button button_url=\u00a0\u00bbhttps:\/\/ochu.on.ca\/wp-content\/uploads\/2025\/02\/Stretcher-Campaign-Banner-33.5-x-78.75-in-16.pdf\u00a0\u00bb button_text=\u00a0\u00bbCliquer ici pour la fiche d\u2019information \u00a0\u00bb button_alignment=\u00a0\u00bbcenter\u00a0\u00bb _builder_version=\u00a0\u00bb4.23.1&Prime; _module_preset=\u00a0\u00bbdefault\u00a0\u00bb global_colors_info=\u00a0\u00bb{}\u00a0\u00bb][\/et_pb_button][\/et_pb_column][et_pb_column type=\u00a0\u00bb3_5&Prime; _builder_version=\u00a0\u00bb4.23.1&Prime; _module_preset=\u00a0\u00bbdefault\u00a0\u00bb global_colors_info=\u00a0\u00bb{}\u00a0\u00bb][et_pb_image src=\u00a0\u00bbhttps:\/\/ochu.on.ca\/wp-content\/uploads\/2025\/01\/Stretcher-Tour-Schedule-FR-5.png\u00a0\u00bb title_text=\u00a0\u00bbStretcher Tour Schedule &#8211; FR (5)\u00a0\u00bb _builder_version=\u00a0\u00bb4.23.1&Prime; _module_preset=\u00a0\u00bbdefault\u00a0\u00bb custom_margin=\u00a0\u00bb|||-24px||\u00a0\u00bb global_colors_info=\u00a0\u00bb{}\u00a0\u00bb][\/et_pb_image][et_pb_button button_text=\u00a0\u00bbCliquer ici pour l\u2019horaire de la tourn\u00e9e \u00a0\u00bb button_alignment=\u00a0\u00bbcenter\u00a0\u00bb _builder_version=\u00a0\u00bb4.23.1&Prime; _module_preset=\u00a0\u00bbdefault\u00a0\u00bb global_colors_info=\u00a0\u00bb{}\u00a0\u00bb][\/et_pb_button][et_pb_column type=\u00a0\u00bb2_5&Prime; _builder_version=\u00a0\u00bb4.23.1&Prime; _module_preset=\u00a0\u00bbdefault\u00a0\u00bb locked=\u00a0\u00bboff\u00a0\u00bb global_colors_info=\u00a0\u00bb{}\u00a0\u00bb][\/et_pb_column][\/et_pb_column][\/et_pb_row][et_pb_row _builder_version=\u00a0\u00bb4.23.1&Prime; _module_preset=\u00a0\u00bbdefault\u00a0\u00bb global_colors_info=\u00a0\u00bb{}\u00a0\u00bb][et_pb_column type=\u00a0\u00bb4_4&Prime; _builder_version=\u00a0\u00bb4.23.1&Prime; _module_preset=\u00a0\u00bbdefault\u00a0\u00bb global_colors_info=\u00a0\u00bb{}\u00a0\u00bb][et_pb_text _builder_version=\u00a0\u00bb4.23.1&Prime; _module_preset=\u00a0\u00bbdefault\u00a0\u00bb global_colors_info=\u00a0\u00bb{}\u00a0\u00bb]<\/p>\n<h2><span class=\"TextRun SCXW110037145 BCX4\" lang=\"FR-CA\" xml:lang=\"FR-CA\" data-contrast=\"auto\"><span class=\"NormalTextRun SCXW110037145 BCX4\">COUVERTURE DE PRESSE<\/span><\/span><span class=\"EOP SCXW110037145 BCX4\" data-ccp-props=\"{&quot;201341983&quot;:0,&quot;335559739&quot;:0,&quot;335559740&quot;:240}\">\u00a0<\/span><\/h2>\n<p><b><span data-contrast=\"auto\">CTV<\/span><\/b><span data-ccp-props=\"{&quot;201341983&quot;:0,&quot;335559739&quot;:0,&quot;335559740&quot;:240}\">\u00a0<\/span><a href=\"https:\/\/iqmediacorp.com\/ExternalIframeMedia\/?mediaID=796e23dd-c0e3-4d27-ae0e-6aff9accf220&amp;isRM=false\"><span data-contrast=\"none\">https:\/\/iqmediacorp.com\/ExternalIframeMedia\/?mediaID=796e23dd-c0e3-4d27-ae0e-6aff9accf220&amp;isRM=false<\/span><\/a><span data-contrast=\"auto\"> (en anglais seulement)<\/span><span data-ccp-props=\"{&quot;201341983&quot;:0,&quot;335559739&quot;:0,&quot;335559740&quot;:240}\">\u00a0<\/span><\/p>\n<p><span data-ccp-props=\"{&quot;201341983&quot;:0,&quot;335559739&quot;:0,&quot;335559740&quot;:240}\">\u00a0<\/span><\/p>\n<p><b><span data-contrast=\"auto\">CP24<\/span><\/b><span data-ccp-props=\"{&quot;201341983&quot;:0,&quot;335559739&quot;:0,&quot;335559740&quot;:240}\">\u00a0<\/span><a href=\"https:\/\/iqmediacorp.com\/ExternalIframeMedia\/?mediaID=ee58b684-4069-4c90-b74a-05644cdf3d83&amp;isRM=false\"><span data-contrast=\"none\">https:\/\/iqmediacorp.com\/ExternalIframeMedia\/?mediaID=ee58b684-4069-4c90-b74a-05644cdf3d83&amp;isRM=false<\/span><\/a><span data-contrast=\"auto\"> (en anglais seulement)<\/span><span data-ccp-props=\"{&quot;201341983&quot;:0,&quot;335559739&quot;:0,&quot;335559740&quot;:240}\">\u00a0<\/span><\/p>\n<p><span data-ccp-props=\"{&quot;201341983&quot;:0,&quot;335559739&quot;:0,&quot;335559740&quot;:240}\">\u00a0<\/span><\/p>\n<p><b><span data-contrast=\"auto\">CP24 (version live)<\/span><\/b><span data-ccp-props=\"{&quot;201341983&quot;:0,&quot;335559739&quot;:0,&quot;335559740&quot;:240}\">\u00a0<\/span><a href=\"https:\/\/iqmediacorp.com\/ExternalIframeMedia\/?mediaID=1d2d72ae-e7fc-45da-a9a6-b929d3da8c0a&amp;isRM=false\"><span data-contrast=\"none\">https:\/\/iqmediacorp.com\/ExternalIframeMedia\/?mediaID=1d2d72ae-e7fc-45da-a9a6-b929d3da8c0a&amp;isRM=false<\/span><\/a><span data-contrast=\"auto\"> (en anglais seulement)<\/span><span data-ccp-props=\"{&quot;201341983&quot;:0,&quot;335559739&quot;:0,&quot;335559740&quot;:240}\">\u00a0<\/span><\/p>\n<p>[\/et_pb_text][\/et_pb_column][\/et_pb_row][\/et_pb_section]<\/p>\n","protected":false},"excerpt":{"rendered":"<p>Campagne \u00e9lectorale\u00a0 ON NE PEUT PAS IGNORER LA CRISE DANS LES SOINS DE SANT\u00c9!\u00a0Tourn\u00e9e des civi\u00e8res pour mettre en lumi\u00e8re la m\u00e9decine de couloir\u00a0 En 2024, la crise dans les [&hellip;]<\/p>\n","protected":false},"author":8,"featured_media":0,"parent":0,"menu_order":0,"comment_status":"closed","ping_status":"closed","template":"","meta":{"_et_pb_use_builder":"on","_et_pb_old_content":"","_et_gb_content_width":"","_monsterinsights_skip_tracking":false,"_monsterinsights_sitenote_active":false,"_monsterinsights_sitenote_note":"","_monsterinsights_sitenote_category":0,"footnotes":""},"class_list":["post-7225","page","type-page","status-publish","hentry"],"_links":{"self":[{"href":"https:\/\/ochu.on.ca\/fr\/wp-json\/wp\/v2\/pages\/7225","targetHints":{"allow":["GET"]}}],"collection":[{"href":"https:\/\/ochu.on.ca\/fr\/wp-json\/wp\/v2\/pages"}],"about":[{"href":"https:\/\/ochu.on.ca\/fr\/wp-json\/wp\/v2\/types\/page"}],"author":[{"embeddable":true,"href":"https:\/\/ochu.on.ca\/fr\/wp-json\/wp\/v2\/users\/8"}],"replies":[{"embeddable":true,"href":"https:\/\/ochu.on.ca\/fr\/wp-json\/wp\/v2\/comments?post=7225"}],"version-history":[{"count":5,"href":"https:\/\/ochu.on.ca\/fr\/wp-json\/wp\/v2\/pages\/7225\/revisions"}],"predecessor-version":[{"id":7230,"href":"https:\/\/ochu.on.ca\/fr\/wp-json\/wp\/v2\/pages\/7225\/revisions\/7230"}],"wp:attachment":[{"href":"https:\/\/ochu.on.ca\/fr\/wp-json\/wp\/v2\/media?parent=7225"}],"curies":[{"name":"wp","href":"https:\/\/api.w.org\/{rel}","templated":true}]}}