{"id":7262,"date":"2025-03-31T09:33:58","date_gmt":"2025-03-31T13:33:58","guid":{"rendered":"https:\/\/ochu.on.ca\/campagne-du-personnel-de-bureau-de-lhopital-mount-sinai\/"},"modified":"2025-04-07T19:01:53","modified_gmt":"2025-04-07T23:01:53","slug":"campagne-du-personnel-de-bureau-de-lhopital-mount-sinai","status":"publish","type":"page","link":"https:\/\/ochu.on.ca\/fr\/campagne-du-personnel-de-bureau-de-lhopital-mount-sinai\/","title":{"rendered":"CAMPAGNE DU PERSONNEL DE BUREAU DE L\u2019H\u00d4PITAL MOUNT SINAI"},"content":{"rendered":"<p>[et_pb_section fb_built=\u00a0\u00bb1&Prime; admin_label=\u00a0\u00bbHeader\u00a0\u00bb _builder_version=\u00a0\u00bb4.23.1&Prime; _module_preset=\u00a0\u00bbdefault\u00a0\u00bb background_color=\u00a0\u00bb#000000&Prime; background_image=\u00a0\u00bbhttps:\/\/ochu.on.ca\/wp-content\/uploads\/2025\/03\/Resize-image-project.png\u00a0\u00bb background_size=\u00a0\u00bbcustom\u00a0\u00bb background_image_width=\u00a0\u00bb55%\u00a0\u00bb background_position=\u00a0\u00bbcenter_right\u00a0\u00bb custom_padding=\u00a0\u00bb99px||99px||true|false\u00a0\u00bb background_last_edited=\u00a0\u00bbon|desktop\u00a0\u00bb background_size_tablet=\u00a0\u00bbcover\u00a0\u00bb background_image_width_phone=\u00a0\u00bb90%\u00a0\u00bb background_position_tablet=\u00a0\u00bbcenter\u00a0\u00bb overflow-x_tablet=\u00a0\u00bb\u00a0\u00bb overflow-x_phone=\u00a0\u00bbhidden\u00a0\u00bb overflow-x_last_edited=\u00a0\u00bbon|phone\u00a0\u00bb overflow-y_tablet=\u00a0\u00bb\u00a0\u00bb overflow-y_phone=\u00a0\u00bbhidden\u00a0\u00bb overflow-y_last_edited=\u00a0\u00bbon|phone\u00a0\u00bb collapsed=\u00a0\u00bboff\u00a0\u00bb global_colors_info=\u00a0\u00bb{}\u00a0\u00bb][et_pb_row column_structure=\u00a0\u00bb3_5,2_5&Prime; use_custom_gutter=\u00a0\u00bbon\u00a0\u00bb gutter_width=\u00a0\u00bb1&Prime; _builder_version=\u00a0\u00bb4.23.1&Prime; _module_preset=\u00a0\u00bbdefault\u00a0\u00bb custom_margin=\u00a0\u00bb||||false|false\u00a0\u00bb custom_margin_tablet=\u00a0\u00bb20%||||false|false\u00a0\u00bb custom_margin_phone=\u00a0\u00bb30%||||false|false\u00a0\u00bb custom_margin_last_edited=\u00a0\u00bbon|desktop\u00a0\u00bb custom_padding=\u00a0\u00bb||27px|||\u00a0\u00bb global_colors_info=\u00a0\u00bb{}\u00a0\u00bb header_font_size_last_edited=\u00a0\u00bbon|phone\u00a0\u00bb header_font_size_tablet=\u00a0\u00bb60px\u00a0\u00bb header_font_size_phone=\u00a0\u00bb60px\u00a0\u00bb][et_pb_column type=\u00a0\u00bb3_5&Prime; _builder_version=\u00a0\u00bb4.23.1&Prime; _module_preset=\u00a0\u00bbdefault\u00a0\u00bb background_color=\u00a0\u00bb#C6006F\u00a0\u00bb custom_padding=\u00a0\u00bb50px|50px|50px|50px|true|true\u00a0\u00bb custom_padding_tablet=\u00a0\u00bb30px|30px|30px|30px|true|true\u00a0\u00bb custom_padding_phone=\u00a0\u00bb20px|20px|20px|20px|true|true\u00a0\u00bb custom_padding_last_edited=\u00a0\u00bbon|desktop\u00a0\u00bb animation_style=\u00a0\u00bbslide\u00a0\u00bb animation_direction=\u00a0\u00bbleft\u00a0\u00bb animation_intensity_slide=\u00a0\u00bb5%\u00a0\u00bb global_colors_info=\u00a0\u00bb{}\u00a0\u00bb][et_pb_text _builder_version=\u00a0\u00bb4.23.1&Prime; _module_preset=\u00a0\u00bbc16985e1-e0d6-4022-964d-e2bfc04fa633&Prime; text_text_color=\u00a0\u00bb#ffffff\u00a0\u00bb text_font_size=\u00a0\u00bb18px\u00a0\u00bb text_line_height=\u00a0\u00bb1.5em\u00a0\u00bb header_font=\u00a0\u00bbTeko||||||||\u00a0\u00bb header_text_color=\u00a0\u00bb#FFFFFF\u00a0\u00bb header_font_size=\u00a0\u00bb75px\u00a0\u00bb header_line_height=\u00a0\u00bb1.1em\u00a0\u00bb header_2_text_color=\u00a0\u00bb#FFFFFF\u00a0\u00bb header_2_font_size=\u00a0\u00bb70px\u00a0\u00bb custom_padding=\u00a0\u00bb|0px||||\u00a0\u00bb header_font_size_tablet=\u00a0\u00bb60px\u00a0\u00bb header_font_size_phone=\u00a0\u00bb60px\u00a0\u00bb header_font_size_last_edited=\u00a0\u00bbon|desktop\u00a0\u00bb global_colors_info=\u00a0\u00bb{}\u00a0\u00bb]<\/p>\n<h1>CAMPAGNE DU PERSONNEL DE BUREAU DE L\u2019H\u00d4PITAL MOUNT SINAI<\/h1>\n<p>[\/et_pb_text][\/et_pb_column][et_pb_column type=\u00a0\u00bb2_5&Prime; _builder_version=\u00a0\u00bb4.23.1&Prime; _module_preset=\u00a0\u00bbdefault\u00a0\u00bb global_colors_info=\u00a0\u00bb{}\u00a0\u00bb][\/et_pb_column][\/et_pb_row][\/et_pb_section][et_pb_section fb_built=\u00a0\u00bb1&Prime; _builder_version=\u00a0\u00bb4.23.1&Prime; _module_preset=\u00a0\u00bbdefault\u00a0\u00bb custom_margin=\u00a0\u00bb||||false|false\u00a0\u00bb custom_padding=\u00a0\u00bb||||false|false\u00a0\u00bb global_colors_info=\u00a0\u00bb{}\u00a0\u00bb][et_pb_row module_id=\u00a0\u00bbochu-trustees\u00a0\u00bb _builder_version=\u00a0\u00bb4.23.1&Prime; _module_preset=\u00a0\u00bbdefault\u00a0\u00bb background_color=\u00a0\u00bbRGBA(255,255,255,0)\u00a0\u00bb border_width_all=\u00a0\u00bb1px\u00a0\u00bb border_color_all=\u00a0\u00bbRGBA(255,255,255,0)\u00a0\u00bb global_colors_info=\u00a0\u00bb{}\u00a0\u00bb][et_pb_column type=\u00a0\u00bb4_4&Prime; _builder_version=\u00a0\u00bb4.23&Prime; _module_preset=\u00a0\u00bbdefault\u00a0\u00bb global_colors_info=\u00a0\u00bb{}\u00a0\u00bb][et_pb_text _builder_version=\u00a0\u00bb4.23.1&Prime; _module_preset=\u00a0\u00bbc16985e1-e0d6-4022-964d-e2bfc04fa633&Prime; link_font=\u00a0\u00bb||||on||||\u00a0\u00bb header_font=\u00a0\u00bbTeko||||||||\u00a0\u00bb header_text_color=\u00a0\u00bb#FFFFFF\u00a0\u00bb header_font_size=\u00a0\u00bb75px\u00a0\u00bb header_line_height=\u00a0\u00bb1.1em\u00a0\u00bb header_2_font=\u00a0\u00bbTeko||||||||\u00a0\u00bb header_2_font_size=\u00a0\u00bb50px\u00a0\u00bb width=\u00a0\u00bb100%\u00a0\u00bb custom_margin=\u00a0\u00bb||||false|false\u00a0\u00bb custom_padding=\u00a0\u00bb||0px||false|false\u00a0\u00bb header_font_size_tablet=\u00a0\u00bb40px\u00a0\u00bb header_font_size_phone=\u00a0\u00bb24px\u00a0\u00bb header_font_size_last_edited=\u00a0\u00bbon|desktop\u00a0\u00bb global_colors_info=\u00a0\u00bb{}\u00a0\u00bb]<\/p>\n<p>Les membres du personnel de bureau essentiellement f\u00e9minins de l\u2019H\u00f4pital Mount Sinai exigent une bonification de leurs salaires et conditions de travail, et de meilleurs soins pour les patientes et patients. Selon Fadumo\u00a0Mohamed, secr\u00e9taire m\u00e9dicale et pr\u00e9sidente du SCFP\u00a05492, \u00ab\u00a0bon nombre de nos unit\u00e9s de bureau ne sont pas pourvues en personnel suffisant et il y a des postes vacants\u00a0\u00bb.<\/p>\n<p>Les membres du personnel de bureau essentiellement f\u00e9minins de l\u2019H\u00f4pital Mount Sinai exigent une bonification de leurs salaires et conditions de travail, et de meilleurs soins pour les patientes et patients. Selon Fadumo Mohamed, secr\u00e9taire m\u00e9dicale et pr\u00e9sidente du SCFP 5492, \u00ab bon nombre de nos unit\u00e9s de bureau ne sont pas pourvues en personnel suffisant et il y a des postes vacants \u00bb.<\/p>\n<p>\u00ab Ces p\u00e9nuries de personnel cr\u00e9ent des conditions de travail stressantes pour nous et affectent n\u00e9gativement notre capacit\u00e9 \u00e0 offrir un bon service aux patientes et patients et \u00e0 leurs familles. \u00bb Mme Mohamed affirme que le personnel de bureau est le premier point de contact pour les patientes et patients pour les aider \u00e0 naviguer dans le syst\u00e8me et avoir acc\u00e8s \u00e0 des soins rapidement. Mais les p\u00e9nuries de personnel contribuent au travail fait \u00e0 la h\u00e2te, aux rendez-vous manqu\u00e9s et aux retards qui auraient pu \u00eatre \u00e9vit\u00e9s pour les patientes et patients. Le syndicat estime qu\u2019environ 50 emplois sont pr\u00e9sentement vacants.<\/p>\n<p>Les plus r\u00e9centes donn\u00e9es provinciales montrent que le temps d\u2019attente moyen \u00e0 l\u2019H\u00f4pital Mount Sinai pour une admission apr\u00e8s \u00eatre pass\u00e9 \u00e0 l\u2019urgence est de 23 heures, 15 pour cent de plus que la moyenne provinciale, avec seulement 10 pour cent des patientes et patients admis dans le temps vis\u00e9. Malheureusement, les longs temps d\u2019attente peuvent parfois cr\u00e9er des conflits entre le personnel et les patientes et patients, les membres du personnel \u00e9tant les principales victimes des abus de membres contrari\u00e9s de la population.<\/p>\n<p>Mme Mohamed affirme que ces enjeux ne sont pas impossibles \u00e0 r\u00e9gler. Elle affirme que les postes vacants \u00e0 l\u2019H\u00f4pital Mount Sinai pourraient \u00eatre pourvus si l\u2019h\u00f4pital offrait de meilleurs salaires et des conditions de travail d\u00e9centes. De meilleurs salaires aideraient \u00e9galement \u00e0 conserver le personnel. \u00ab Nous trouvons extr\u00eamement navrant de savoir que nos salaires sont consid\u00e9rablement inf\u00e9rieurs \u00e0 ceux pay\u00e9s dans d\u2019autres h\u00f4pitaux de la RGT, a-t-elle affirm\u00e9. Qui voudrait travailler dans un h\u00f4pital qui offre une indemnisation inf\u00e9rieure de 10 pour cent par rapport aux autres h\u00f4pitaux sur l\u2019avenue University? \u00bb<\/p>\n<p>Le salaire de d\u00e9part pour les commis aux archives m\u00e9dicales \u00e0 l\u2019H\u00f4pital Mount Sinai est 10 pour cent inf\u00e9rieur \u00e0 celui d\u2019Unity Health Toronto, tandis que les secr\u00e9taires m\u00e9dicales gagnent 13 pour cent de moins par rapport au University Health Network. Le syndicat demande \u00e0 l\u2019H\u00f4pital Mount Sinai de r\u00e9gler ces probl\u00e8mes par l\u2019entremise de la n\u00e9gociation collective en cours. La derni\u00e8re convention collective a expir\u00e9 en f\u00e9vrier 2023.<\/p>\n<p>\u00ab\u00a0Ces p\u00e9nuries de personnel cr\u00e9ent des conditions de travail stressantes pour nous et affectent n\u00e9gativement notre capacit\u00e9 \u00e0 offrir un bon service aux patientes et patients et \u00e0 leurs familles.\u00a0\u00bb Mme\u00a0Mohamed affirme que le personnel de bureau est le premier\u00a0point de contact pour les patientes et patients pour les aider \u00e0 naviguer dans le syst\u00e8me et avoir acc\u00e8s \u00e0 des soins rapidement. Mais les p\u00e9nuries de personnel contribuent au travail fait \u00e0 la h\u00e2te, aux rendez-vous manqu\u00e9s et aux retards qui auraient pu \u00eatre \u00e9vit\u00e9s pour les patientes et patients. Le syndicat estime qu\u2019environ 50\u00a0emplois sont pr\u00e9sentement vacants.<\/p>\n<p>Les\u00a0<a href=\"https:\/\/www.hqontario.ca\/Rendement-du-syst%C3%A8me\/Temps-pass%C3%A9-aux-urgences\">plus r\u00e9centes donn\u00e9es provinciales<\/a>\u00a0montrent que le temps d\u2019attente moyen \u00e0 l\u2019H\u00f4pital\u00a0Mount Sinai pour une admission apr\u00e8s \u00eatre pass\u00e9 \u00e0 l\u2019urgence est de 23\u00a0heures, 15\u00a0pour cent de plus que la moyenne provinciale, avec seulement 10\u00a0pour cent des patientes et patients admis dans le temps vis\u00e9. Malheureusement, les longs temps d\u2019attente peuvent parfois cr\u00e9er des conflits entre le personnel et les patientes et patients, les membres du personnel \u00e9tant les principales victimes des abus de membres contrari\u00e9s de la population.<\/p>\n<p>Mme\u00a0Mohamed affirme que ces enjeux ne sont pas impossibles \u00e0 r\u00e9gler. Elle affirme que les postes vacants \u00e0 l\u2019H\u00f4pital Mount Sinai pourraient \u00eatre pourvus si l\u2019h\u00f4pital offrait de meilleurs salaires et des conditions de travail d\u00e9centes. De meilleurs salaires aideraient \u00e9galement \u00e0 conserver le personnel. \u00ab\u00a0Nous trouvons extr\u00eamement navrant de savoir que nos salaires sont consid\u00e9rablement inf\u00e9rieurs \u00e0 ceux pay\u00e9s dans d\u2019autres h\u00f4pitaux de la RGT, a-t-elle affirm\u00e9. Qui voudrait travailler dans un h\u00f4pital qui offre une indemnisation inf\u00e9rieure de 10\u00a0pour cent par rapport aux autres h\u00f4pitaux sur l\u2019avenue\u00a0University?\u00a0\u00bb<\/p>\n<p>Le salaire de d\u00e9part pour les commis aux archives m\u00e9dicales \u00e0 l\u2019H\u00f4pital Mount\u00a0Sinai est 10\u00a0pour cent inf\u00e9rieur \u00e0 celui d\u2019Unity Health Toronto, tandis que les secr\u00e9taires m\u00e9dicales gagnent 13\u00a0pour cent de moins par rapport au University Health Network. Le syndicat demande \u00e0 l\u2019H\u00f4pital Mount Sinai de r\u00e9gler ces probl\u00e8mes par l\u2019entremise de la n\u00e9gociation collective en cours. La derni\u00e8re convention collective a expir\u00e9 en f\u00e9vrier\u00a02023.<\/p>\n<p>[\/et_pb_text][\/et_pb_column][\/et_pb_row][et_pb_row column_structure=\u00a0\u00bb1_2,1_2&Prime; _builder_version=\u00a0\u00bb4.23.1&Prime; _module_preset=\u00a0\u00bbdefault\u00a0\u00bb global_colors_info=\u00a0\u00bb{}\u00a0\u00bb][et_pb_column type=\u00a0\u00bb1_2&Prime; _builder_version=\u00a0\u00bb4.23.1&Prime; _module_preset=\u00a0\u00bbdefault\u00a0\u00bb global_colors_info=\u00a0\u00bb{}\u00a0\u00bb][et_pb_testimonial _builder_version=\u00a0\u00bb4.23.1&Prime; _module_preset=\u00a0\u00bbdefault\u00a0\u00bb global_colors_info=\u00a0\u00bb{}\u00a0\u00bb]<\/p>\n<h2>\u00ab Nous luttons pour le respect et l\u2019\u00e9quit\u00e9. \u00bb<\/h2>\n<p>&nbsp;<\/p>\n<p>[\/et_pb_testimonial][\/et_pb_column][et_pb_column type=\u00a0\u00bb1_2&Prime; _builder_version=\u00a0\u00bb4.23.1&Prime; _module_preset=\u00a0\u00bbdefault\u00a0\u00bb global_colors_info=\u00a0\u00bb{}\u00a0\u00bb][et_pb_testimonial _builder_version=\u00a0\u00bb4.23.1&Prime; _module_preset=\u00a0\u00bbdefault\u00a0\u00bb global_colors_info=\u00a0\u00bb{}\u00a0\u00bb]<\/p>\n<p>\u00ab Qui voudrait travailler dans un h\u00f4pital qui offre une indemnisation inf\u00e9rieure de 10 pour cent par rapport aux autres h\u00f4pitaux sur l\u2019avenue University? \u00bb<\/p>\n<p><strong><em>Fadumo\u00a0Mohamed, une secr\u00e9taire m\u00e9dicale et pr\u00e9sidente du SCFP\u00a05492<\/em><\/strong><\/p>\n<p> [\/et_pb_testimonial][\/et_pb_column][\/et_pb_row][\/et_pb_section]<\/p>\n","protected":false},"excerpt":{"rendered":"<p>CAMPAGNE DU PERSONNEL DE BUREAU DE L\u2019H\u00d4PITAL MOUNT SINAI Les membres du personnel de bureau essentiellement f\u00e9minins de l\u2019H\u00f4pital Mount Sinai exigent une bonification de leurs salaires et conditions de [&hellip;]<\/p>\n","protected":false},"author":8,"featured_media":0,"parent":0,"menu_order":0,"comment_status":"closed","ping_status":"closed","template":"","meta":{"_et_pb_use_builder":"on","_et_pb_old_content":"","_et_gb_content_width":"","_monsterinsights_skip_tracking":false,"_monsterinsights_sitenote_active":false,"_monsterinsights_sitenote_note":"","_monsterinsights_sitenote_category":0,"footnotes":""},"class_list":["post-7262","page","type-page","status-publish","hentry"],"_links":{"self":[{"href":"https:\/\/ochu.on.ca\/fr\/wp-json\/wp\/v2\/pages\/7262","targetHints":{"allow":["GET"]}}],"collection":[{"href":"https:\/\/ochu.on.ca\/fr\/wp-json\/wp\/v2\/pages"}],"about":[{"href":"https:\/\/ochu.on.ca\/fr\/wp-json\/wp\/v2\/types\/page"}],"author":[{"embeddable":true,"href":"https:\/\/ochu.on.ca\/fr\/wp-json\/wp\/v2\/users\/8"}],"replies":[{"embeddable":true,"href":"https:\/\/ochu.on.ca\/fr\/wp-json\/wp\/v2\/comments?post=7262"}],"version-history":[{"count":8,"href":"https:\/\/ochu.on.ca\/fr\/wp-json\/wp\/v2\/pages\/7262\/revisions"}],"predecessor-version":[{"id":7272,"href":"https:\/\/ochu.on.ca\/fr\/wp-json\/wp\/v2\/pages\/7262\/revisions\/7272"}],"wp:attachment":[{"href":"https:\/\/ochu.on.ca\/fr\/wp-json\/wp\/v2\/media?parent=7262"}],"curies":[{"name":"wp","href":"https:\/\/api.w.org\/{rel}","templated":true}]}}