{"id":7275,"date":"2025-01-29T05:56:20","date_gmt":"2025-01-29T10:56:20","guid":{"rendered":"https:\/\/ochu.on.ca\/personnes-a-lemploi-de-lhopital-sickkids\/"},"modified":"2025-08-19T10:49:11","modified_gmt":"2025-08-19T14:49:11","slug":"personnes-a-lemploi-de-lhopital-sickkids","status":"publish","type":"page","link":"https:\/\/ochu.on.ca\/fr\/personnes-a-lemploi-de-lhopital-sickkids\/","title":{"rendered":"Personnes \u00e0 l\u2019emploi de l\u2019H\u00f4pital SickKids"},"content":{"rendered":"<p>[et_pb_section fb_built=\u00a0\u00bb1&Prime; admin_label=\u00a0\u00bbHeader\u00a0\u00bb _builder_version=\u00a0\u00bb4.23.1&Prime; _module_preset=\u00a0\u00bbdefault\u00a0\u00bb background_color=\u00a0\u00bb#000000&Prime; background_image=\u00a0\u00bbhttps:\/\/ochu.on.ca\/wp-content\/uploads\/2025\/03\/DSCN2501.jpg\u00a0\u00bb background_size=\u00a0\u00bbcustom\u00a0\u00bb background_image_width=\u00a0\u00bb55%\u00a0\u00bb background_position=\u00a0\u00bbcenter_right\u00a0\u00bb custom_padding=\u00a0\u00bb99px||99px||true|false\u00a0\u00bb background_last_edited=\u00a0\u00bbon|desktop\u00a0\u00bb background_size_tablet=\u00a0\u00bbcover\u00a0\u00bb background_image_width_phone=\u00a0\u00bb90%\u00a0\u00bb background_position_tablet=\u00a0\u00bbcenter\u00a0\u00bb overflow-x_tablet=\u00a0\u00bb\u00a0\u00bb overflow-x_phone=\u00a0\u00bbhidden\u00a0\u00bb overflow-x_last_edited=\u00a0\u00bbon|phone\u00a0\u00bb overflow-y_tablet=\u00a0\u00bb\u00a0\u00bb overflow-y_phone=\u00a0\u00bbhidden\u00a0\u00bb overflow-y_last_edited=\u00a0\u00bbon|phone\u00a0\u00bb collapsed=\u00a0\u00bboff\u00a0\u00bb global_colors_info=\u00a0\u00bb{}\u00a0\u00bb][et_pb_row column_structure=\u00a0\u00bb3_5,2_5&Prime; use_custom_gutter=\u00a0\u00bbon\u00a0\u00bb gutter_width=\u00a0\u00bb1&Prime; _builder_version=\u00a0\u00bb4.23.1&Prime; _module_preset=\u00a0\u00bbdefault\u00a0\u00bb custom_margin=\u00a0\u00bb||||false|false\u00a0\u00bb custom_margin_tablet=\u00a0\u00bb20%||||false|false\u00a0\u00bb custom_margin_phone=\u00a0\u00bb30%||||false|false\u00a0\u00bb custom_margin_last_edited=\u00a0\u00bbon|desktop\u00a0\u00bb custom_padding=\u00a0\u00bb||27px|||\u00a0\u00bb global_colors_info=\u00a0\u00bb{}\u00a0\u00bb header_font_size_last_edited=\u00a0\u00bbon|phone\u00a0\u00bb header_font_size_tablet=\u00a0\u00bb60px\u00a0\u00bb header_font_size_phone=\u00a0\u00bb60px\u00a0\u00bb][et_pb_column type=\u00a0\u00bb3_5&Prime; _builder_version=\u00a0\u00bb4.23.1&Prime; _module_preset=\u00a0\u00bbdefault\u00a0\u00bb background_color=\u00a0\u00bb#C6006F\u00a0\u00bb custom_padding=\u00a0\u00bb50px|50px|50px|50px|true|true\u00a0\u00bb custom_padding_tablet=\u00a0\u00bb30px|30px|30px|30px|true|true\u00a0\u00bb custom_padding_phone=\u00a0\u00bb20px|20px|20px|20px|true|true\u00a0\u00bb custom_padding_last_edited=\u00a0\u00bbon|desktop\u00a0\u00bb animation_style=\u00a0\u00bbslide\u00a0\u00bb animation_direction=\u00a0\u00bbleft\u00a0\u00bb animation_intensity_slide=\u00a0\u00bb5%\u00a0\u00bb global_colors_info=\u00a0\u00bb{}\u00a0\u00bb][et_pb_text _builder_version=\u00a0\u00bb4.23.1&Prime; _module_preset=\u00a0\u00bbc16985e1-e0d6-4022-964d-e2bfc04fa633&Prime; text_text_color=\u00a0\u00bb#ffffff\u00a0\u00bb text_font_size=\u00a0\u00bb18px\u00a0\u00bb text_line_height=\u00a0\u00bb1.5em\u00a0\u00bb header_font=\u00a0\u00bbTeko||||||||\u00a0\u00bb header_text_color=\u00a0\u00bb#FFFFFF\u00a0\u00bb header_font_size=\u00a0\u00bb75px\u00a0\u00bb header_line_height=\u00a0\u00bb1.1em\u00a0\u00bb header_2_text_color=\u00a0\u00bb#FFFFFF\u00a0\u00bb header_2_font_size=\u00a0\u00bb70px\u00a0\u00bb custom_padding=\u00a0\u00bb|0px||||\u00a0\u00bb header_font_size_tablet=\u00a0\u00bb60px\u00a0\u00bb header_font_size_phone=\u00a0\u00bb60px\u00a0\u00bb header_font_size_last_edited=\u00a0\u00bbon|desktop\u00a0\u00bb global_colors_info=\u00a0\u00bb{}\u00a0\u00bb]<\/p>\n<h2>Victoire du personnel de l\u2019h\u00f4pital SickKids!<\/h2>\n<p>[\/et_pb_text][\/et_pb_column][et_pb_column type=\u00a0\u00bb2_5&Prime; _builder_version=\u00a0\u00bb4.23.1&Prime; _module_preset=\u00a0\u00bbdefault\u00a0\u00bb global_colors_info=\u00a0\u00bb{}\u00a0\u00bb][\/et_pb_column][\/et_pb_row][\/et_pb_section][et_pb_section fb_built=\u00a0\u00bb1&Prime; _builder_version=\u00a0\u00bb4.23.1&Prime; _module_preset=\u00a0\u00bbdefault\u00a0\u00bb custom_margin=\u00a0\u00bb||||false|false\u00a0\u00bb custom_padding=\u00a0\u00bb||||false|false\u00a0\u00bb global_colors_info=\u00a0\u00bb{}\u00a0\u00bb][et_pb_row module_id=\u00a0\u00bbochu-trustees\u00a0\u00bb _builder_version=\u00a0\u00bb4.23.1&Prime; _module_preset=\u00a0\u00bbdefault\u00a0\u00bb background_color=\u00a0\u00bbRGBA(255,255,255,0)\u00a0\u00bb border_width_all=\u00a0\u00bb1px\u00a0\u00bb border_color_all=\u00a0\u00bbRGBA(255,255,255,0)\u00a0\u00bb global_colors_info=\u00a0\u00bb{}\u00a0\u00bb][et_pb_column type=\u00a0\u00bb4_4&Prime; _builder_version=\u00a0\u00bb4.23&Prime; _module_preset=\u00a0\u00bbdefault\u00a0\u00bb global_colors_info=\u00a0\u00bb{}\u00a0\u00bb][et_pb_text _builder_version=\u00a0\u00bb4.23.1&Prime; _module_preset=\u00a0\u00bbc16985e1-e0d6-4022-964d-e2bfc04fa633&Prime; link_font=\u00a0\u00bb||||on||||\u00a0\u00bb header_font=\u00a0\u00bbTeko||||||||\u00a0\u00bb header_text_color=\u00a0\u00bb#FFFFFF\u00a0\u00bb header_font_size=\u00a0\u00bb75px\u00a0\u00bb header_line_height=\u00a0\u00bb1.1em\u00a0\u00bb header_2_font=\u00a0\u00bbTeko||||||||\u00a0\u00bb header_2_font_size=\u00a0\u00bb50px\u00a0\u00bb width=\u00a0\u00bb100%\u00a0\u00bb custom_margin=\u00a0\u00bb||||false|false\u00a0\u00bb custom_padding=\u00a0\u00bb||0px||false|false\u00a0\u00bb header_font_size_tablet=\u00a0\u00bb40px\u00a0\u00bb header_font_size_phone=\u00a0\u00bb24px\u00a0\u00bb header_font_size_last_edited=\u00a0\u00bbon|desktop\u00a0\u00bb global_colors_info=\u00a0\u00bb{}\u00a0\u00bb]<\/p>\n<h2>ON EN A ASSEZ D\u2019UN R\u00c9GIME DE RETRAITE DE DEUXI\u00c8ME ORDRE<\/h2>\n<p><strong>TORONTO<\/strong><span>\u00a0<\/span>\u2013 Apr\u00e8s une p\u00e9riode d&rsquo;exon\u00e9ration de cotisations de 25\u00a0ans par l\u2019h\u00f4pital pour enfants malades (SickKids) et une vigoureuse campagne men\u00e9e par la section locale\u00a02816 du SCFP en collaboration avec l\u2019AIIO et le SEFPO, ce personnel a obtenu l\u2019adh\u00e9sion compl\u00e8te pour tout le personnel du SickKids au Healthcare of Ontario Pension Plan.<\/p>\n<p>[\/et_pb_text][\/et_pb_column][\/et_pb_row][et_pb_row column_structure=\u00a0\u00bb1_2,1_2&Prime; _builder_version=\u00a0\u00bb4.23.1&Prime; _module_preset=\u00a0\u00bbdefault\u00a0\u00bb global_colors_info=\u00a0\u00bb{}\u00a0\u00bb][et_pb_column type=\u00a0\u00bb1_2&Prime; _builder_version=\u00a0\u00bb4.23.1&Prime; _module_preset=\u00a0\u00bbdefault\u00a0\u00bb global_colors_info=\u00a0\u00bb{}\u00a0\u00bb][et_pb_image src=\u00a0\u00bbhttps:\/\/ochu.on.ca\/wp-content\/uploads\/2025\/04\/ONA_SickKids-Leaflet_v4.pdf.png\u00a0\u00bb alt=\u00a0\u00bbHOOPP FLYER 2&Prime; title_text=\u00a0\u00bbONA_SickKids Leaflet_v4.pdf\u00a0\u00bb _builder_version=\u00a0\u00bb4.23.1&Prime; _module_preset=\u00a0\u00bbdefault\u00a0\u00bb global_colors_info=\u00a0\u00bb{}\u00a0\u00bb][\/et_pb_image][\/et_pb_column][et_pb_column type=\u00a0\u00bb1_2&Prime; _builder_version=\u00a0\u00bb4.23.1&Prime; _module_preset=\u00a0\u00bbdefault\u00a0\u00bb global_colors_info=\u00a0\u00bb{}\u00a0\u00bb][et_pb_testimonial _builder_version=\u00a0\u00bb4.23.1&Prime; _module_preset=\u00a0\u00bbdefault\u00a0\u00bb global_colors_info=\u00a0\u00bb{}\u00a0\u00bb]<\/p>\n<p>Les travailleuses et travailleurs des soins de sant\u00e9 de l\u2019H\u00f4pital SickKids consacrent leur vie \u00e0 offrir des soins extraordinaires dans des conditions difficiles. Leur refuser l\u2019acc\u00e8s au r\u00e9gime de retraite n\u2019est pas seulement injuste \u2013 c\u2019est un refus de reconna\u00eetre leurs contributions essentielles. Une pension assur\u00e9e n\u2019est pas un luxe, c\u2019est un droit fondamental qui assure que ces travailleuses et travailleurs puissent prendre leur retraite avec dignit\u00e9. Il est temps pour l\u2019H\u00f4pital SickKids de faire la bonne chose et de participer au m\u00eame r\u00e9gime de retraite que pratiquement tous les autres h\u00f4pitaux de l\u2019Ontario.<\/p>\n<p><strong><em>Michael Hurley, pr\u00e9sident du CSHO-SCFP<\/em><\/strong><\/p>\n<p>[\/et_pb_testimonial][et_pb_testimonial _builder_version=\u00a0\u00bb4.23.1&Prime; _module_preset=\u00a0\u00bbdefault\u00a0\u00bb global_colors_info=\u00a0\u00bb{}\u00a0\u00bb]<\/p>\n<p>C\u2019est un h\u00f4pital p\u00e9diatrique de renomm\u00e9e mondiale ayant d\u2019excellents moyens financiers et il n\u2019y a absolument aucune excuse pour qu\u2019il ne contribue pas \u00e0 la s\u00e9curit\u00e9 de la retraite des travailleuses et travailleurs d\u00e9vou\u00e9s qui offrent des soins si extraordinaires \u00e0 des enfants vuln\u00e9rables. Mon message \u00e0 l\u2019intention de l\u2019H\u00f4pital SickKids est le suivant\u00a0: \u00ab\u00a0Soyez le genre d\u2019h\u00f4pital que vous voulez que la population croit que vous \u00eates. Faites la bonne chose pour les personnes qui se consacrent tellement \u00e0 leur travail et adh\u00e9rez au HOOPP d\u00e8s maintenant.\u00a0\u00bb<\/p>\n<p><strong><em>Erin Ariss, pr\u00e9sidente provinciale de l\u2019AIIO<\/em><\/strong><\/p>\n<p>[\/et_pb_testimonial][\/et_pb_column][\/et_pb_row][\/et_pb_section]<\/p>\n","protected":false},"excerpt":{"rendered":"<p>Victoire du personnel de l\u2019h\u00f4pital SickKids!ON EN A ASSEZ D\u2019UN R\u00c9GIME DE RETRAITE DE DEUXI\u00c8ME ORDRE TORONTO\u00a0\u2013 Apr\u00e8s une p\u00e9riode d&rsquo;exon\u00e9ration de cotisations de 25\u00a0ans par l\u2019h\u00f4pital pour enfants malades [&hellip;]<\/p>\n","protected":false},"author":2,"featured_media":0,"parent":0,"menu_order":0,"comment_status":"closed","ping_status":"closed","template":"","meta":{"_et_pb_use_builder":"on","_et_pb_old_content":"","_et_gb_content_width":"","_monsterinsights_skip_tracking":false,"_monsterinsights_sitenote_active":false,"_monsterinsights_sitenote_note":"","_monsterinsights_sitenote_category":0,"footnotes":""},"class_list":["post-7275","page","type-page","status-publish","hentry"],"_links":{"self":[{"href":"https:\/\/ochu.on.ca\/fr\/wp-json\/wp\/v2\/pages\/7275","targetHints":{"allow":["GET"]}}],"collection":[{"href":"https:\/\/ochu.on.ca\/fr\/wp-json\/wp\/v2\/pages"}],"about":[{"href":"https:\/\/ochu.on.ca\/fr\/wp-json\/wp\/v2\/types\/page"}],"author":[{"embeddable":true,"href":"https:\/\/ochu.on.ca\/fr\/wp-json\/wp\/v2\/users\/2"}],"replies":[{"embeddable":true,"href":"https:\/\/ochu.on.ca\/fr\/wp-json\/wp\/v2\/comments?post=7275"}],"version-history":[{"count":5,"href":"https:\/\/ochu.on.ca\/fr\/wp-json\/wp\/v2\/pages\/7275\/revisions"}],"predecessor-version":[{"id":8375,"href":"https:\/\/ochu.on.ca\/fr\/wp-json\/wp\/v2\/pages\/7275\/revisions\/8375"}],"wp:attachment":[{"href":"https:\/\/ochu.on.ca\/fr\/wp-json\/wp\/v2\/media?parent=7275"}],"curies":[{"name":"wp","href":"https:\/\/api.w.org\/{rel}","templated":true}]}}