{"id":8618,"date":"2025-09-27T10:13:56","date_gmt":"2025-09-27T14:13:56","guid":{"rendered":"https:\/\/ochu.on.ca\/des-assurances-auto-et-habitation-fiables\/"},"modified":"2025-10-07T15:48:59","modified_gmt":"2025-10-07T19:48:59","slug":"des-assurances-auto-et-habitation-fiables","status":"publish","type":"page","link":"https:\/\/ochu.on.ca\/fr\/des-assurances-auto-et-habitation-fiables\/","title":{"rendered":"Des assurances auto et habitation fiables"},"content":{"rendered":"<p>[et_pb_section fb_built=\u00a0\u00bb1&Prime; admin_label=\u00a0\u00bbHeader\u00a0\u00bb _builder_version=\u00a0\u00bb4.23.1&Prime; _module_preset=\u00a0\u00bbdefault\u00a0\u00bb background_color=\u00a0\u00bb#000000&Prime; background_image=\u00a0\u00bbhttps:\/\/ochu.on.ca\/wp-content\/uploads\/2025\/09\/belairdirect-CMYK-B-AI-01-4.png\u00a0\u00bb background_size=\u00a0\u00bbcustom\u00a0\u00bb background_image_width=\u00a0\u00bb55%\u00a0\u00bb background_position=\u00a0\u00bbcenter_right\u00a0\u00bb custom_padding=\u00a0\u00bb100px||100px||true|false\u00a0\u00bb background_last_edited=\u00a0\u00bbon|phone\u00a0\u00bb background_size_tablet=\u00a0\u00bbcover\u00a0\u00bb background_image_width_phone=\u00a0\u00bb90%\u00a0\u00bb background_position_tablet=\u00a0\u00bbcenter\u00a0\u00bb overflow-x_tablet=\u00a0\u00bb\u00a0\u00bb overflow-x_phone=\u00a0\u00bbhidden\u00a0\u00bb overflow-x_last_edited=\u00a0\u00bbon|phone\u00a0\u00bb overflow-y_tablet=\u00a0\u00bb\u00a0\u00bb overflow-y_phone=\u00a0\u00bbhidden\u00a0\u00bb overflow-y_last_edited=\u00a0\u00bbon|phone\u00a0\u00bb collapsed=\u00a0\u00bboff\u00a0\u00bb global_colors_info=\u00a0\u00bb{}\u00a0\u00bb][\/et_pb_section][et_pb_section fb_built=\u00a0\u00bb1&Prime; _builder_version=\u00a0\u00bb4.23&Prime; _module_preset=\u00a0\u00bbdefault\u00a0\u00bb global_colors_info=\u00a0\u00bb{}\u00a0\u00bb][et_pb_row _builder_version=\u00a0\u00bb4.23.1&Prime; _module_preset=\u00a0\u00bbdefault\u00a0\u00bb global_colors_info=\u00a0\u00bb{}\u00a0\u00bb][et_pb_column type=\u00a0\u00bb4_4&Prime; _builder_version=\u00a0\u00bb4.23.1&Prime; _module_preset=\u00a0\u00bbdefault\u00a0\u00bb global_colors_info=\u00a0\u00bb{}\u00a0\u00bb][et_pb_text _builder_version=\u00a0\u00bb4.23.1&Prime; _module_preset=\u00a0\u00bbdefault\u00a0\u00bb global_colors_info=\u00a0\u00bb{}\u00a0\u00bb]<\/p>\n<p style=\"font-weight: 400;\"><strong>Des assurances auto et habitation fiables<\/strong><\/p>\n<p style=\"font-weight: 400;\">Dites bonjour \u00e0 des rabais exclusifs sur vos assurances auto et habitation.<\/p>\n<p style=\"font-weight: 400;\">Vous avez besoin d\u2019une bonne assurance qui peut s\u2019adapter \u00e0 votre emploi du temps. Heureusement, notre partenaire, belairdirect, a ce qu\u2019il vous faut. Le Conseil des syndicats d\u2019h\u00f4pitaux de l\u2019Ontario du SCFP\u00a0et belairdirect font \u00e9quipe pour vous faire profiter d\u2019\u00e9conomies sp\u00e9ciales sur une assurance con\u00e7ue sp\u00e9cifiquement pour nos membres. Vous aurez aussi un acc\u00e8s exclusif \u00e0 une assurance habitation bonifi\u00e9e gr\u00e2ce \u00e0 l\u2019avenant Privil\u00e8ge Groupe, en plus de pouvoir opter pour des avantages exclusifs en assurance auto. Vous b\u00e9n\u00e9ficierez aussi d\u2019une s\u00e9rie d\u2019outils num\u00e9riques pratiques qui faciliteront la gestion de vos assurances et de vos r\u00e9clamations!<\/p>\n<p style=\"font-weight: 400;\">C\u2019est plus qu\u2019une assurance. En choisissant belairdirect, vous appuyez \u00e9galement CSHO-SCFP.<\/p>\n<p style=\"font-weight: 400;\">\u00a0<\/p>\n<p style=\"font-weight: 400;\">Visitez <a href=\"https:\/\/www.belairdirect.com\/fr\/\">belairdirect.com<\/a> ou appelez au 1\u00a0833\u00a0887-4626 et mentionnez le nom de votre groupe.<\/p>\n<p style=\"font-weight: 400;\"><strong>Assurance voyage sans tracas<\/strong><\/p>\n<p style=\"font-weight: 400;\">L\u2019assurance voyage, simplifi\u00e9e.<\/p>\n<p style=\"font-weight: 400;\">Membres de CSHO-SCFP : partez \u00e0 l\u2019aventure autant de fois que vous le voulez avec une assurance voyage annuelle. Gr\u00e2ce aux tarifs de groupe exclusifs de belairdirect, qui sont g\u00e9n\u00e9ralement plus avantageux qu\u2019une assurance pour voyage unique<sup>1<\/sup>, vous pourriez recevoir une couverture annuelle pour les urgences, les perturbations de voyage<sup>2<\/sup>, les bagages perdus et plus encore, le tout dans un seul forfait. Il n\u2019y a aucune restriction li\u00e9e \u00e0 l\u2019\u00e2ge ou \u00e0 l\u2019\u00e9tat de sant\u00e9<sup>3<\/sup>et vous pouvez choisir de payer mensuellement ou annuellement.<\/p>\n<p style=\"font-weight: 400;\">Obtenez le prix de votre assurance voyage en visitant le <a href=\"https:\/\/www.belairdirect.com\/fr\/assurance-groupe\/assurance-groupe-voyage.html\">belairdirect.com\/assurance-groupe\/assurance-groupe-voyage<\/a>ou en t\u00e9l\u00e9phonant au 1\u00a0833\u00a0583-3643 et en mentionnant le nom de votre groupe.<\/p>\n<p style=\"font-weight: 400;\"><strong>Un monde de protection et de commodit\u00e9 vous attend!<\/strong><\/p>\n<p style=\"font-weight: 400;\">Gardez l\u2019esprit tranquille gr\u00e2ce aux protections compl\u00e8tes et aux \u00e9conomies exclusives que vous offre belairdirect. Que vous soyez \u00e0 la maison, sur la route ou \u00e0 l\u2019\u00e9tranger, belairdirect s\u2019assure que vous et vos proches \u00eates bien prot\u00e9g\u00e9s. Avec toutes vos assurances au m\u00eame endroit, \u00eatre prot\u00e9g\u00e9 n\u2019a jamais \u00e9t\u00e9 aussi simple.<\/p>\n<p>[\/et_pb_text][\/et_pb_column][\/et_pb_row][et_pb_row _builder_version=\u00a0\u00bb4.23.1&Prime; _module_preset=\u00a0\u00bbdefault\u00a0\u00bb global_colors_info=\u00a0\u00bb{}\u00a0\u00bb][et_pb_column type=\u00a0\u00bb4_4&Prime; _builder_version=\u00a0\u00bb4.23.1&Prime; _module_preset=\u00a0\u00bbdefault\u00a0\u00bb global_colors_info=\u00a0\u00bb{}\u00a0\u00bb][et_pb_image src=\u00a0\u00bbhttps:\/\/ochu.on.ca\/wp-content\/uploads\/2025\/09\/Untitled-24-x-12-in-29-x-12-in-scaled.png\u00a0\u00bb title_text=\u00a0\u00bbUntitled (24 x 12 in) (29 x 12 in)\u00a0\u00bb _builder_version=\u00a0\u00bb4.23.1&Prime; _module_preset=\u00a0\u00bbdefault\u00a0\u00bb global_colors_info=\u00a0\u00bb{}\u00a0\u00bb][\/et_pb_image][\/et_pb_column][\/et_pb_row][\/et_pb_section]<\/p>\n","protected":false},"excerpt":{"rendered":"<p>Des assurances auto et habitation fiables Dites bonjour \u00e0 des rabais exclusifs sur vos assurances auto et habitation. Vous avez besoin d\u2019une bonne assurance qui peut s\u2019adapter \u00e0 votre emploi [&hellip;]<\/p>\n","protected":false},"author":8,"featured_media":0,"parent":0,"menu_order":0,"comment_status":"closed","ping_status":"closed","template":"","meta":{"_et_pb_use_builder":"on","_et_pb_old_content":"","_et_gb_content_width":"","_monsterinsights_skip_tracking":false,"_monsterinsights_sitenote_active":false,"_monsterinsights_sitenote_note":"","_monsterinsights_sitenote_category":0,"footnotes":""},"class_list":["post-8618","page","type-page","status-publish","hentry"],"_links":{"self":[{"href":"https:\/\/ochu.on.ca\/fr\/wp-json\/wp\/v2\/pages\/8618","targetHints":{"allow":["GET"]}}],"collection":[{"href":"https:\/\/ochu.on.ca\/fr\/wp-json\/wp\/v2\/pages"}],"about":[{"href":"https:\/\/ochu.on.ca\/fr\/wp-json\/wp\/v2\/types\/page"}],"author":[{"embeddable":true,"href":"https:\/\/ochu.on.ca\/fr\/wp-json\/wp\/v2\/users\/8"}],"replies":[{"embeddable":true,"href":"https:\/\/ochu.on.ca\/fr\/wp-json\/wp\/v2\/comments?post=8618"}],"version-history":[{"count":2,"href":"https:\/\/ochu.on.ca\/fr\/wp-json\/wp\/v2\/pages\/8618\/revisions"}],"predecessor-version":[{"id":8620,"href":"https:\/\/ochu.on.ca\/fr\/wp-json\/wp\/v2\/pages\/8618\/revisions\/8620"}],"wp:attachment":[{"href":"https:\/\/ochu.on.ca\/fr\/wp-json\/wp\/v2\/media?parent=8618"}],"curies":[{"name":"wp","href":"https:\/\/api.w.org\/{rel}","templated":true}]}}